{"id":1212,"date":"2019-05-31T12:24:16","date_gmt":"2019-05-31T10:24:16","guid":{"rendered":"http:\/\/www.hakos-astrofarm.com\/de\/?page_id=1212"},"modified":"2025-11-01T07:48:59","modified_gmt":"2025-11-01T05:48:59","slug":"hakos-henning-sternwarte","status":"publish","type":"page","link":"https:\/\/www.hakos-astrofarm.com\/de\/hakos-henning-sternwarte\/","title":{"rendered":"Henning-Sternwarte"},"content":{"rendered":"\n<div class=\"is-layout-flex wp-container-3 wp-block-columns\">\n<div class=\"is-layout-flow wp-block-column\">\n<figure class=\"wp-block-image size-large\"><img fetchpriority=\"high\" decoding=\"async\" width=\"1024\" height=\"614\" src=\"https:\/\/www.hakos-astrofarm.com\/de\/wp-content\/uploads\/2024\/02\/Henning-Sternwarte-a-e1709102507465-1024x614.jpg\" alt=\"\" class=\"wp-image-3261\" srcset=\"https:\/\/www.hakos-astrofarm.com\/de\/wp-content\/uploads\/2024\/02\/Henning-Sternwarte-a-e1709102507465-1024x614.jpg 1024w, https:\/\/www.hakos-astrofarm.com\/de\/wp-content\/uploads\/2024\/02\/Henning-Sternwarte-a-e1709102507465-300x180.jpg 300w, https:\/\/www.hakos-astrofarm.com\/de\/wp-content\/uploads\/2024\/02\/Henning-Sternwarte-a-e1709102507465-768x461.jpg 768w, https:\/\/www.hakos-astrofarm.com\/de\/wp-content\/uploads\/2024\/02\/Henning-Sternwarte-a-e1709102507465-1536x922.jpg 1536w, https:\/\/www.hakos-astrofarm.com\/de\/wp-content\/uploads\/2024\/02\/Henning-Sternwarte-a-e1709102507465.jpg 2000w\" sizes=\"(max-width: 1024px) 100vw, 1024px\" \/><\/figure>\n<\/div>\n\n\n\n<div class=\"is-layout-flow wp-block-column\">\n<figure class=\"wp-block-image size-large\"><img decoding=\"async\" width=\"1024\" height=\"614\" src=\"https:\/\/www.hakos-astrofarm.com\/de\/wp-content\/uploads\/2024\/02\/Henning-Sternwarte-b-e1709102720660-1024x614.jpg\" alt=\"\" class=\"wp-image-3262\" srcset=\"https:\/\/www.hakos-astrofarm.com\/de\/wp-content\/uploads\/2024\/02\/Henning-Sternwarte-b-e1709102720660-1024x614.jpg 1024w, https:\/\/www.hakos-astrofarm.com\/de\/wp-content\/uploads\/2024\/02\/Henning-Sternwarte-b-e1709102720660-300x180.jpg 300w, https:\/\/www.hakos-astrofarm.com\/de\/wp-content\/uploads\/2024\/02\/Henning-Sternwarte-b-e1709102720660-768x461.jpg 768w, https:\/\/www.hakos-astrofarm.com\/de\/wp-content\/uploads\/2024\/02\/Henning-Sternwarte-b-e1709102720660-1536x922.jpg 1536w, https:\/\/www.hakos-astrofarm.com\/de\/wp-content\/uploads\/2024\/02\/Henning-Sternwarte-b-e1709102720660.jpg 2000w\" sizes=\"(max-width: 1024px) 100vw, 1024px\" \/><\/figure>\n<\/div>\n<\/div>\n\n\n<p>Die Planung, die Konstruktion und der anschlie\u00dfende Bau dieser Sternwarte war ein Gemeinschaftsprojekt von <a style=\"pointer-events: none;\" href=\"http:\/\/www.hakos-astrofarm.com\/de\/farm-geschichte\/\">Walter Straube<\/a>, und Hans-Henning Herder, einem langj\u00e4hrigen Freund des Hauses.&nbsp; Seit 2007 ist die Sternwarte in Betrieb.&nbsp; Ihr Standort bietet eine gute Rundumsicht.&nbsp; Die au\u00dfergew\u00f6hnliche Dachkonstruktion bietet optimale Arbeitsbedingungen.&nbsp; Wie auf dem Bild zu sehen, f\u00e4hrt das Dach auf einer Schr\u00e4ge nach unten ab, und gibt so die Sicht auf den Horizont frei.&nbsp; Beim Schlie\u00dfen des Rolldachs hilft eine ausgekl\u00fcgelte Gegengewichtskonstruktion, die hierf\u00fcr notwendige Kraft zu begrenzen.&nbsp; Der Antrieb erfolgt elektrisch, im Notfall kann das Dach aber auch von Hand bedient werden.&nbsp; Die Sternwarte ist zweist\u00f6ckig aufgebaut, mit einem Stauraum f\u00fcr Transportkisten im Erdgeschoss.&nbsp; Eine Treppe f\u00fchrt auf die eigentliche Beobachtungsplattform.&nbsp; Zwei massive Betons\u00e4ulen auf eigenen Fundamenten verhindern, dass sich Schwingungen des Geb\u00e4udes auf die Instrumente \u00fcbertragen.&nbsp; Zur weiteren Ausstattung geh\u00f6ren f\u00fcr jede der beiden S\u00e4ulen getrennte Stromversorgungen f\u00fcr 12V und 230V sowie fest installierte dimmbare Rotlichtlampen.<\/p>\n<p>Auf der ersten S\u00e4ule befindet sich eine GM2000 Montierung von 10Micron. Diese GoTo Montierung ist in beiden Achsen mit Absolutencodern ausgestattet und hat einen Autoguider Anschluss.<br>Instrumente werden mit einer Losmandy 3\u2033 Schiene von Baader montiert. Die Ansteuerung kann entweder \u00fcber die Handbox, \u00fcber Ethernet oder die RS-232 Schnittstelle erfolgen.<br>Es k\u00f6nnen Ger\u00e4te bis 50kg montiert werden, entsprechende Gegengewichte (4x 12kg und 1x 6kg) sind vorhanden.<\/p>\n\n\n<div class=\"is-layout-flex wp-container-6 wp-block-columns\">\n<div class=\"is-layout-flow wp-block-column\">\n<figure class=\"wp-block-image size-large\"><img decoding=\"async\" width=\"1024\" height=\"682\" src=\"https:\/\/www.hakos-astrofarm.com\/de\/wp-content\/uploads\/2024\/02\/GM2000-1-1024x682.jpg\" alt=\"\" class=\"wp-image-3253\" srcset=\"https:\/\/www.hakos-astrofarm.com\/de\/wp-content\/uploads\/2024\/02\/GM2000-1-1024x682.jpg 1024w, https:\/\/www.hakos-astrofarm.com\/de\/wp-content\/uploads\/2024\/02\/GM2000-1-300x200.jpg 300w, https:\/\/www.hakos-astrofarm.com\/de\/wp-content\/uploads\/2024\/02\/GM2000-1-768x512.jpg 768w, https:\/\/www.hakos-astrofarm.com\/de\/wp-content\/uploads\/2024\/02\/GM2000-1-1536x1024.jpg 1536w, https:\/\/www.hakos-astrofarm.com\/de\/wp-content\/uploads\/2024\/02\/GM2000-1.jpg 2000w\" sizes=\"(max-width: 1024px) 100vw, 1024px\" \/><figcaption class=\"wp-element-caption\">10Micron GM2000<\/figcaption><\/figure>\n<\/div>\n\n\n\n<div class=\"is-layout-flow wp-block-column\">\n<figure class=\"wp-block-image size-large\"><img loading=\"lazy\" decoding=\"async\" width=\"1024\" height=\"682\" src=\"https:\/\/www.hakos-astrofarm.com\/de\/wp-content\/uploads\/2024\/02\/GM2000-2-1024x682.jpg\" alt=\"\" class=\"wp-image-3254\" srcset=\"https:\/\/www.hakos-astrofarm.com\/de\/wp-content\/uploads\/2024\/02\/GM2000-2-1024x682.jpg 1024w, https:\/\/www.hakos-astrofarm.com\/de\/wp-content\/uploads\/2024\/02\/GM2000-2-300x200.jpg 300w, https:\/\/www.hakos-astrofarm.com\/de\/wp-content\/uploads\/2024\/02\/GM2000-2-768x512.jpg 768w, https:\/\/www.hakos-astrofarm.com\/de\/wp-content\/uploads\/2024\/02\/GM2000-2-1536x1024.jpg 1536w, https:\/\/www.hakos-astrofarm.com\/de\/wp-content\/uploads\/2024\/02\/GM2000-2.jpg 2000w\" sizes=\"(max-width: 1024px) 100vw, 1024px\" \/><figcaption class=\"wp-element-caption\">10Micron GM2000<\/figcaption><\/figure>\n<\/div>\n<\/div>\n\n\n<p>Die Montierung kann wahlweise mit einem der drei folgenden Teleskope ausgestattet werden:<br>8&#8243;&nbsp; &nbsp;f\/4 Carbo Newton von Teleskop Service mit 2&#8243; Baader OAZ<br>12&#8243; f\/4 Carbo Newton von Orion UK mit 2&#8243; Baader OAZ&nbsp;<br>10&#8243; f\/8 Ritchey-Chretien von GSO mit Metalltubus und 3&#8243; MONORAIL Auszug <br>F\u00fcr die beiden Newtons steht ein Vollformat-Komakorrektor (GPU von Teleskop Service) zur Verf\u00fcgung.<\/p>\n\n\n<div class=\"is-layout-flex wp-container-10 wp-block-columns\">\n<div class=\"is-layout-flow wp-block-column\">\n<figure class=\"wp-block-image size-large\"><img loading=\"lazy\" decoding=\"async\" width=\"1024\" height=\"818\" src=\"https:\/\/www.hakos-astrofarm.com\/de\/wp-content\/uploads\/2024\/02\/CN-8-Inch-scaled-e1709109117657-1024x818.jpg\" alt=\"\" class=\"wp-image-3271\" srcset=\"https:\/\/www.hakos-astrofarm.com\/de\/wp-content\/uploads\/2024\/02\/CN-8-Inch-scaled-e1709109117657-1024x818.jpg 1024w, https:\/\/www.hakos-astrofarm.com\/de\/wp-content\/uploads\/2024\/02\/CN-8-Inch-scaled-e1709109117657-300x240.jpg 300w, https:\/\/www.hakos-astrofarm.com\/de\/wp-content\/uploads\/2024\/02\/CN-8-Inch-scaled-e1709109117657-768x613.jpg 768w, https:\/\/www.hakos-astrofarm.com\/de\/wp-content\/uploads\/2024\/02\/CN-8-Inch-scaled-e1709109117657-1536x1227.jpg 1536w, https:\/\/www.hakos-astrofarm.com\/de\/wp-content\/uploads\/2024\/02\/CN-8-Inch-scaled-e1709109117657.jpg 2003w\" sizes=\"(max-width: 1024px) 100vw, 1024px\" \/><figcaption class=\"wp-element-caption\">8&#8243; Carbon Newton f\/4<\/figcaption><\/figure>\n<\/div>\n\n\n\n<div class=\"is-layout-flow wp-block-column\">\n<figure class=\"wp-block-image size-large\"><img loading=\"lazy\" decoding=\"async\" width=\"1024\" height=\"818\" src=\"https:\/\/www.hakos-astrofarm.com\/de\/wp-content\/uploads\/2024\/02\/CN-12-inch-scaled-e1709116279277-1024x818.jpg\" alt=\"\" class=\"wp-image-3312\" srcset=\"https:\/\/www.hakos-astrofarm.com\/de\/wp-content\/uploads\/2024\/02\/CN-12-inch-scaled-e1709116279277-1024x818.jpg 1024w, https:\/\/www.hakos-astrofarm.com\/de\/wp-content\/uploads\/2024\/02\/CN-12-inch-scaled-e1709116279277-300x240.jpg 300w, https:\/\/www.hakos-astrofarm.com\/de\/wp-content\/uploads\/2024\/02\/CN-12-inch-scaled-e1709116279277-768x613.jpg 768w, https:\/\/www.hakos-astrofarm.com\/de\/wp-content\/uploads\/2024\/02\/CN-12-inch-scaled-e1709116279277-1536x1227.jpg 1536w, https:\/\/www.hakos-astrofarm.com\/de\/wp-content\/uploads\/2024\/02\/CN-12-inch-scaled-e1709116279277.jpg 2003w\" sizes=\"(max-width: 1024px) 100vw, 1024px\" \/><figcaption class=\"wp-element-caption\">12&#8243; Carbon Newton f\/4<\/figcaption><\/figure>\n<\/div>\n\n\n\n<div class=\"is-layout-flow wp-block-column\">\n<figure class=\"wp-block-image size-large\"><img loading=\"lazy\" decoding=\"async\" width=\"1024\" height=\"821\" src=\"https:\/\/www.hakos-astrofarm.com\/de\/wp-content\/uploads\/2024\/02\/RC-10-inch-e1709109184520-1024x821.jpg\" alt=\"\" class=\"wp-image-3272\" srcset=\"https:\/\/www.hakos-astrofarm.com\/de\/wp-content\/uploads\/2024\/02\/RC-10-inch-e1709109184520-1024x821.jpg 1024w, https:\/\/www.hakos-astrofarm.com\/de\/wp-content\/uploads\/2024\/02\/RC-10-inch-e1709109184520-300x241.jpg 300w, https:\/\/www.hakos-astrofarm.com\/de\/wp-content\/uploads\/2024\/02\/RC-10-inch-e1709109184520-768x616.jpg 768w, https:\/\/www.hakos-astrofarm.com\/de\/wp-content\/uploads\/2024\/02\/RC-10-inch-e1709109184520-1536x1232.jpg 1536w, https:\/\/www.hakos-astrofarm.com\/de\/wp-content\/uploads\/2024\/02\/RC-10-inch-e1709109184520.jpg 1998w\" sizes=\"(max-width: 1024px) 100vw, 1024px\" \/><figcaption class=\"wp-element-caption\">10&#8243; Ritchey-Chretien f\/8<\/figcaption><\/figure>\n<\/div>\n<\/div>\n\n\n<p><em><strong>Aktueller Mietpreis pro Nacht: N$ 1500,00<\/strong> \u00a0<\/em>(beinhaltet die Sternwarte, die GM2000 Montierung und eines der 3 Teleskope)<em><br \/><\/em>Minimum Mietdauer 3 N\u00e4chte<\/p>\n<p>Bitte beachten Sie auch unsere <a style=\"pointer-events: none;\" href=\"http:\/\/www.hakos-astrofarm.com\/de\/hinweise\/\"><b>allgemeinen Hinweise<\/b><\/a> f\u00fcr Amateurastronomen.<\/p>","protected":false},"excerpt":{"rendered":"<p>Die Planung, die Konstruktion und der anschlie\u00dfende Bau dieser Sternwarte war ein Gemeinschaftsprojekt von Walter Straube, und Hans-Henning Herder, einem langj\u00e4hrigen Freund des Hauses.&nbsp; Seit 2007 ist die Sternwarte in Betrieb.&nbsp; Ihr Standort bietet&#46;&#46;&#46;<\/p>\n","protected":false},"author":1,"featured_media":0,"parent":0,"menu_order":0,"comment_status":"closed","ping_status":"closed","template":"","meta":{"jetpack_post_was_ever_published":false},"aioseo_notices":[],"jetpack_sharing_enabled":true,"jetpack_shortlink":"https:\/\/wp.me\/PapiHE-jy","_links":{"self":[{"href":"https:\/\/www.hakos-astrofarm.com\/de\/wp-json\/wp\/v2\/pages\/1212"}],"collection":[{"href":"https:\/\/www.hakos-astrofarm.com\/de\/wp-json\/wp\/v2\/pages"}],"about":[{"href":"https:\/\/www.hakos-astrofarm.com\/de\/wp-json\/wp\/v2\/types\/page"}],"author":[{"embeddable":true,"href":"https:\/\/www.hakos-astrofarm.com\/de\/wp-json\/wp\/v2\/users\/1"}],"replies":[{"embeddable":true,"href":"https:\/\/www.hakos-astrofarm.com\/de\/wp-json\/wp\/v2\/comments?post=1212"}],"version-history":[{"count":30,"href":"https:\/\/www.hakos-astrofarm.com\/de\/wp-json\/wp\/v2\/pages\/1212\/revisions"}],"predecessor-version":[{"id":4048,"href":"https:\/\/www.hakos-astrofarm.com\/de\/wp-json\/wp\/v2\/pages\/1212\/revisions\/4048"}],"wp:attachment":[{"href":"https:\/\/www.hakos-astrofarm.com\/de\/wp-json\/wp\/v2\/media?parent=1212"}],"curies":[{"name":"wp","href":"https:\/\/api.w.org\/{rel}","templated":true}]}}