{"id":1218,"date":"2019-05-31T12:46:33","date_gmt":"2019-05-31T10:46:33","guid":{"rendered":"http:\/\/www.hakos-astrofarm.com\/de\/?page_id=1218"},"modified":"2024-11-01T11:51:20","modified_gmt":"2024-11-01T09:51:20","slug":"felsen-sternwarte","status":"publish","type":"page","link":"https:\/\/www.hakos-astrofarm.com\/de\/felsen-sternwarte\/","title":{"rendered":"Felsen-Sternwarte"},"content":{"rendered":"\t\t<div data-elementor-type=\"wp-page\" data-elementor-id=\"1218\" class=\"elementor elementor-1218\">\n\t\t\t\t\t\t<section class=\"elementor-section elementor-top-section elementor-element elementor-element-dd904b0 elementor-section-full_width elementor-section-height-default elementor-section-height-default\" data-id=\"dd904b0\" data-element_type=\"section\">\n\t\t\t\t\t\t<div class=\"elementor-container elementor-column-gap-default\">\n\t\t\t\t\t<div class=\"elementor-column elementor-col-33 elementor-top-column elementor-element elementor-element-9bdb6b4\" data-id=\"9bdb6b4\" data-element_type=\"column\">\n\t\t\t<div class=\"elementor-widget-wrap elementor-element-populated\">\n\t\t\t\t\t\t<div class=\"elementor-element elementor-element-490d793 elementor-widget elementor-widget-image\" data-id=\"490d793\" data-element_type=\"widget\" data-widget_type=\"image.default\">\n\t\t\t\t<div class=\"elementor-widget-container\">\n\t\t\t\t\t\t\t\t\t\t\t\t\t<img decoding=\"async\" src=\"https:\/\/www.hakos-astrofarm.com\/de\/wp-content\/uploads\/elementor\/thumbs\/Felsensternwarte-oep0ji1kb5wqxscbjue8y4za4jcdw3w3aw86yn65fk.jpg\" title=\"@Felsensternwarte\" alt=\"@Felsensternwarte\" loading=\"lazy\" \/>\t\t\t\t\t\t\t\t\t\t\t\t\t<\/div>\n\t\t\t\t<\/div>\n\t\t\t\t\t<\/div>\n\t\t<\/div>\n\t\t\t\t<div class=\"elementor-column elementor-col-33 elementor-top-column elementor-element elementor-element-02392de\" data-id=\"02392de\" data-element_type=\"column\">\n\t\t\t<div class=\"elementor-widget-wrap elementor-element-populated\">\n\t\t\t\t\t\t<div class=\"elementor-element elementor-element-25eee52 elementor-widget elementor-widget-image\" data-id=\"25eee52\" data-element_type=\"widget\" data-widget_type=\"image.default\">\n\t\t\t\t<div class=\"elementor-widget-container\">\n\t\t\t\t\t\t\t\t\t\t\t\t\t<img decoding=\"async\" src=\"https:\/\/www.hakos-astrofarm.com\/de\/wp-content\/uploads\/elementor\/thumbs\/Celestron-CGE-Felsen-oep0ji1kb5wqxscbjue8y4za4jcdw3w3aw86yn65fk.jpg\" title=\"@Felsensternwarte Celestron-CGE\" alt=\"@Felsensternwarte Celestron-CGE\" loading=\"lazy\" \/>\t\t\t\t\t\t\t\t\t\t\t\t\t<\/div>\n\t\t\t\t<\/div>\n\t\t\t\t\t<\/div>\n\t\t<\/div>\n\t\t\t\t<div class=\"elementor-column elementor-col-33 elementor-top-column elementor-element elementor-element-cbc0461\" data-id=\"cbc0461\" data-element_type=\"column\">\n\t\t\t<div class=\"elementor-widget-wrap elementor-element-populated\">\n\t\t\t\t\t\t<div class=\"elementor-element elementor-element-1828f6a elementor-widget elementor-widget-image\" data-id=\"1828f6a\" data-element_type=\"widget\" data-widget_type=\"image.default\">\n\t\t\t\t<div class=\"elementor-widget-container\">\n\t\t\t\t\t\t\t\t\t\t\t\t\t<img decoding=\"async\" src=\"https:\/\/www.hakos-astrofarm.com\/de\/wp-content\/uploads\/elementor\/thumbs\/Felsensternwarte-2-oep0ji1kb5wqxscbjue8y4za4jcdw3w3aw86yn65fk.jpg\" title=\"@Felsensternwarte\" alt=\"@Felsensternwarte\" loading=\"lazy\" \/>\t\t\t\t\t\t\t\t\t\t\t\t\t<\/div>\n\t\t\t\t<\/div>\n\t\t\t\t\t<\/div>\n\t\t<\/div>\n\t\t\t\t\t<\/div>\n\t\t<\/section>\n\t\t\t\t<section class=\"elementor-section elementor-top-section elementor-element elementor-element-1bb4bf79 elementor-section-full_width elementor-section-height-default elementor-section-height-default\" data-id=\"1bb4bf79\" data-element_type=\"section\">\n\t\t\t\t\t\t<div class=\"elementor-container elementor-column-gap-default\">\n\t\t\t\t\t<div class=\"elementor-column elementor-col-100 elementor-top-column elementor-element elementor-element-92cb4df\" data-id=\"92cb4df\" data-element_type=\"column\">\n\t\t\t<div class=\"elementor-widget-wrap elementor-element-populated\">\n\t\t\t\t\t\t<div class=\"elementor-element elementor-element-3b4ada06 elementor-widget elementor-widget-text-editor\" data-id=\"3b4ada06\" data-element_type=\"widget\" data-widget_type=\"text-editor.default\">\n\t\t\t\t<div class=\"elementor-widget-container\">\n\t\t\t\t\t\t\t<p><!-- wp:tadv\/classic-paragraph --><\/p>\n<p>Die Felsen-Sternwarte liegt in unmittelbarer N\u00e4he zum Farmhaus und bildet den \u00f6stlichen Teil einer Doppelsternwarte mit einem kleinen Arbeitsraum zwischen den beiden Beobachtungsr\u00e4umen.\u00a0 Jeder Beobachtungsraum hat ein eigenes abfahrbares Dach (von Hand zu schieben).\u00a0 Der westliche Beobachtungsraum wird von Mitgliedern der WAA (Wiener Arbeitskreis f\u00fcr Astronomie) genutzt.<\/p>\n<p>Auf der S\u00e4ule befindet sich eine Celestron CGE-Montierung, ein etwas kleineres Model der CGEpro.<\/p>\n<p>Stromversorgung:\u00a0 230V und 12V (\u00fcber Netzteil) sind vorhanden.<\/p>\n<p>Die Montierung hat eine Klemme f\u00fcr die 3\u201c Losmandy Schiene.\u00a0 Hier k\u00f6nnen Sie gerne ihr eigenes Ger\u00e4t aufsetzen oder eines unserer Ger\u00e4te mieten, zum Beispiel das Celestron 11 oder den Skywatcher Espri100ED Refraktor.\u00a0 Alle Teleskope finden Sie in der Rubrik <a href=\"http:\/\/www.hakos-astrofarm.com\/de\/geraete\/\">Ger\u00e4te<\/a>.<\/p>\n<p><em><strong>Aktueller Mietpreis pro Nacht: N$ 688,00<\/strong><\/em><em><br \/><\/em>Minimum Mietdauer 3 N\u00e4chte<\/p>\n<p>Bitte beachten Sie auch unsere <a href=\"http:\/\/www.hakos-astrofarm.com\/de\/hinweise\/\"><b>allgemeinen Hinweise<\/b><\/a> f\u00fcr Amateurastronomen.<\/p>\n<p><!-- \/wp:tadv\/classic-paragraph --><\/p>\t\t\t\t\t\t<\/div>\n\t\t\t\t<\/div>\n\t\t\t\t\t<\/div>\n\t\t<\/div>\n\t\t\t\t\t<\/div>\n\t\t<\/section>\n\t\t\t\t<\/div>\n\t\t","protected":false},"excerpt":{"rendered":"<p>Die Felsen-Sternwarte liegt in unmittelbarer N\u00e4he zum Farmhaus und bildet den \u00f6stlichen Teil einer Doppelsternwarte mit einem kleinen Arbeitsraum zwischen den beiden Beobachtungsr\u00e4umen.\u00a0 Jeder Beobachtungsraum hat ein eigenes abfahrbares Dach (von Hand zu schieben).\u00a0&#46;&#46;&#46;<\/p>\n","protected":false},"author":1,"featured_media":0,"parent":0,"menu_order":0,"comment_status":"closed","ping_status":"closed","template":"","meta":{"jetpack_post_was_ever_published":false},"aioseo_notices":[],"jetpack_sharing_enabled":true,"jetpack_shortlink":"https:\/\/wp.me\/PapiHE-jE","_links":{"self":[{"href":"https:\/\/www.hakos-astrofarm.com\/de\/wp-json\/wp\/v2\/pages\/1218"}],"collection":[{"href":"https:\/\/www.hakos-astrofarm.com\/de\/wp-json\/wp\/v2\/pages"}],"about":[{"href":"https:\/\/www.hakos-astrofarm.com\/de\/wp-json\/wp\/v2\/types\/page"}],"author":[{"embeddable":true,"href":"https:\/\/www.hakos-astrofarm.com\/de\/wp-json\/wp\/v2\/users\/1"}],"replies":[{"embeddable":true,"href":"https:\/\/www.hakos-astrofarm.com\/de\/wp-json\/wp\/v2\/comments?post=1218"}],"version-history":[{"count":34,"href":"https:\/\/www.hakos-astrofarm.com\/de\/wp-json\/wp\/v2\/pages\/1218\/revisions"}],"predecessor-version":[{"id":3696,"href":"https:\/\/www.hakos-astrofarm.com\/de\/wp-json\/wp\/v2\/pages\/1218\/revisions\/3696"}],"wp:attachment":[{"href":"https:\/\/www.hakos-astrofarm.com\/de\/wp-json\/wp\/v2\/media?parent=1218"}],"curies":[{"name":"wp","href":"https:\/\/api.w.org\/{rel}","templated":true}]}}