{"id":1601,"date":"2019-08-05T13:06:55","date_gmt":"2019-08-05T11:06:55","guid":{"rendered":"http:\/\/www.hakos-astrofarm.com\/de\/?page_id=1601"},"modified":"2019-08-07T22:50:17","modified_gmt":"2019-08-07T20:50:17","slug":"suw-besuch-auf-hohenheim","status":"publish","type":"page","link":"https:\/\/www.hakos-astrofarm.com\/de\/suw-besuch-auf-hohenheim\/","title":{"rendered":"SuW Besuch auf Hohenheim"},"content":{"rendered":"<p>&#8222;Sterne und Weltraum-Besuch&#8220; bei Walter Straube auf der Sternwarte Hohenheim<\/p>\n<p>Rainer Gori\u00dfen und Markus Wollgarten<\/p>\n<p>Sterne und Weltraum 28 [3\/1989] S. 182-183<\/p>\n<p>Die Milchstra\u00dfe durch ein achtfaches Neutralfilter sehen, das aschgraue Mondlicht schon beim Aufgehen und Venus mit blo\u00dfem Auge beobachten, wenn die Sonne fast im Zenit steht, das sind Beobachtungen, die in Deutschland unm\u00f6glich sind.<\/p>\n<div id=\"attachment_1716\" style=\"width: 555px\" class=\"wp-caption alignnone\"><img aria-describedby=\"caption-attachment-1716\" fetchpriority=\"high\" decoding=\"async\" class=\"size-full wp-image-1716\" src=\"http:\/\/www.hakos-astrofarm.com\/de\/wp-content\/uploads\/2019\/08\/suw_besuch_1.jpg\" alt=\"\" width=\"545\" height=\"356\" srcset=\"https:\/\/www.hakos-astrofarm.com\/de\/wp-content\/uploads\/2019\/08\/suw_besuch_1.jpg 545w, https:\/\/www.hakos-astrofarm.com\/de\/wp-content\/uploads\/2019\/08\/suw_besuch_1-300x196.jpg 300w\" sizes=\"(max-width: 545px) 100vw, 545px\" \/><p id=\"caption-attachment-1716\" class=\"wp-caption-text\">Abb. 1: Der Ausblick des Ost-Horizontes am Morgen des 16. M\u00e4rz 1988. \u00dcber See und Windrad der Farm<br \/>ist die enge Mond-Merkur-Konjunktion zu sehen<\/p><\/div>\n<div id=\"attachment_1717\" style=\"width: 284px\" class=\"wp-caption alignnone\"><img aria-describedby=\"caption-attachment-1717\" decoding=\"async\" class=\"size-full wp-image-1717\" src=\"http:\/\/www.hakos-astrofarm.com\/de\/wp-content\/uploads\/2019\/08\/suw_besuch_2.jpg\" alt=\"\" width=\"274\" height=\"176\" \/><p id=\"caption-attachment-1717\" class=\"wp-caption-text\">Abb. 2: Ein Blick auf die Beobachtungsplattform mit dem C8<\/p><\/div>\n<p>Um den eher m\u00e4\u00dfigen Beobachtungsbedingungen unserer Breiten zu entfliehen, sind wir, das sind Frank Thielen, Rainer Gori\u00dfen und Markus Wollgarten, Mitte M\u00e4rz letzten Jahres nach S\u00fcdwestafrika geflogen.<\/p>\n<p>Dort liegt etwa 100 km in s\u00fcdwestlicher Richtung von der Hauptstadt Windhoek entfernt die Farm Hohenheim. Eigent\u00fcmer des etwa 10000 ha gro\u00dfen Farmlandes ist Walter Straube, der hier Viehzucht betreibt. Die Farm bietet mancherlei Vorz\u00fcge. Einer liegt darin, da\u00df man dort Zimmer mieten kann. Ein weiterer, aber nicht zu untersch\u00e4tzender Vorzug ist die dort befindliche Sternwarte. Diese wurde Anfang der siebziger Jahre durch Herrn Dr. Vehrenberg und Herrn Straube gegr\u00fcndet. Dazu wurde ein bereits bestehender Turm mit einem Schiebedach und einem fest montierten achtz\u00f6lligen Schmidt-Cassegrain-Teleskop einer bekannten amerikanischen Firma ausgestattet. Das Teleskop mitsamt dem Zubeh\u00f6r wurden von Herrn Dr. Vehrenberg zur Verf\u00fcgung gestellt.<\/p>\n<div id=\"attachment_1722\" style=\"width: 284px\" class=\"wp-caption alignnone\"><img aria-describedby=\"caption-attachment-1722\" decoding=\"async\" class=\"size-full wp-image-1722\" src=\"http:\/\/www.hakos-astrofarm.com\/de\/wp-content\/uploads\/2019\/08\/suw_besuch_7.jpg\" alt=\"\" width=\"274\" height=\"353\" srcset=\"https:\/\/www.hakos-astrofarm.com\/de\/wp-content\/uploads\/2019\/08\/suw_besuch_7.jpg 274w, https:\/\/www.hakos-astrofarm.com\/de\/wp-content\/uploads\/2019\/08\/suw_besuch_7-233x300.jpg 233w\" sizes=\"(max-width: 274px) 100vw, 274px\" \/><p id=\"caption-attachment-1722\" class=\"wp-caption-text\">Abb. 7: Der Beobachtungsturm auf der Farm Hohenheim<\/p><\/div>\n<p>Allerdings das Beste, was diese Sternwarte zu bieten hat, sind die dortigen Beobachtungsbedingungen. Die Gegend ist so d\u00fcnn besiedelt, da\u00df &#8222;Lichtverschmutzung&#8220; hier im Fremdw\u00f6rterlexikon stehen sollte. Dazu kommen eine H\u00f6he von 1780 Meter \u00fc,N.N. und eine \u00e4u\u00dferst geringe Luftfeuchtigkeit.<\/p>\n<p>Das alles f\u00fchrt dazu, da\u00df man bereits mit blo\u00dfem Auge einzigartige Beobachtungen machen kann. Der Auf- und Untergang der Sterne wirkt wie das Ein- und Ausschalten von Taschenlampen: Horizontdunst gibt es praktisch nicht. Deshalb ist es m\u00f6glich, einen vollst\u00e4ndigen Mondaufgang zu verfolgen.<\/p>\n<p>Zun\u00e4chst geht der sonnenabgewandte Teil mit den vom Erdlicht beleuchteten Maria auf. Dann folgen die Sichelspitzen und schlie\u00dflich ist der Mond ganz zu sehen. Da\u00df am Morgen des 16. M\u00e4rz Merkur gleich daneben stand, erh\u00f6hte nat\u00fcrlich den Beobachtungsgenu\u00df.<\/p>\n<p>Die Sterne, insbesondere die Milchstra\u00dfe, werfen Schatten, von Venus ganz zu schweigen. Wem das nicht reicht, der nehme einen Feldstecher und durchforste den Himmel nach Sternhaufen und Nebeln.<\/p>\n<p>Besonders eindrucksvoll ist schlie\u00dflich der Blick durch das Teleskop. Omega Centauri, der gr\u00f6\u00dfte und hellste Kugelsternhaufen am gesamten Himmel, erscheint bis ins Zentrum aufgel\u00f6st und erinnert an die Aufnahmen bekannter Observatorien. Wasserstoffgebiete, wie die Gasnebel im Orion oder Eta Carinae, sind bis in schwache Ausl\u00e4ufer zu verfolgen. Die Liste l\u00e4\u00dft sich beliebig lange fortsetzen. Der Himmel, der sich dem Astrophotographen hier erschlie\u00dft, ist nach diesen Beschreibungen wohl gut zu erahnen. Bei langen Belichtungszeiten bis in Horizontn\u00e4he ist aber Vorsicht geboten: Durch die Refraktion werden die Sterne am Bildrand zu Strichen verzogen. Dieses Problem gibt es in unseren Breiten ja (leider) nicht.<\/p>\n<div id=\"attachment_1723\" style=\"width: 284px\" class=\"wp-caption alignnone\"><img aria-describedby=\"caption-attachment-1723\" loading=\"lazy\" decoding=\"async\" class=\"size-full wp-image-1723\" src=\"http:\/\/www.hakos-astrofarm.com\/de\/wp-content\/uploads\/2019\/08\/suw_besuch_8.jpg\" alt=\"\" width=\"274\" height=\"181\" \/><p id=\"caption-attachment-1723\" class=\"wp-caption-text\">Abb. 8: Mond und Merkur. Aufgenommen mit dem C8 fokal (2000 mm). 10 Sekunden auf Fujichrome 100 am Morgen des 16. M\u00e4rz 1988<\/p><\/div>\n<div id=\"attachment_1715\" style=\"width: 284px\" class=\"wp-caption alignnone\"><img aria-describedby=\"caption-attachment-1715\" loading=\"lazy\" decoding=\"async\" class=\"size-full wp-image-1715\" src=\"http:\/\/www.hakos-astrofarm.com\/de\/wp-content\/uploads\/2019\/08\/suw_besuch_9.jpg\" alt=\"\" width=\"274\" height=\"180\" \/><p id=\"caption-attachment-1715\" class=\"wp-caption-text\">Abb. 9: Vor jeder Beobachtungsnacht mu\u00df man sich nat\u00fcrlich st\u00e4rken. V.l.n.r.: Richard Vermeulen, Markus Wollgarten, Rainer Gori\u00dfen, Walter Straube und Frank Thielen<\/p><\/div>\n<p>Erfreulicherweise ist die Ausstattung des Teleskopes mit Zubeh\u00f6r so umfangreich, da\u00df praktisch nur die Kameras mitgebracht werden m\u00fcssen. Unterhalb der eigentlichen Beobachtungsplattform befinden sich noch weitere R\u00e4ume. Einer davon l\u00e4\u00dft sich ohne Schwierigkeiten in eine Dunkelkammer verwandeln. Ger\u00e4te zur Filmverarbeitung und die n\u00f6tigen Chemikalien mu\u00df man allerdings selbst mitbringen.<\/p>\n<p>Auch am Tage braucht man nicht unt\u00e4tig zu sein, sondern kann sich einen Spa\u00df daraus machen, helle Objekte am Himmel zu suchen. Venus ist selbst zur Mittagszeit mit blo\u00dfem Auge sichtbar. Bei Jupiter erkennt man im Teleskop die \u00c4quatorb\u00e4nder, aber auch Merkur und einige helle Sterne sind ebenfalls gut im Teleskop zu sehen.<\/p>\n<p>W\u00e4hrend unseres Aufenthaltes ging gerade die Regenzeit zu Ende. Deshalb gab es auch schon mal ein paar bew\u00f6lkte N\u00e4chte. Das hat aber auch seine Vorteile, denn dann kann man vermi\u00dften Schlaf nachholen oder die wundersch\u00f6ne Umgebung erkunden.<\/p>\n<p>Ja, und wer dies alles nicht glaubt, fliege hin und \u00fcberzeuge sich selbst!<\/p>\n<div id=\"attachment_1718\" style=\"width: 360px\" class=\"wp-caption alignnone\"><img aria-describedby=\"caption-attachment-1718\" loading=\"lazy\" decoding=\"async\" class=\"size-full wp-image-1718\" src=\"http:\/\/www.hakos-astrofarm.com\/de\/wp-content\/uploads\/2019\/08\/suw_besuch_3.jpg\" alt=\"\" width=\"350\" height=\"228\" srcset=\"https:\/\/www.hakos-astrofarm.com\/de\/wp-content\/uploads\/2019\/08\/suw_besuch_3.jpg 350w, https:\/\/www.hakos-astrofarm.com\/de\/wp-content\/uploads\/2019\/08\/suw_besuch_3-300x195.jpg 300w\" sizes=\"(max-width: 350px) 100vw, 350px\" \/><p id=\"caption-attachment-1718\" class=\"wp-caption-text\">Abb. 3: Milchstra\u00dfenzentrum\/Skorpion am 19.3.1988. Belichtungszeit 1.5 Stunden auf TP 2415 hyp. mit 50-mm-Objektiv<\/p><\/div>\n<div id=\"attachment_1719\" style=\"width: 360px\" class=\"wp-caption alignnone\"><img aria-describedby=\"caption-attachment-1719\" loading=\"lazy\" decoding=\"async\" class=\"wp-image-1719 size-full\" src=\"http:\/\/www.hakos-astrofarm.com\/de\/wp-content\/uploads\/2019\/08\/suw_besuch_4.jpg\" alt=\"\" width=\"350\" height=\"228\" srcset=\"https:\/\/www.hakos-astrofarm.com\/de\/wp-content\/uploads\/2019\/08\/suw_besuch_4.jpg 350w, https:\/\/www.hakos-astrofarm.com\/de\/wp-content\/uploads\/2019\/08\/suw_besuch_4-300x195.jpg 300w\" sizes=\"(max-width: 350px) 100vw, 350px\" \/><p id=\"caption-attachment-1719\" class=\"wp-caption-text\">Abb. 4: Vela Supernova\u00fcberrest am 18.3.1988. Sonstige Daten wie bei Abb. 3. Objektiv jeweils 1:1.6 abgeblendet auf 1:2.8<\/p><\/div>\n<div id=\"attachment_1720\" style=\"width: 360px\" class=\"wp-caption alignnone\"><img aria-describedby=\"caption-attachment-1720\" loading=\"lazy\" decoding=\"async\" class=\"size-full wp-image-1720\" src=\"http:\/\/www.hakos-astrofarm.com\/de\/wp-content\/uploads\/2019\/08\/suw_besuch_5.jpg\" alt=\"\" width=\"350\" height=\"228\" srcset=\"https:\/\/www.hakos-astrofarm.com\/de\/wp-content\/uploads\/2019\/08\/suw_besuch_5.jpg 350w, https:\/\/www.hakos-astrofarm.com\/de\/wp-content\/uploads\/2019\/08\/suw_besuch_5-300x195.jpg 300w\" sizes=\"(max-width: 350px) 100vw, 350px\" \/><p id=\"caption-attachment-1720\" class=\"wp-caption-text\">Abb. 5: HII-Region bei Zeta-Scorpii. 30 min auf Fujichrome 100 mit 135-mm-Objektiv 1:2.8 belichtet<\/p><\/div>\n<div id=\"attachment_1721\" style=\"width: 360px\" class=\"wp-caption alignnone\"><img aria-describedby=\"caption-attachment-1721\" loading=\"lazy\" decoding=\"async\" class=\"wp-image-1721 size-full\" src=\"http:\/\/www.hakos-astrofarm.com\/de\/wp-content\/uploads\/2019\/08\/suw_besuch_6.jpg\" alt=\"\" width=\"350\" height=\"228\" srcset=\"https:\/\/www.hakos-astrofarm.com\/de\/wp-content\/uploads\/2019\/08\/suw_besuch_6.jpg 350w, https:\/\/www.hakos-astrofarm.com\/de\/wp-content\/uploads\/2019\/08\/suw_besuch_6-300x195.jpg 300w\" sizes=\"(max-width: 350px) 100vw, 350px\" \/><p id=\"caption-attachment-1721\" class=\"wp-caption-text\">Abb. 6: Eta-Carinae-Region. Daten wie bei Abb. 5<\/p><\/div>\n","protected":false},"excerpt":{"rendered":"<p>&#8222;Sterne und Weltraum-Besuch&#8220; bei Walter Straube auf der Sternwarte Hohenheim Rainer Gori\u00dfen und Markus Wollgarten Sterne und Weltraum 28 [3\/1989] S. 182-183 Die Milchstra\u00dfe durch ein achtfaches Neutralfilter sehen, das aschgraue Mondlicht schon beim&#46;&#46;&#46;<\/p>\n","protected":false},"author":1,"featured_media":0,"parent":0,"menu_order":0,"comment_status":"closed","ping_status":"closed","template":"","meta":{"jetpack_post_was_ever_published":false},"aioseo_notices":[],"jetpack_sharing_enabled":true,"jetpack_shortlink":"https:\/\/wp.me\/PapiHE-pP","_links":{"self":[{"href":"https:\/\/www.hakos-astrofarm.com\/de\/wp-json\/wp\/v2\/pages\/1601"}],"collection":[{"href":"https:\/\/www.hakos-astrofarm.com\/de\/wp-json\/wp\/v2\/pages"}],"about":[{"href":"https:\/\/www.hakos-astrofarm.com\/de\/wp-json\/wp\/v2\/types\/page"}],"author":[{"embeddable":true,"href":"https:\/\/www.hakos-astrofarm.com\/de\/wp-json\/wp\/v2\/users\/1"}],"replies":[{"embeddable":true,"href":"https:\/\/www.hakos-astrofarm.com\/de\/wp-json\/wp\/v2\/comments?post=1601"}],"version-history":[{"count":5,"href":"https:\/\/www.hakos-astrofarm.com\/de\/wp-json\/wp\/v2\/pages\/1601\/revisions"}],"predecessor-version":[{"id":1824,"href":"https:\/\/www.hakos-astrofarm.com\/de\/wp-json\/wp\/v2\/pages\/1601\/revisions\/1824"}],"wp:attachment":[{"href":"https:\/\/www.hakos-astrofarm.com\/de\/wp-json\/wp\/v2\/media?parent=1601"}],"curies":[{"name":"wp","href":"https:\/\/api.w.org\/{rel}","templated":true}]}}