{"id":1747,"date":"2019-08-05T13:36:24","date_gmt":"2019-08-05T11:36:24","guid":{"rendered":"http:\/\/www.hakos-astrofarm.com\/de\/?page_id=1747"},"modified":"2019-08-05T13:37:36","modified_gmt":"2019-08-05T11:37:36","slug":"ein-himmlisches-hobby","status":"publish","type":"page","link":"https:\/\/www.hakos-astrofarm.com\/de\/ein-himmlisches-hobby\/","title":{"rendered":"Ein himmlisches Hobby"},"content":{"rendered":"\n<center>\n<p>Thomas Wahl und Heinz Kerner<\/p>\n<\/center>\n<p class=\"textblock\">Wenn die Sonne auf der Hakos-G\u00e4stefarm untergeht, schl\u00e4gt f\u00fcr Menschen mit einem besonderen Faible das Herz vor Freude h\u00f6her. Ihnen bietet sich am Himmel ein Anblick, von dem sie in Deutschland nur tr\u00e4umen k\u00f6nnen &#8211; die Rede ist von Sternenguckern.<\/p>\n<p class=\"textblock\">Der Abend ist gerade eingebrochen. Und schon bewegt sich das Wellblechdach der Hakos eigenen Sternwarte. Gleich ist freie Sicht f\u00fcr die Teleskope der G\u00e4stefarm. Die Hobby-Astronomen Heinz Kerner und Thomas Wahl werden in dieser Nacht den begehrten Sternengucker-Platz besetzen. Die Touristen haben vorgesorgt und die Sternwarte gleich f\u00fcr ihren ganzen Urlaub gemietet. Hier oben auf 1832 Metern \u00fcber dem Meeresspiegel und fernab von st\u00f6renden Lichtquellen der Zivilisation, erhaschen sie einen einmaligen Blick auf die Welt der Sterne, Kometen und Planeten.<\/p>\n<p class=\"textblock\">Ein monotones Summen durchdringt die abendliche Stille. Die Ger\u00e4usche kommen von einem Motor, der die Teleskope gem\u00e4\u00df der Erdrotation nachf\u00fchrt &#8211; ansonsten w\u00fcrde man sein Ziel am Himmel schnell aus den Augen verlieren. Dort oben herrscht st\u00e4ndige Bewegung. Wenn das der Laie auch nur schwer erkennt &#8211; der Sternenhimmel ver\u00e4ndert sich von Minute zu Minute.<\/p>\n<p class=\"textblock\">Die zwei Touristen wollen in dieser Nacht den Sternenhimmel sozusagen f\u00fcr die Menschheit konservieren. Alle Vorrichtungen sind getroffen. Thomas Wahl sitzt an seinem Laptop und gibt Anweisungen: &#8222;Du musst Jupiter in die Bildmitte ziehen&#8220;, sagt der Architekt aus Essen zu seinem Mitstreiter. Der Planet soll mittels einer Kamera auf dem Laptop aufgenommen werden. Da muss eben jedes Detail stimmen. Sp\u00e4ter werden die Aufnahmen digital bearbeitet und ins Internet unter www.th-wahl.de gestellt.<\/p>\n<p class=\"textblock\">Leider gibt es an diesem Abend zu viele St\u00f6rungen f\u00fcr eine gute Aufnahme des Planeten Jupiter. Ob es daran liegt, dass es mittags zu hei\u00df war? Oder, dass der Kamin vom abendlichen Grillen noch st\u00f6rende Hitze ausstrahlt? Keiner wei\u00df es, aber eins ist sicher: Zeit zum Schlafen gehen ist noch lange nicht. &#8222;Es gibt immer spannende Dinge am Himmel zu sehen&#8220;, sagt Heinz Kerner. Das treffe vor allem auf den Sternenhimmel der s\u00fcdlichen Halbkugel zu &#8211; ein seltener Anblick f\u00fcr den 50-j\u00e4hrigen Beamten beim Deutschen Wetterdienst aus dem Landkreis Celle.<\/p>\n<p class=\"textblock\">Er macht seit seiner Kindheit die Nacht zum Tage. &#8222;Angefangen hat alles mit einem Kaufhaus-Teleskop f\u00fcr 100 Mark&#8220;. Das wurde ihm als Elfj\u00e4hriger zu Weihnachten geschenkt. Seine Leidenschaft f\u00fcr die Sterne wurde geweckt. Mit 15 Jahren erf\u00fcllte er sich einen Traum: das erste selbst gebaute Teleskop. Kein Problem f\u00fcr den handwerklich geschickten Sternenanh\u00e4nger &#8211; nach knapp einem Jahr war sein Spiegelteleskop fertig. &#8222;Ich war stolz wie Oskar.&#8220;<\/p>\n<p class=\"textblock\">Das himmlische Hobby zieht sich wie ein roter Faden durch das Leben von Kerner. Trotzdem sieht er es nicht so verbissen, wie manche seiner besessenen Kollegen: &#8222;Es geht auch mal ohne Teleskop&#8220;. Schwierig wird es nat\u00fcrlich, wenn gerade ein gro\u00dfer Komet \u00e0 la Hale-Bopp die Erde passiert. Kometen sind das Steckenpferd von Kerner.<\/p>\n<p class=\"textblock\">Die Hakos-G\u00e4stefarm ist unter den Sternenguckern bekannt. &#8222;Mehr als die H\u00e4lfte unserer G\u00e4ste sind Hobby-Astronomen&#8220; sagt Friedhelm Hund vom Hakos-Team. Die Lage sei einmalig: Die Farm liegt in der Hakos-Gebirgskette zwischen Hochland und W\u00fcste. &#8222;Es ist sehr trocken und wir haben wenige Wolken&#8220;. Die besten Voraussetzungen f\u00fcr einen ungetr\u00fcbten Blick in den Himmel &#8211; zumindest im namibischen Winter. Im Sommer ist den Astronomen das Wolkenrisiko dann doch zu hoch.<\/p>\n<p class=\"textblock\">Diese Lage macht sich auch der 1999 gegr\u00fcndete Verein &#8222;Internationale Amateur-Sternwarte (IAS)&#8220; zu Nutze. Eine vereinseigene Sternenwarte entsteht direkt auf der Hakos-Farm in Sichtweite des G\u00e4stehauses. &#8222;Mehrere Teleskope sind bereits in Betrieb&#8220;\u00a0 wei\u00df Hund. Ein gro\u00dfes Teleskop soll noch folgen. Als weiteres ist ein zus\u00e4tzlicher Standort auf dem benachbarten Gamsberg-Plateau geplant. Auf dem 2347 Meter hohen Tafelberg sollte urspr\u00fcnglich eine Sternenwarte des Max-Planck-Instituts gebaut werden. Der Berg geh\u00f6rt heute immer noch dem Institut, den Zuschlag hat aber letztendlich ein Standort in Chile bekommen.<\/p>\n<p class=\"textblock\">Hakos ein Mekka f\u00fcr Sternengucker? Eine Reisegruppe mit 20 ambitionierten Hobby-Astronomen aus Deutschland sieht das so. Eine Premiere: Die monatlich erscheinende Zeitschrift f\u00fcr Hobby-Astronomen &#8222;Sterne und Weltraum&#8220; an der ma\u00dfgeblich das Max-Planck-Institut f\u00fcr Astronomie beteiligt ist, bot zum ersten Mal eine knapp zweiw\u00f6chige Reise nach Hakos an. &#8222;Der Zulauf war enorm&#8220; blickt Reiseleiter Joachim Biefang zur\u00fcck. Nicht alle Interessierten konnten untergebracht werden. Daf\u00fcr seien im n\u00e4chsten Jahr gleich zwei Reisen geplant.<\/p>\n<p class=\"textblock\">Der Reiseleiter hat gleich seine selbstgebaute mobile Sternenwarte mitgebracht. &#8222;Sie ist 16000 Euro wert&#8220; so Biefang. Der Transport der 60 Kilo schweren Anlage habe mit Air Namibia gut geklappt. Am Zoll h\u00e4tte er daf\u00fcr zwar eine Stange Geld als Sicherheitsgeb\u00fchr hinterlegen m\u00fcssen, damit er das Ger\u00e4t auch wieder ausf\u00fchrt. Nach einer kurzen Erkl\u00e4rung h\u00e4tten die Zollbeamten aber darauf verzichtet.<\/p>\n<p class=\"textblock\">Biefang stellt das Teleskop auf die Terrasse der G\u00e4stefarm, montiert einen Filter vorne drauf und schon ist es tagestauglich. Der Beobachter kann damit direkt in die Sonne blicken und sieht die Sonnenflecken oder die m\u00e4chtigen Protuberanzen, das sind heftige Explosionen von Wasserstoffgas. So zeigt sich im wahrsten Sinne die Sonnenseite des Teleskops. Biefang ist beim Anblick der gigantischen Gaskugel Sonne hin und weg: &#8222;Das ist einfach fantastisch&#8220;.<\/p>\n","protected":false},"excerpt":{"rendered":"<p>Thomas Wahl und Heinz Kerner Wenn die Sonne auf der Hakos-G\u00e4stefarm untergeht, schl\u00e4gt f\u00fcr Menschen mit einem besonderen Faible das Herz vor Freude h\u00f6her. Ihnen bietet sich am Himmel ein Anblick, von dem sie&#46;&#46;&#46;<\/p>\n","protected":false},"author":1,"featured_media":0,"parent":0,"menu_order":0,"comment_status":"closed","ping_status":"closed","template":"","meta":{"jetpack_post_was_ever_published":false},"aioseo_notices":[],"jetpack_sharing_enabled":true,"jetpack_shortlink":"https:\/\/wp.me\/PapiHE-sb","_links":{"self":[{"href":"https:\/\/www.hakos-astrofarm.com\/de\/wp-json\/wp\/v2\/pages\/1747"}],"collection":[{"href":"https:\/\/www.hakos-astrofarm.com\/de\/wp-json\/wp\/v2\/pages"}],"about":[{"href":"https:\/\/www.hakos-astrofarm.com\/de\/wp-json\/wp\/v2\/types\/page"}],"author":[{"embeddable":true,"href":"https:\/\/www.hakos-astrofarm.com\/de\/wp-json\/wp\/v2\/users\/1"}],"replies":[{"embeddable":true,"href":"https:\/\/www.hakos-astrofarm.com\/de\/wp-json\/wp\/v2\/comments?post=1747"}],"version-history":[{"count":3,"href":"https:\/\/www.hakos-astrofarm.com\/de\/wp-json\/wp\/v2\/pages\/1747\/revisions"}],"predecessor-version":[{"id":1751,"href":"https:\/\/www.hakos-astrofarm.com\/de\/wp-json\/wp\/v2\/pages\/1747\/revisions\/1751"}],"wp:attachment":[{"href":"https:\/\/www.hakos-astrofarm.com\/de\/wp-json\/wp\/v2\/media?parent=1747"}],"curies":[{"name":"wp","href":"https:\/\/api.w.org\/{rel}","templated":true}]}}