{"id":1763,"date":"2019-08-05T14:44:07","date_gmt":"2019-08-05T12:44:07","guid":{"rendered":"http:\/\/www.hakos-astrofarm.com\/de\/?page_id=1763"},"modified":"2024-09-06T09:52:23","modified_gmt":"2024-09-06T07:52:23","slug":"astro-preise-next","status":"publish","type":"page","link":"https:\/\/www.hakos-astrofarm.com\/de\/astro-preise-next\/","title":{"rendered":"Astro-Preise 2024\/25"},"content":{"rendered":"\n<p>Preise inklusive MwSt g\u00fcltig vom 01.11.2024 bis 31.10.2025<\/p>\n\n<table id=\"tablepress-8\" class=\"tablepress tablepress-id-8\">\n<tbody>\n<tr class=\"row-1\">\n\t<td colspan=\"2\" class=\"column-1\" style=\"width:30%;\">Sternwarten<\/td><td class=\"column-3\" style=\"width:10%;\">N$\/Nacht<\/td>\n<\/tr>\n<tr class=\"row-2\">\n\t<td class=\"column-1\"><\/td><td class=\"column-2\"><\/td><td class=\"column-3\"><\/td>\n<\/tr>\n<tr class=\"row-3\">\n\t<td colspan=\"2\" class=\"column-1\">Vehrenberg- Sternwarte *<br \/>\n   mit C11\" und 7\u2033 MEADE Refraktor auf Zeiss Montierung<\/td><td class=\"column-3\">765,00<\/td>\n<\/tr>\n<tr class=\"row-4\">\n\t<td class=\"column-1\"><\/td><td class=\"column-2\"><\/td><td class=\"column-3\"><\/td>\n<\/tr>\n<tr class=\"row-5\">\n\t<td colspan=\"2\" class=\"column-1\">Henning-Sternwarte *<br \/>\r\n   mit GM2000 Montinerung &amp; Teleskop<\/td><td class=\"column-3\">1350,00<\/td>\n<\/tr>\n<tr class=\"row-6\">\n\t<td class=\"column-1\"><\/td><td class=\"column-2\"><\/td><td class=\"column-3\"><\/td>\n<\/tr>\n<tr class=\"row-7\">\n\t<td colspan=\"2\" class=\"column-1\">Felsen-Sternwarte *<br \/>\n   mit CGE Montierung<\/td><td class=\"column-3\">688,00<\/td>\n<\/tr>\n<tr class=\"row-8\">\n\t<td class=\"column-1\"><\/td><td class=\"column-2\"><\/td><td class=\"column-3\"><\/td>\n<\/tr>\n<tr class=\"row-9\">\n\t<td class=\"column-1\">INTERCON SPACETEC Ger\u00e4te<\/td><td class=\"column-2\"><\/td><td class=\"column-3\">EURO\/Nacht<\/td>\n<\/tr>\n<tr class=\"row-10\">\n\t<td class=\"column-1\"><\/td><td class=\"column-2\"><\/td><td class=\"column-3\"><\/td>\n<\/tr>\n<tr class=\"row-11\">\n\t<td class=\"column-1\">ICS 24\" Dobson *<\/td><td class=\"column-2\"><\/td><td class=\"column-3\">108,00<\/td>\n<\/tr>\n<tr class=\"row-12\">\n\t<td class=\"column-1\"><\/td><td class=\"column-2\"><\/td><td class=\"column-3\"><\/td>\n<\/tr>\n<tr class=\"row-13\">\n\t<td colspan=\"2\" class=\"column-1\">Weitere Ger\u00e4te<\/td><td class=\"column-3\">N$\/Nacht<\/td>\n<\/tr>\n<tr class=\"row-14\">\n\t<td class=\"column-1\"><\/td><td class=\"column-2\"><\/td><td class=\"column-3\"><\/td>\n<\/tr>\n<tr class=\"row-15\">\n\t<td colspan=\"2\" class=\"column-1\">ICS Dobson 14.5\"<\/td><td class=\"column-3\">630,00<\/td>\n<\/tr>\n<tr class=\"row-16\">\n\t<td class=\"column-1\"><\/td><td class=\"column-2\"><\/td><td class=\"column-3\"><\/td>\n<\/tr>\n<tr class=\"row-17\">\n\t<td colspan=\"2\" class=\"column-1\">Okular-Set ICS Donson 14.5'<\/td><td class=\"column-3\">420,00<\/td>\n<\/tr>\n<tr class=\"row-18\">\n\t<td class=\"column-1\"><\/td><td class=\"column-2\"><\/td><td class=\"column-3\"><\/td>\n<\/tr>\n<tr class=\"row-19\">\n\t<td colspan=\"2\" class=\"column-1\">ICS Dobson 12.5\"<\/td><td class=\"column-3\">460,00<\/td>\n<\/tr>\n<tr class=\"row-20\">\n\t<td class=\"column-1\"><\/td><td class=\"column-2\"><\/td><td class=\"column-3\"><\/td>\n<\/tr>\n<tr class=\"row-21\">\n\t<td colspan=\"2\" class=\"column-1\">Okular-Set ICS Donson 12.5'<\/td><td class=\"column-3\">330,00<\/td>\n<\/tr>\n<tr class=\"row-22\">\n\t<td class=\"column-1\"><\/td><td class=\"column-2\"><\/td><td class=\"column-3\"><\/td>\n<\/tr>\n<tr class=\"row-23\">\n\t<td colspan=\"2\" class=\"column-1\">Skywatcher 16\u2033 SynScan GoTo Dobson<\/td><td class=\"column-3\">685,00<\/td>\n<\/tr>\n<tr class=\"row-24\">\n\t<td class=\"column-1\"><\/td><td class=\"column-2\"><\/td><td class=\"column-3\"><\/td>\n<\/tr>\n<tr class=\"row-25\">\n\t<td colspan=\"2\" class=\"column-1\">8\u2033 Dobson<\/td><td class=\"column-3\">270,00<\/td>\n<\/tr>\n<tr class=\"row-26\">\n\t<td class=\"column-1\"><\/td><td class=\"column-2\"><\/td><td class=\"column-3\"><\/td>\n<\/tr>\n<tr class=\"row-27\">\n\t<td colspan=\"2\" class=\"column-1\">Carbon Newton 12\"<\/td><td class=\"column-3\">460,00<\/td>\n<\/tr>\n<tr class=\"row-28\">\n\t<td class=\"column-1\"><\/td><td class=\"column-2\"><\/td><td class=\"column-3\"><\/td>\n<\/tr>\n<tr class=\"row-29\">\n\t<td colspan=\"2\" class=\"column-1\">Carbon Newton 8\"<\/td><td class=\"column-3\">270,00<\/td>\n<\/tr>\n<tr class=\"row-30\">\n\t<td class=\"column-1\"><\/td><td class=\"column-2\"><\/td><td class=\"column-3\"><\/td>\n<\/tr>\n<tr class=\"row-31\">\n\t<td colspan=\"2\" class=\"column-1\">GSO RC10\"<\/td><td class=\"column-3\">320,00<\/td>\n<\/tr>\n<tr class=\"row-32\">\n\t<td class=\"column-1\"><\/td><td class=\"column-2\"><\/td><td class=\"column-3\"><\/td>\n<\/tr>\n<tr class=\"row-33\">\n\t<td colspan=\"2\" class=\"column-1\">Celestron 11<\/td><td class=\"column-3\">460,00<\/td>\n<\/tr>\n<tr class=\"row-34\">\n\t<td class=\"column-1\"><\/td><td class=\"column-2\"><\/td><td class=\"column-3\"><\/td>\n<\/tr>\n<tr class=\"row-35\">\n\t<td colspan=\"2\" class=\"column-1\">Celestron AstroMaster 114<\/td><td class=\"column-3\">120,00<\/td>\n<\/tr>\n<tr class=\"row-36\">\n\t<td class=\"column-1\"><\/td><td class=\"column-2\"><\/td><td class=\"column-3\"><\/td>\n<\/tr>\n<tr class=\"row-37\">\n\t<td colspan=\"2\" class=\"column-1\">MEADE 10\u2033 LX90 GPS<\/td><td class=\"column-3\">460,00<\/td>\n<\/tr>\n<tr class=\"row-38\">\n\t<td class=\"column-1\"><\/td><td class=\"column-2\"><\/td><td class=\"column-3\"><\/td>\n<\/tr>\n<tr class=\"row-39\">\n\t<td class=\"column-1\">MEADE 10\u2033 LX200 ohne Nachf\u00fchrung<\/td><td class=\"column-2\"><\/td><td class=\"column-3\">270,00<\/td>\n<\/tr>\n<tr class=\"row-40\">\n\t<td class=\"column-1\"><\/td><td class=\"column-2\"><\/td><td class=\"column-3\"><\/td>\n<\/tr>\n<tr class=\"row-41\">\n\t<td colspan=\"2\" class=\"column-1\">MEADE ETX 125<\/td><td class=\"column-3\">120,00<\/td>\n<\/tr>\n<tr class=\"row-42\">\n\t<td class=\"column-1\"><\/td><td class=\"column-2\"><\/td><td class=\"column-3\"><\/td>\n<\/tr>\n<tr class=\"row-43\">\n\t<td colspan=\"2\" class=\"column-1\">Telescope Services RC8\"<\/td><td class=\"column-3\">270,00<\/td>\n<\/tr>\n<tr class=\"row-44\">\n\t<td class=\"column-1\"><\/td><td class=\"column-2\"><\/td><td class=\"column-3\"><\/td>\n<\/tr>\n<tr class=\"row-45\">\n\t<td colspan=\"2\" class=\"column-1\">5\u2033Zeiss APQ<\/td><td class=\"column-3\">685,00<\/td>\n<\/tr>\n<tr class=\"row-46\">\n\t<td class=\"column-1\"><\/td><td class=\"column-2\"><\/td><td class=\"column-3\"><\/td>\n<\/tr>\n<tr class=\"row-47\">\n\t<td class=\"column-1\">Skywatcher Esprit100ED<\/td><td class=\"column-2\"><\/td><td class=\"column-3\">685,00<\/td>\n<\/tr>\n<tr class=\"row-48\">\n\t<td class=\"column-1\"><\/td><td class=\"column-2\"><\/td><td class=\"column-3\"><\/td>\n<\/tr>\n<tr class=\"row-49\">\n\t<td colspan=\"2\" class=\"column-1\">Fujinon 25x150 Bino<\/td><td class=\"column-3\">550,00<\/td>\n<\/tr>\n<tr class=\"row-50\">\n\t<td class=\"column-1\"><\/td><td class=\"column-2\"><\/td><td class=\"column-3\"><\/td>\n<\/tr>\n<tr class=\"row-51\">\n\t<td colspan=\"2\" class=\"column-1\">Lunt 60mm H-Alpha Sonnen-Teleskop<\/td><td class=\"column-3\">420,00<\/td>\n<\/tr>\n<tr class=\"row-52\">\n\t<td class=\"column-1\"><\/td><td class=\"column-2\"><\/td><td class=\"column-3\"><\/td>\n<\/tr>\n<tr class=\"row-53\">\n\t<td colspan=\"2\" class=\"column-1\">Canon EOS 1000Da<\/td><td class=\"column-3\">310,00<\/td>\n<\/tr>\n<tr class=\"row-54\">\n\t<td class=\"column-1\"><\/td><td class=\"column-2\"><\/td><td class=\"column-3\"><\/td>\n<\/tr>\n<tr class=\"row-55\">\n\t<td colspan=\"2\" class=\"column-1\">ZWO AS120 Nachf\u00fchrkamera<\/td><td class=\"column-3\">200,00<\/td>\n<\/tr>\n<tr class=\"row-56\">\n\t<td class=\"column-1\"><\/td><td class=\"column-2\"><\/td><td class=\"column-3\"><\/td>\n<\/tr>\n<tr class=\"row-57\">\n\t<td colspan=\"2\" class=\"column-1\">MGEN-Autoguider<\/td><td class=\"column-3\">235,00<\/td>\n<\/tr>\n<tr class=\"row-58\">\n\t<td class=\"column-1\"><\/td><td class=\"column-2\"><\/td><td class=\"column-3\"><\/td>\n<\/tr>\n<tr class=\"row-59\">\n\t<td colspan=\"2\" class=\"column-1\">TS Spective 80<\/td><td class=\"column-3\">frei<\/td>\n<\/tr>\n<tr class=\"row-60\">\n\t<td class=\"column-1\"><\/td><td class=\"column-2\"><\/td><td class=\"column-3\"><\/td>\n<\/tr>\n<tr class=\"row-61\">\n\t<td colspan=\"2\" class=\"column-1\">Fernglas 20\u00d790<\/td><td class=\"column-3\">frei<\/td>\n<\/tr>\n<tr class=\"row-62\">\n\t<td class=\"column-1\"><\/td><td class=\"column-2\"><\/td><td class=\"column-3\"><\/td>\n<\/tr>\n<tr class=\"row-63\">\n\t<td class=\"column-1\">Montierungen \/ S\u00e4ulen<\/td><td class=\"column-2\"><\/td><td class=\"column-3\">N$\/Nacht<\/td>\n<\/tr>\n<tr class=\"row-64\">\n\t<td class=\"column-1\"><\/td><td class=\"column-2\"><\/td><td class=\"column-3\"><\/td>\n<\/tr>\n<tr class=\"row-65\">\n\t<td colspan=\"2\" class=\"column-1\">EQ 6 auf Aussens\u00e4ule *<\/td><td class=\"column-3\">460,00<\/td>\n<\/tr>\n<tr class=\"row-66\">\n\t<td class=\"column-1\"><\/td><td class=\"column-2\"><\/td><td class=\"column-3\"><\/td>\n<\/tr>\n<tr class=\"row-67\">\n\t<td colspan=\"2\" class=\"column-1\">Losmandy G11 mit Gemini Steuerung auf Aussens\u00e4ule *<\/td><td class=\"column-3\">460,00<\/td>\n<\/tr>\n<tr class=\"row-68\">\n\t<td class=\"column-1\"><\/td><td class=\"column-2\"><\/td><td class=\"column-3\"><\/td>\n<\/tr>\n<tr class=\"row-69\">\n\t<td colspan=\"2\" class=\"column-1\">Losmandy G11 auf Aussens\u00e4ule *<\/td><td class=\"column-3\">300,00<\/td>\n<\/tr>\n<tr class=\"row-70\">\n\t<td class=\"column-1\"><\/td><td class=\"column-2\"><\/td><td class=\"column-3\"><\/td>\n<\/tr>\n<tr class=\"row-71\">\n\t<td colspan=\"2\" class=\"column-1\">Celestron VX auf Aussens\u00e4ule *<\/td><td class=\"column-3\">345,00<\/td>\n<\/tr>\n<tr class=\"row-72\">\n\t<td class=\"column-1\"><\/td><td class=\"column-2\"><\/td><td class=\"column-3\"><\/td>\n<\/tr>\n<tr class=\"row-73\">\n\t<td colspan=\"2\" class=\"column-1\">S\u00e4ulenbenutzung einschl. Adapterplatte *<\/td><td class=\"column-3\">110,00<\/td>\n<\/tr>\n<\/tbody>\n<\/table>\n<!-- #tablepress-8 from cache -->\n<p>* mindestens 3 N\u00e4chte<br \/>\u00c4nderungen vorbehalten<\/p>\n","protected":false},"excerpt":{"rendered":"<p>Preise inklusive MwSt g\u00fcltig vom 01.11.2024 bis 31.10.2025 * mindestens 3 N\u00e4chte\u00c4nderungen vorbehalten<\/p>\n","protected":false},"author":1,"featured_media":0,"parent":0,"menu_order":0,"comment_status":"closed","ping_status":"closed","template":"","meta":{"jetpack_post_was_ever_published":false},"aioseo_notices":[],"jetpack_sharing_enabled":true,"jetpack_shortlink":"https:\/\/wp.me\/PapiHE-sr","_links":{"self":[{"href":"https:\/\/www.hakos-astrofarm.com\/de\/wp-json\/wp\/v2\/pages\/1763"}],"collection":[{"href":"https:\/\/www.hakos-astrofarm.com\/de\/wp-json\/wp\/v2\/pages"}],"about":[{"href":"https:\/\/www.hakos-astrofarm.com\/de\/wp-json\/wp\/v2\/types\/page"}],"author":[{"embeddable":true,"href":"https:\/\/www.hakos-astrofarm.com\/de\/wp-json\/wp\/v2\/users\/1"}],"replies":[{"embeddable":true,"href":"https:\/\/www.hakos-astrofarm.com\/de\/wp-json\/wp\/v2\/comments?post=1763"}],"version-history":[{"count":9,"href":"https:\/\/www.hakos-astrofarm.com\/de\/wp-json\/wp\/v2\/pages\/1763\/revisions"}],"predecessor-version":[{"id":3646,"href":"https:\/\/www.hakos-astrofarm.com\/de\/wp-json\/wp\/v2\/pages\/1763\/revisions\/3646"}],"wp:attachment":[{"href":"https:\/\/www.hakos-astrofarm.com\/de\/wp-json\/wp\/v2\/media?parent=1763"}],"curies":[{"name":"wp","href":"https:\/\/api.w.org\/{rel}","templated":true}]}}