{"id":197,"date":"2018-10-30T16:59:18","date_gmt":"2018-10-30T14:59:18","guid":{"rendered":"http:\/\/www.hakos-astrofarm.com\/de\/?page_id=197"},"modified":"2020-03-30T17:54:35","modified_gmt":"2020-03-30T15:54:35","slug":"astronomie-auf-hakos","status":"publish","type":"page","link":"https:\/\/www.hakos-astrofarm.com\/de\/astronomie-auf-hakos\/","title":{"rendered":"Astronomie auf Hakos"},"content":{"rendered":"<div id=\"attachment_2151\" style=\"width: 2010px\" class=\"wp-caption alignnone\"><img aria-describedby=\"caption-attachment-2151\" fetchpriority=\"high\" decoding=\"async\" class=\"size-full wp-image-2151\" src=\"http:\/\/www.hakos-astrofarm.com\/de\/wp-content\/uploads\/2019\/09\/Walter-Waltraud-Milchstrasse.jpg\" alt=\"\" width=\"2000\" height=\"1333\" data-wp-editing=\"1\" srcset=\"https:\/\/www.hakos-astrofarm.com\/de\/wp-content\/uploads\/2019\/09\/Walter-Waltraud-Milchstrasse.jpg 2000w, https:\/\/www.hakos-astrofarm.com\/de\/wp-content\/uploads\/2019\/09\/Walter-Waltraud-Milchstrasse-300x200.jpg 300w, https:\/\/www.hakos-astrofarm.com\/de\/wp-content\/uploads\/2019\/09\/Walter-Waltraud-Milchstrasse-768x512.jpg 768w, https:\/\/www.hakos-astrofarm.com\/de\/wp-content\/uploads\/2019\/09\/Walter-Waltraud-Milchstrasse-1024x682.jpg 1024w\" sizes=\"(max-width: 2000px) 100vw, 2000px\" \/><p id=\"caption-attachment-2151\" class=\"wp-caption-text\">Walter und Waltraud unter der Milchstrasse<\/p><\/div>\n<p>Die Begriffe &#8218;Hakos-G\u00e4stefarm&#8216; und &#8218;Astronomie&#8216; geh\u00f6ren seit Er\u00f6ffnung der G\u00e4stefarm 1998 zusammen. \u00a0<a href=\"http:\/\/www.hakos-astrofarm.com\/de\/farm-geschichte\/\">Walter Straube, Gr\u00fcnder der G\u00e4stefarm<\/a>, beherbergte Astrog\u00e4ste bereits seit den 1970er Jahren auf seiner benachbarten Heimatfarm Hohenheim.\u00a0 Die gute H\u00f6henlage und klare Sicht (23\u00b014&#8242; S\u00fcd, 16\u00b022&#8242; Ost, 1832m \u00fc. NN) stuft diese Gegend, international gesehen, in die 10 besten Lokalit\u00e4ten f\u00fcr Astronomie.\u00a0 Daher kommen Amateur-Astronomen j\u00e4hrlich nach Hakos, vorallem in den klaren, trockenen Wintermonaten wenn trotz kalter N\u00e4chte die Sonne am Tage vom blauen Himmel scheint.<\/p>\n<p>Unser durchschnittliches Seeing liegt zwischen 1,5 und 2 Bogensekunden, zeitweise erreichen wir auch Seeingwerte unter 1 Bogensekunde.<\/p>\n<p>Hakos hat drei eigene Sternwarten, die <a href=\"http:\/\/www.hakos-astrofarm.com\/de\/vehrenberg-sternwarte\/\">Vehrenberg-Sternwarte<\/a>, die <a href=\"http:\/\/www.hakos-astrofarm.com\/de\/hakos-henning-sternwarte\/\">Henning-Sternwarte<\/a> und die <a href=\"http:\/\/www.hakos-astrofarm.com\/de\/felsen-sternwarte\/\">Felsen-Sternwarte<\/a>, Beobachtungsplattformen, sowie freistehende Teleskope und andere Instrumente, die an G\u00e4ste vermietet werden.<\/p>\n<p>Wir danken folgenden Firmen, Vereinen und regelm\u00e4ssigen Besuchern f\u00fcr die zur Verf\u00fcgungstellung ihrer Ger\u00e4te:\u00a0 MPIA\/Gamsberg, Intercon Spacetec, Verein Urania\/Antwerpen, Dr. Thomas Schr\u00f6fl, Christoph Niederhametner, Wolfgang Weiser, Dr. Thorsten Neckel, Werner M\u00f6hler, Reinhard Claus, Roland Herdfelder und Paul Trinkler.<\/p>\n<p>Die <a href=\"https:\/\/www.ias-observatory.org\/index.php\/de\/\" target=\"_blank\" rel=\"noopener noreferrer\">Internationale Amateursternwarte (IAS)<\/a>\u00a0 hat einen ihrer Beobachtungsstandorte auf Hakos.\u00a0 Mitglieder haben Zugang zu diversen Teleskopen, inklusiv eines 80cm Spiegels.<\/p>\n<p><strong>Nachtverpflegung:<br \/><\/strong>Unseren astronomisch t\u00e4tigen G\u00e4sten bieten wir in der Nacht eine kleine Verpflegung an.\u00a0 So steht zum Aufw\u00e4rmen Kaffee oder Tee bereit, auch etwas S\u00fcsses zum Essen hilft die Nacht durchzustehen.<\/p>\n\n\n<p><\/p>\n","protected":false},"excerpt":{"rendered":"<p>Die Begriffe &#8218;Hakos-G\u00e4stefarm&#8216; und &#8218;Astronomie&#8216; geh\u00f6ren seit Er\u00f6ffnung der G\u00e4stefarm 1998 zusammen. \u00a0Walter Straube, Gr\u00fcnder der G\u00e4stefarm, beherbergte Astrog\u00e4ste bereits seit den 1970er Jahren auf seiner benachbarten Heimatfarm Hohenheim.\u00a0 Die gute H\u00f6henlage und klare&#46;&#46;&#46;<\/p>\n","protected":false},"author":2,"featured_media":0,"parent":0,"menu_order":0,"comment_status":"closed","ping_status":"closed","template":"","meta":{"jetpack_post_was_ever_published":false},"aioseo_notices":[],"jetpack_sharing_enabled":true,"jetpack_shortlink":"https:\/\/wp.me\/PapiHE-3b","_links":{"self":[{"href":"https:\/\/www.hakos-astrofarm.com\/de\/wp-json\/wp\/v2\/pages\/197"}],"collection":[{"href":"https:\/\/www.hakos-astrofarm.com\/de\/wp-json\/wp\/v2\/pages"}],"about":[{"href":"https:\/\/www.hakos-astrofarm.com\/de\/wp-json\/wp\/v2\/types\/page"}],"author":[{"embeddable":true,"href":"https:\/\/www.hakos-astrofarm.com\/de\/wp-json\/wp\/v2\/users\/2"}],"replies":[{"embeddable":true,"href":"https:\/\/www.hakos-astrofarm.com\/de\/wp-json\/wp\/v2\/comments?post=197"}],"version-history":[{"count":41,"href":"https:\/\/www.hakos-astrofarm.com\/de\/wp-json\/wp\/v2\/pages\/197\/revisions"}],"predecessor-version":[{"id":2786,"href":"https:\/\/www.hakos-astrofarm.com\/de\/wp-json\/wp\/v2\/pages\/197\/revisions\/2786"}],"wp:attachment":[{"href":"https:\/\/www.hakos-astrofarm.com\/de\/wp-json\/wp\/v2\/media?parent=197"}],"curies":[{"name":"wp","href":"https:\/\/api.w.org\/{rel}","templated":true}]}}