{"id":199,"date":"2018-10-30T17:06:55","date_gmt":"2018-10-30T15:06:55","guid":{"rendered":"http:\/\/www.hakos-astrofarm.com\/de\/?page_id=199"},"modified":"2025-11-01T07:47:49","modified_gmt":"2025-11-01T05:47:49","slug":"vehrenberg-sternwarte","status":"publish","type":"page","link":"https:\/\/www.hakos-astrofarm.com\/de\/vehrenberg-sternwarte\/","title":{"rendered":"Vehrenberg-Sternwarte"},"content":{"rendered":"\t\t<div data-elementor-type=\"wp-page\" data-elementor-id=\"199\" class=\"elementor elementor-199\">\n\t\t\t\t\t\t<section class=\"elementor-section elementor-top-section elementor-element elementor-element-593e6eb elementor-section-full_width elementor-section-height-default elementor-section-height-default\" data-id=\"593e6eb\" data-element_type=\"section\">\n\t\t\t\t\t\t<div class=\"elementor-container elementor-column-gap-default\">\n\t\t\t\t\t<div class=\"elementor-column elementor-col-33 elementor-top-column elementor-element elementor-element-9995888\" data-id=\"9995888\" data-element_type=\"column\">\n\t\t\t<div class=\"elementor-widget-wrap elementor-element-populated\">\n\t\t\t\t\t\t<div class=\"elementor-element elementor-element-089cfb4 elementor-widget elementor-widget-image\" data-id=\"089cfb4\" data-element_type=\"widget\" data-widget_type=\"image.default\">\n\t\t\t\t<div class=\"elementor-widget-container\">\n\t\t\t\t\t\t\t\t\t\t\t\t\t<img decoding=\"async\" src=\"https:\/\/www.hakos-astrofarm.com\/de\/wp-content\/uploads\/elementor\/thumbs\/VehrenbergSternwarte-oep0ji1kb5wj5vr3axp43u5vkvj6t2jfwyxte4agw0.jpg\" title=\"@VehrenbergSternwarte\" alt=\"@VehrenbergSternwarte\" loading=\"lazy\" \/>\t\t\t\t\t\t\t\t\t\t\t\t\t<\/div>\n\t\t\t\t<\/div>\n\t\t\t\t\t<\/div>\n\t\t<\/div>\n\t\t\t\t<div class=\"elementor-column elementor-col-33 elementor-top-column elementor-element elementor-element-0bee79b\" data-id=\"0bee79b\" data-element_type=\"column\">\n\t\t\t<div class=\"elementor-widget-wrap elementor-element-populated\">\n\t\t\t\t\t\t<div class=\"elementor-element elementor-element-f251324 elementor-widget elementor-widget-image\" data-id=\"f251324\" data-element_type=\"widget\" data-widget_type=\"image.default\">\n\t\t\t\t<div class=\"elementor-widget-container\">\n\t\t\t\t\t\t\t\t\t\t\t\t\t<img decoding=\"async\" src=\"https:\/\/www.hakos-astrofarm.com\/de\/wp-content\/uploads\/elementor\/thumbs\/obs_vehrenberg1-oep0ji1kb5wj5vr3axp43u5vkvj6t2jfwyxte4agw0.jpg\" title=\"@VehrenbergSternwarte\" alt=\"@VehrenbergSternwarte\" loading=\"lazy\" \/>\t\t\t\t\t\t\t\t\t\t\t\t\t<\/div>\n\t\t\t\t<\/div>\n\t\t\t\t\t<\/div>\n\t\t<\/div>\n\t\t\t\t<div class=\"elementor-column elementor-col-33 elementor-top-column elementor-element elementor-element-4664374\" data-id=\"4664374\" data-element_type=\"column\">\n\t\t\t<div class=\"elementor-widget-wrap elementor-element-populated\">\n\t\t\t\t\t\t<div class=\"elementor-element elementor-element-9bd105a elementor-widget elementor-widget-image\" data-id=\"9bd105a\" data-element_type=\"widget\" data-widget_type=\"image.default\">\n\t\t\t\t<div class=\"elementor-widget-container\">\n\t\t\t\t\t\t\t\t\t\t\t\t\t<img decoding=\"async\" src=\"https:\/\/www.hakos-astrofarm.com\/de\/wp-content\/uploads\/elementor\/thumbs\/Sized-4-oep0ji1kb5wj5vr3axp43u5vkvj6t2jfwyxte4agw0.jpg\" title=\"@VehrenbergSternwarte\" alt=\"@VehrenbergSternwarte\" loading=\"lazy\" \/>\t\t\t\t\t\t\t\t\t\t\t\t\t<\/div>\n\t\t\t\t<\/div>\n\t\t\t\t\t<\/div>\n\t\t<\/div>\n\t\t\t\t\t<\/div>\n\t\t<\/section>\n\t\t\t\t<section class=\"elementor-section elementor-top-section elementor-element elementor-element-38da58f elementor-section-full_width elementor-section-height-default elementor-section-height-default\" data-id=\"38da58f\" data-element_type=\"section\">\n\t\t\t\t\t\t<div class=\"elementor-container elementor-column-gap-default\">\n\t\t\t\t\t<div class=\"elementor-column elementor-col-100 elementor-top-column elementor-element elementor-element-ef8a0e1\" data-id=\"ef8a0e1\" data-element_type=\"column\">\n\t\t\t<div class=\"elementor-widget-wrap elementor-element-populated\">\n\t\t\t\t\t\t<div class=\"elementor-element elementor-element-5a6f299 elementor-widget elementor-widget-text-editor\" data-id=\"5a6f299\" data-element_type=\"widget\" data-widget_type=\"text-editor.default\">\n\t\t\t\t<div class=\"elementor-widget-container\">\n\t\t\t\t\t\t\t<div><p>Vielen, besonders den \u00e4lteren Amateurastronomen, wird der Name Dr. Hans Vehrenberg ein Begriff sein.\u00a0 Er war in den 1970er Jahren sehr aktiv und Autor mehrerer B\u00fccher.\u00a0 Auch als Mitherausgeber von &#8218;Sterne und Weltraum&#8216; wurde er bekannt.\u00a0 F\u00fcr Hakos hat er eine besondere Bedeutung:\u00a0 Er hat die Amateur-Astronomie zu uns gebracht.\u00a0 W\u00e4hrend seiner Besuche, damals noch auf Hohenheim, konnte er <a href=\"http:\/\/www.hakos-astrofarm.com\/de\/farm-geschichte\/\">Walter Straube<\/a> astronomisch begeistern, und ist dadurch mitverantwortlich, dass Hakos zur Astrofarm ausgebaut wurde.\u00a0 Ihm zu Ehren haben wir uns entschieden die erst entstandene Sternwarte auf Hakos nach ihm zu benennen.<\/p><\/div><div><p>Die Vehrenberg-Sternwarte befindet sich im 1. Stock in unmittelbarer N\u00e4he der Unterk\u00fcnfte.\u00a0 Sie besteht aus einer Schutzh\u00fctte mit einem 2.5 m x 4 m gro\u00dfen abfahrbaren Dach und ist \u00fcber eine Wendeltreppe erreichbar.\u00a0 Gleich daneben befindet sich eine separat zug\u00e4ngliche 3m x 4.5m gro\u00dfe Beobachtungsplattform f\u00fcr mitgebrachte eigene Instrumente und Montierungen, die auf 2 festen ca. 16cm durchmessenden S\u00e4ulen angebracht werden k\u00f6nnen.\u00a0 Beide Einrichtungen k\u00f6nnen mit einem wirksamen Windschutz versehen werden.\u00a0 Die Rundumsicht wird lediglich im Norden durch das abgefahrene Schutzdach etwas eingeschr\u00e4nkt.<\/p><p><strong>Montierung:<\/strong>\u00a0 Die Sterwarte beherbergt eine professionelle Zeiss-Jena-Montierung, die praktisch unbegrenzt belastbar und extrem windstabil ist.\u00a0 Sie verf\u00fcgt \u00fcber Schrittmotorantriebe in beiden Achsen und eine Boxd\u00f6rfer Powerflex MTS-4-Steuerung.\u00a0 An die Steuerung k\u00f6nnen Autoguider angeschlossen werden.\u00a0 Zus\u00e4tzlich ist auch manuelle Korrektur feinf\u00fchlig und wackelfrei \u00fcber Gest\u00e4nge in Beobachtungsn\u00e4he m\u00f6glich.\u00a0 Die Nachf\u00fchrung l\u00e4uft praktisch fehlerfrei und erlaubt eine entspannte Nachf\u00fchrkontrolle.\u00a0 Teilkreis-Nutzung ist in RA nur unter Einbeziehung der Sternzeit m\u00f6glich.\u00a0 Die Montierung unterst\u00fctzt keine GoTo Funktion, Objekte m\u00fcssen daher manuell aufgesucht werden.\u00a0 Eine Nachf\u00fchrkontrolle mit Autoguider ist aber m\u00f6glich.\u00a0 Vergessen Sie jedoch jegliche Untugenden der Amateurmontierungen!\u00a0 So k\u00f6nnen Sie z.B. durchaus zwischendurch das Nachf\u00fchrokular verlassen, wenn Sie gerade mit Ihren langbrennweitigen Instrumenten eine Aufnahme belichten und zwischenzeitlich bei den Kameras auf der Gegengewichtsachse Einstellungen vornehmen wollen.<\/p><div><p><strong>Teleskope:<\/strong>\u00a0 Das C11 ist ein Schmidt-Cassegrain-Teleskop mit 28 cm \u00d6ffnung und ~2800 mm Brennweite.\u00a0 Zus\u00e4tzlich ist die Montierung mit einem 7&#8243; MEADE ED\/APO (178mm f\/9) Refraktor best\u00fcckt.\u00a0 Dieser ist sehr gut f\u00fcr die Planetenbeobachtung und als Leitfernrohr einzusetzen.\u00a0 Astrofotografen k\u00f6nnen ihre Kamera mit entsprechendem Adapter (T-Ring bitte mitbringen) direkt in den Fokus der Instrumente montieren.\u00a0 Ambitionierten Astrofotografen vor allem bietet sich aber auch die Alternative an, eigenes Instrumentarium auf die Montierung zu packen.\u00a0 Die vorhandenen Ger\u00e4te k\u00f6nnen bei Bedarf dann auch entfernt werden. Entsprechende Gegengewichte sind vorhanden.\u00a0 Das C11 ist mit einer 3&#8243; Losmandy Schiene versehen, die Montierung hat die entsprechende Klemmung.<\/p><p>Die Gegengewichtsachse bietet Platz f\u00fcr mindestens 2 Kameras.\u00a0 Eine sehr stabile kippbare Leiste besitzt daf\u00fcr zwei Fotoschrauben (1\/4&#8243;) f\u00fcr das Kameragewinde.\u00a0 Auch hier spielt das Gewicht der Fotoger\u00e4te keine Rolle.<\/p><\/div><div><p>Folgendes Zubeh\u00f6r ist vorhanden:<\/p><ul type=\"circle\"><li>2&#8243; Weitwinkel Okulare:\u00a0 30 mm, 42 mm, 50 mm<\/li><li>1\u00bc&#8220; Adapter<\/li><li>1\u00bc&#8220; Celestron Okulare:\u00a0 Kellner 9 mm, 12 mm, 25 mm, 40 mm , Erfle 20 mm, Weitwinkel 30 mm, Ortho. 12.5 mm beleuchtbares Fadenkreuzokular mit Regler<\/li><li>Off-axis System mit Verl\u00e4ngerungsh\u00fclse<\/li><li>Okularstutzen, Zenitprisma, Telrad Finder, T2-Anschlu\u00df<\/li><li>Autoguider Anschlusskabel f\u00fcr ST4 und ST7\/8<\/li><\/ul><p><em><strong>Aktueller Mietpreis pro Nacht: N$ 825,00<\/strong> \u00a0<\/em>(beinhaltet die Sternwarte, die Montierung und die beiden Teleskope C11 und 7&#8243; Meade mit Zubeh\u00f6r)<em><br \/><\/em>Minimum Mietdauer 3 N\u00e4chte<\/p><\/div><div><p>Bitte beachten Sie auch unsere <a href=\"http:\/\/www.hakos-astrofarm.com\/de\/hinweise\/\"><b>allgemeinen Hinweise<\/b><\/a> f\u00fcr Amateurastronomen.<\/p><\/div><\/div>\t\t\t\t\t\t<\/div>\n\t\t\t\t<\/div>\n\t\t\t\t\t<\/div>\n\t\t<\/div>\n\t\t\t\t\t<\/div>\n\t\t<\/section>\n\t\t\t\t<\/div>\n\t\t","protected":false},"excerpt":{"rendered":"<p>Vielen, besonders den \u00e4lteren Amateurastronomen, wird der Name Dr. Hans Vehrenberg ein Begriff sein.\u00a0 Er war in den 1970er Jahren sehr aktiv und Autor mehrerer B\u00fccher.\u00a0 Auch als Mitherausgeber von &#8218;Sterne und Weltraum&#8216; wurde&#46;&#46;&#46;<\/p>\n","protected":false},"author":2,"featured_media":0,"parent":0,"menu_order":0,"comment_status":"closed","ping_status":"closed","template":"","meta":{"jetpack_post_was_ever_published":false},"aioseo_notices":[],"jetpack_sharing_enabled":true,"jetpack_shortlink":"https:\/\/wp.me\/PapiHE-3d","_links":{"self":[{"href":"https:\/\/www.hakos-astrofarm.com\/de\/wp-json\/wp\/v2\/pages\/199"}],"collection":[{"href":"https:\/\/www.hakos-astrofarm.com\/de\/wp-json\/wp\/v2\/pages"}],"about":[{"href":"https:\/\/www.hakos-astrofarm.com\/de\/wp-json\/wp\/v2\/types\/page"}],"author":[{"embeddable":true,"href":"https:\/\/www.hakos-astrofarm.com\/de\/wp-json\/wp\/v2\/users\/2"}],"replies":[{"embeddable":true,"href":"https:\/\/www.hakos-astrofarm.com\/de\/wp-json\/wp\/v2\/comments?post=199"}],"version-history":[{"count":30,"href":"https:\/\/www.hakos-astrofarm.com\/de\/wp-json\/wp\/v2\/pages\/199\/revisions"}],"predecessor-version":[{"id":4047,"href":"https:\/\/www.hakos-astrofarm.com\/de\/wp-json\/wp\/v2\/pages\/199\/revisions\/4047"}],"wp:attachment":[{"href":"https:\/\/www.hakos-astrofarm.com\/de\/wp-json\/wp\/v2\/media?parent=199"}],"curies":[{"name":"wp","href":"https:\/\/api.w.org\/{rel}","templated":true}]}}