{"id":203,"date":"2018-10-30T17:15:25","date_gmt":"2018-10-30T15:15:25","guid":{"rendered":"http:\/\/www.hakos-astrofarm.com\/de\/?page_id=203"},"modified":"2019-10-24T14:02:37","modified_gmt":"2019-10-24T12:02:37","slug":"hinweise","status":"publish","type":"page","link":"https:\/\/www.hakos-astrofarm.com\/de\/hinweise\/","title":{"rendered":"Hinweise"},"content":{"rendered":"<div class=\"pagetitle\"><strong>Stromversorgung<\/strong><b><br><\/b>Auf den Sternwarten stehen 12V und 230V Spannungsversorgung zur Verf\u00fcgung.&nbsp; Auch die S\u00e4ulen k\u00f6nnen wir entsprechend versorgen.&nbsp; Die 12V DC Versorgung verf\u00fcgt \u00fcber Bananensteckeranschluss und Zigarettenanz\u00fcnder-Buchse.&nbsp; Die 230 V Versorgung erfolgt \u00fcber die in Namibia \u00fcbliche Steckdose.&nbsp; Adapter auf Euro- bzw. Schukostecker sind vorhanden.&nbsp; Unser Strom kommt aus eigener Solar- und Windenergie und steht deshalb nur in begrenztem Umfang zur Verf\u00fcgung.&nbsp; Im Zweifelfall setzen Sie sich bitte rechtzeitig mit uns in Verbindung um Fragen abzukl\u00e4ren.<\/div>\n<p class=\"textblocknoid\"><strong><br>Allgemeine Hinweise<\/strong><b><br><\/b>Gewohntes Zubeh\u00f6r sollte mitgebracht werden, ebenso anfallende Batterien.&nbsp; Taukappen wegen Luftfeuchtigkeit sind gew\u00f6hnlich nicht erforderlich.&nbsp; Denken Sie auch an Kleinwerkzeug, Klebeband, Taschenlampe (keine &#8218;Scheinwerfer&#8216;, am besten Rotlichtlampe aus R\u00fccksicht auf Kollegen!) usw.&nbsp; Im Ganzen stehen 11 S\u00e4ulen f\u00fcr eigene Ger\u00e4te zur Verf\u00fcgung.&nbsp; Adapterplatten f\u00fcr die Stahls\u00e4ulen passend zu Ihrem speziellen Montierungstyp k\u00f6nnen nach Absprache auf eigene Kosten hergestellt oder nach Zeichnung selbst angefertigt und mitgebracht werden.&nbsp; Bitte beachten Sie hierzu unsere Seite mit den <a href=\"http:\/\/www.hakos-astrofarm.com\/de\/adapterplatten\/\"> Hinweisen zu Adapterplatten<\/a>.&nbsp; Verzichten Sie also auf den Transport ihres schweren Stativs und befestigen Sie Ihre mitgebrachte Montierung auf den S\u00e4ulen.&nbsp; Gegengewichte sind ebenfalls vorhanden.&nbsp; Bitte erkundigen Sie sich vorher wegen der verschiedenen Lochdurchmesser.&nbsp; Tags\u00fcber brauchen auf den S\u00e4ulen montierte Teleskope nicht abgebaut zu werden.&nbsp; Um sie vor Staub und Sonne zu sch\u00fctzen, sollten Sie jedoch Schutzplanen (z.B. Rettungsfolie) mitbringen.&nbsp; Ablagem\u00f6glichkeiten f\u00fcr Sternkarten etc. sind vorhanden.<\/p>\n<p class=\"textblocknoid\">In den Monaten Mai bis September herrscht Winter in Namibia.&nbsp; Warme Kleidung f\u00fcr die Nacht ist dringendst anzuraten, vor allem bei h\u00e4ufig vorkommenden kr\u00e4ftigen Winden.&nbsp; Teilweise werden nachts auch Minusgrade erreicht.&nbsp; Im folgenden die durchschnittlichen H\u00f6chst- und Tiefsttemperaturen auf Hakos:<\/p>\n<div align=\"left\">\n<table width=\"172\" border=\"1\">\n<tbody>\n<tr>\n<td>Mai<\/td>\n<td>25\u00b0C<\/td>\n<td>7\u00b0C<\/td>\n<\/tr>\n<tr>\n<td>Juni<\/td>\n<td>23\u00b0C<\/td>\n<td>5\u00b0C<\/td>\n<\/tr>\n<tr>\n<td>Juli<\/td>\n<td>22\u00b0C<\/td>\n<td>5\u00b0C<\/td>\n<\/tr>\n<tr>\n<td>August<\/td>\n<td>20\u00b0C<\/td>\n<td>6\u00b0C<\/td>\n<\/tr>\n<tr>\n<td>September<\/td>\n<td>28\u00b0C<\/td>\n<td>10\u00b0C<\/td>\n<\/tr>\n<\/tbody>\n<\/table>\n<\/div>\n\n","protected":false},"excerpt":{"rendered":"<p>StromversorgungAuf den Sternwarten stehen 12V und 230V Spannungsversorgung zur Verf\u00fcgung.&nbsp; Auch die S\u00e4ulen k\u00f6nnen wir entsprechend versorgen.&nbsp; Die 12V DC Versorgung verf\u00fcgt \u00fcber Bananensteckeranschluss und Zigarettenanz\u00fcnder-Buchse.&nbsp; Die 230 V Versorgung erfolgt \u00fcber die in&#46;&#46;&#46;<\/p>\n","protected":false},"author":2,"featured_media":0,"parent":0,"menu_order":0,"comment_status":"closed","ping_status":"closed","template":"","meta":{"jetpack_post_was_ever_published":false},"aioseo_notices":[],"jetpack_sharing_enabled":true,"jetpack_shortlink":"https:\/\/wp.me\/PapiHE-3h","_links":{"self":[{"href":"https:\/\/www.hakos-astrofarm.com\/de\/wp-json\/wp\/v2\/pages\/203"}],"collection":[{"href":"https:\/\/www.hakos-astrofarm.com\/de\/wp-json\/wp\/v2\/pages"}],"about":[{"href":"https:\/\/www.hakos-astrofarm.com\/de\/wp-json\/wp\/v2\/types\/page"}],"author":[{"embeddable":true,"href":"https:\/\/www.hakos-astrofarm.com\/de\/wp-json\/wp\/v2\/users\/2"}],"replies":[{"embeddable":true,"href":"https:\/\/www.hakos-astrofarm.com\/de\/wp-json\/wp\/v2\/comments?post=203"}],"version-history":[{"count":15,"href":"https:\/\/www.hakos-astrofarm.com\/de\/wp-json\/wp\/v2\/pages\/203\/revisions"}],"predecessor-version":[{"id":2642,"href":"https:\/\/www.hakos-astrofarm.com\/de\/wp-json\/wp\/v2\/pages\/203\/revisions\/2642"}],"wp:attachment":[{"href":"https:\/\/www.hakos-astrofarm.com\/de\/wp-json\/wp\/v2\/media?parent=203"}],"curies":[{"name":"wp","href":"https:\/\/api.w.org\/{rel}","templated":true}]}}