{"id":2074,"date":"2019-08-21T16:24:58","date_gmt":"2019-08-21T14:24:58","guid":{"rendered":"http:\/\/www.hakos-astrofarm.com\/de\/?page_id=2074"},"modified":"2025-11-01T07:56:33","modified_gmt":"2025-11-01T05:56:33","slug":"aktivitaeten","status":"publish","type":"page","link":"https:\/\/www.hakos-astrofarm.com\/de\/aktivitaeten\/","title":{"rendered":"Aktivit\u00e4ten"},"content":{"rendered":"\t\t<div data-elementor-type=\"wp-page\" data-elementor-id=\"2074\" class=\"elementor elementor-2074\">\n\t\t\t\t\t\t<section class=\"elementor-section elementor-top-section elementor-element elementor-element-d7b841a elementor-section-boxed elementor-section-height-default elementor-section-height-default\" data-id=\"d7b841a\" data-element_type=\"section\">\n\t\t\t\t\t\t<div class=\"elementor-container elementor-column-gap-default\">\n\t\t\t\t\t<div class=\"elementor-column elementor-col-50 elementor-top-column elementor-element elementor-element-56d447e\" data-id=\"56d447e\" data-element_type=\"column\">\n\t\t\t<div class=\"elementor-widget-wrap elementor-element-populated\">\n\t\t\t\t\t\t<div class=\"elementor-element elementor-element-d1a4cc9 elementor-widget elementor-widget-image\" data-id=\"d1a4cc9\" data-element_type=\"widget\" data-settings=\"{&quot;_animation&quot;:&quot;none&quot;}\" data-widget_type=\"image.default\">\n\t\t\t\t<div class=\"elementor-widget-container\">\n\t\t\t\t\t\t\t\t\t\t\t\t\t<img fetchpriority=\"high\" decoding=\"async\" width=\"250\" height=\"250\" src=\"https:\/\/www.hakos-astrofarm.com\/de\/wp-content\/uploads\/2019\/04\/icon_telescope.gif\" class=\"attachment-large size-large wp-image-825\" alt=\"\" \/>\t\t\t\t\t\t\t\t\t\t\t\t\t<\/div>\n\t\t\t\t<\/div>\n\t\t\t\t\t<\/div>\n\t\t<\/div>\n\t\t\t\t<div class=\"elementor-column elementor-col-50 elementor-top-column elementor-element elementor-element-5a78eab\" data-id=\"5a78eab\" data-element_type=\"column\">\n\t\t\t<div class=\"elementor-widget-wrap elementor-element-populated\">\n\t\t\t\t\t\t<div class=\"elementor-element elementor-element-e3338fe elementor-widget elementor-widget-text-editor\" data-id=\"e3338fe\" data-element_type=\"widget\" data-widget_type=\"text-editor.default\">\n\t\t\t\t<div class=\"elementor-widget-container\">\n\t\t\t\t\t\t\t<p>Bei der <strong>Sternf\u00fchrung<\/strong> erkl\u00e4ren wir Ihnen die sch\u00f6nsten Objekte des S\u00fcdhimmels durch ein leistungsstarkes Teleskop.\u00a0 Je nach Sichtbarkeit staunen Sie \u00fcber den Gasplaneten Jupiter mit seinen Monden, \u00fcber die Ringe des Saturns oder \u00fcber die bizarre Kraterlandschaft unseres Mondes.\u00a0 Diese Sternf\u00fchrungen sind f\u00fcr alle Interessierten geeignet, nicht nur f\u00fcr &#8222;Profis&#8220;. Die besten Zeiten den Himmel zu beobachen sind von 4 Tage nach Vollmond bis 3 Tage nach Neumond. An den anderen Tagen \u00fcberstrahlt der Mond die schwachen Objekte in den Abendstunden.\u00a0 Sternbeobachtungen\/-f\u00fchrung finden bei Voranmeldung nach dem Abendessen statt.\u00a0 Auf Hakos verf\u00fcgen wir \u00fcber drei Sternwarten und andere Instrumente sowie S\u00e4ulen f\u00fcr selbst mitgebrachte Instrumente, die wir an Amateurastronomen vermieten.\u00a0 Zus\u00e4tzlich ist die<a href=\"https:\/\/www.ias-observatory.org\/index.php\/de\/\" target=\"_blank\" rel=\"noopener noreferrer\"> Internationale Amateur Sternwarte<\/a> (IAS) bei uns ans\u00e4ssig.\u00a0 Der Verein hat es sich zur Aufgabe gemacht, Amateurastronomen unseren pr\u00e4chtigen Sternenhimmel fernab von st\u00f6rendem Streulicht an einem der besten Pl\u00e4tze der s\u00fcdlichen Hemisph\u00e4re zug\u00e4nglich zu machen.\u00a0 Interessierten Besuchern bieten wir, mit Absprache, eine <strong>Sternwartenbesichtigung<\/strong> w\u00e4hrend des Tages mit Informationen zu den dort vorhandenen Instrumenten.\u00a0 <strong>Sonnenbeobachtungen<\/strong> durchs Teleskop \u2026 ja, das gibt es bei uns!\u00a0 Betrachten Sie am Tage den gl\u00fchenden Sonnenball, unseren n\u00e4chster Stern, mit seinen Protuberanzen &#8211; Materiestr\u00f6me, die am Sonnenrand als 40 000 km hohe leuchtende B\u00f6gen sichtbar sind.<\/p>\t\t\t\t\t\t<\/div>\n\t\t\t\t<\/div>\n\t\t\t\t\t<\/div>\n\t\t<\/div>\n\t\t\t\t\t<\/div>\n\t\t<\/section>\n\t\t\t\t<section class=\"elementor-section elementor-top-section elementor-element elementor-element-6f3583d elementor-section-boxed elementor-section-height-default elementor-section-height-default\" data-id=\"6f3583d\" data-element_type=\"section\">\n\t\t\t\t\t\t<div class=\"elementor-container elementor-column-gap-default\">\n\t\t\t\t\t<div class=\"elementor-column elementor-col-100 elementor-top-column elementor-element elementor-element-a1c2126\" data-id=\"a1c2126\" data-element_type=\"column\">\n\t\t\t<div class=\"elementor-widget-wrap elementor-element-populated\">\n\t\t\t\t\t\t<div class=\"elementor-element elementor-element-84b5d4f elementor-widget-divider--view-line elementor-widget elementor-widget-divider\" data-id=\"84b5d4f\" data-element_type=\"widget\" data-widget_type=\"divider.default\">\n\t\t\t\t<div class=\"elementor-widget-container\">\n\t\t\t\t\t<div class=\"elementor-divider\">\n\t\t\t<span class=\"elementor-divider-separator\">\n\t\t\t\t\t\t<\/span>\n\t\t<\/div>\n\t\t\t\t<\/div>\n\t\t\t\t<\/div>\n\t\t\t\t\t<\/div>\n\t\t<\/div>\n\t\t\t\t\t<\/div>\n\t\t<\/section>\n\t\t\t\t<section class=\"elementor-section elementor-top-section elementor-element elementor-element-1fe6d4b elementor-section-boxed elementor-section-height-default elementor-section-height-default\" data-id=\"1fe6d4b\" data-element_type=\"section\">\n\t\t\t\t\t\t<div class=\"elementor-container elementor-column-gap-default\">\n\t\t\t\t\t<div class=\"elementor-column elementor-col-50 elementor-top-column elementor-element elementor-element-766d877\" data-id=\"766d877\" data-element_type=\"column\">\n\t\t\t<div class=\"elementor-widget-wrap elementor-element-populated\">\n\t\t\t\t\t\t<div class=\"elementor-element elementor-element-7bf1582 elementor-widget elementor-widget-image\" data-id=\"7bf1582\" data-element_type=\"widget\" data-widget_type=\"image.default\">\n\t\t\t\t<div class=\"elementor-widget-container\">\n\t\t\t\t\t\t\t\t\t\t\t\t\t<img decoding=\"async\" width=\"250\" height=\"250\" src=\"https:\/\/www.hakos-astrofarm.com\/de\/wp-content\/uploads\/2019\/04\/icon_4x4.gif\" class=\"attachment-large size-large wp-image-821\" alt=\"\" \/>\t\t\t\t\t\t\t\t\t\t\t\t\t<\/div>\n\t\t\t\t<\/div>\n\t\t\t\t\t<\/div>\n\t\t<\/div>\n\t\t\t\t<div class=\"elementor-column elementor-col-50 elementor-top-column elementor-element elementor-element-4ae94d2\" data-id=\"4ae94d2\" data-element_type=\"column\">\n\t\t\t<div class=\"elementor-widget-wrap elementor-element-populated\">\n\t\t\t\t\t\t<div class=\"elementor-element elementor-element-3c4a0ad elementor-widget elementor-widget-text-editor\" data-id=\"3c4a0ad\" data-element_type=\"widget\" data-widget_type=\"text-editor.default\">\n\t\t\t\t<div class=\"elementor-widget-container\">\n\t\t\t\t\t\t\t<p><strong>4&#215;4 Farmrundfahrten<\/strong> sind besondere H\u00f6hepunkte auf Hakos.\u00a0 Bei diesen Ausfl\u00fcgen k\u00f6nnen Sie Wildtiere wie Bergzebras, Oryx, Kudu oder Paviane beobachten.\u00a0 \u00dcber nahezu unwegsames Gebiet bringen wir Sie mit dem Gel\u00e4ndewagen zum K\u00f6cherbaumwald, ein botanisch ausgefallenes Gebiet mit einer seltenen Ansammlung von bis zu 7 m hohen Baum-Aloen <em>(Aloidendron dichotomum<\/em> vorher <em>Aloe dichotoma),<\/em> sowie u.a. Buschtee <em>(Myrothamnus flabellifolius),<\/em> Buschmannskerze\u00a0<em>(Sarcocaulon rigidum),<\/em> Berg-Wolfsmilch <em>(Euphorbia avasmontana) <\/em>usw<em>.\u00a0<\/em> Ein Ausflug zu dem historischen Flugfeld bietet wunderbare Aussichten ueber das Bergland der Randstufe.\u00a0 Unterwegs treffen Sie auf den gesch\u00fctzten Kameldornbaum (<em>Acacia erioloba<\/em>) &#8211; &#8218;der Korkenzieher&#8216; &#8211; wegen seiner interessanten Form und den Weissstamm-Baum (<em>Boscia albitrunca<\/em>) &#8211; &#8218;der Einsame&#8216; auf seiner Felsenkuppe.\u00a0 Bei einer Fahrt durch das Paradies-Tal und \u00fcber die Wasserscheide erleben Sie unseren &#8218;versteinerten Wald&#8216;, den Weitblick in die Berglandschaft und k\u00f6nnen bis auf den Kamm des Hakosgebierges wandern.\u00a0 Die 4&#215;4 Fahrten sind von der Wegsamkeit abh\u00e4ngig da unsere &#8218;Pads&#8216; in der Regenzeit oft versp\u00fclen.\u00a0<\/p>\t\t\t\t\t\t<\/div>\n\t\t\t\t<\/div>\n\t\t\t\t\t<\/div>\n\t\t<\/div>\n\t\t\t\t\t<\/div>\n\t\t<\/section>\n\t\t\t\t<section class=\"elementor-section elementor-top-section elementor-element elementor-element-5a39579 elementor-section-boxed elementor-section-height-default elementor-section-height-default\" data-id=\"5a39579\" data-element_type=\"section\">\n\t\t\t\t\t\t<div class=\"elementor-container elementor-column-gap-default\">\n\t\t\t\t\t<div class=\"elementor-column elementor-col-100 elementor-top-column elementor-element elementor-element-3f869ef\" data-id=\"3f869ef\" data-element_type=\"column\">\n\t\t\t<div class=\"elementor-widget-wrap elementor-element-populated\">\n\t\t\t\t\t\t<div class=\"elementor-element elementor-element-84a5efd elementor-widget-divider--view-line elementor-widget elementor-widget-divider\" data-id=\"84a5efd\" data-element_type=\"widget\" data-widget_type=\"divider.default\">\n\t\t\t\t<div class=\"elementor-widget-container\">\n\t\t\t\t\t<div class=\"elementor-divider\">\n\t\t\t<span class=\"elementor-divider-separator\">\n\t\t\t\t\t\t<\/span>\n\t\t<\/div>\n\t\t\t\t<\/div>\n\t\t\t\t<\/div>\n\t\t\t\t\t<\/div>\n\t\t<\/div>\n\t\t\t\t\t<\/div>\n\t\t<\/section>\n\t\t\t\t<section class=\"elementor-section elementor-top-section elementor-element elementor-element-c481758 elementor-section-boxed elementor-section-height-default elementor-section-height-default\" data-id=\"c481758\" data-element_type=\"section\">\n\t\t\t\t\t\t<div class=\"elementor-container elementor-column-gap-default\">\n\t\t\t\t\t<div class=\"elementor-column elementor-col-50 elementor-top-column elementor-element elementor-element-c2127ee\" data-id=\"c2127ee\" data-element_type=\"column\">\n\t\t\t<div class=\"elementor-widget-wrap elementor-element-populated\">\n\t\t\t\t\t\t<div class=\"elementor-element elementor-element-a3479f0 elementor-widget elementor-widget-image\" data-id=\"a3479f0\" data-element_type=\"widget\" data-widget_type=\"image.default\">\n\t\t\t\t<div class=\"elementor-widget-container\">\n\t\t\t\t\t\t\t\t\t\t\t\t\t<img decoding=\"async\" width=\"250\" height=\"250\" src=\"https:\/\/www.hakos-astrofarm.com\/de\/wp-content\/uploads\/2019\/04\/icon_walk1.gif\" class=\"attachment-large size-large wp-image-827\" alt=\"\" \/>\t\t\t\t\t\t\t\t\t\t\t\t\t<\/div>\n\t\t\t\t<\/div>\n\t\t\t\t\t<\/div>\n\t\t<\/div>\n\t\t\t\t<div class=\"elementor-column elementor-col-50 elementor-top-column elementor-element elementor-element-12c0101\" data-id=\"12c0101\" data-element_type=\"column\">\n\t\t\t<div class=\"elementor-widget-wrap elementor-element-populated\">\n\t\t\t\t\t\t<div class=\"elementor-element elementor-element-a669994 elementor-widget elementor-widget-text-editor\" data-id=\"a669994\" data-element_type=\"widget\" data-widget_type=\"text-editor.default\">\n\t\t\t\t<div class=\"elementor-widget-container\">\n\t\t\t\t\t\t\t<p>Die weitl\u00e4ufigen Wege der Farm laden zu ausgiebigen <strong>Wanderungen<\/strong> ein.\u00a0 Durch die\u00a0Begehung\u00a0des <a href=\"https:\/\/www.hakos-astrofarm.com\/de\/planetenweg\/\">Planetenweges<\/a>, zusammen mit einer abendlichen Sternf\u00fchrung, erhalten auch G\u00e4ste ohne astronomische Fachkenntnisse eine abgerundete Einf\u00fchrung in die Astronomie.\u00a0 K\u00f6nnen Sie sich eine Entfernung von \u00fcber 4 Milliarden Kilometer vorstellen?\u00a0 So weit ist es von der Erde bis zum \u00e4u\u00dfersten Planeten unseres Sonnensystems, dem Neptun.\u00a0 Der Planetenweg erm\u00f6glicht dem Besucher diese Dimensionen k\u00f6rperlich erlebbar zu machen, denn er entspricht einer ma\u00dfstabsgetreuen Darstellung der Objekte unseres Sonnensystems und ihrer Abst\u00e4nde.\u00a0 Ausgehend von der Sonne mit einem Durchmesser von 1,24 m im Modell k\u00f6nnen Sie von der Hakos-Farm aus unser Sonnensystem durchwandern und erreichen nach 2 km den fernsten Planeten Neptun am Aussichtspunkt &#8218;Walter\u2018s Point&#8216;.\u00a0 Alternative Wanderungen je nach Fitness und Abenteuerlust k\u00f6nnen bis auf den Grad des Hakosgebirges unternommen werden, zu dem Wasserfall, entlang den Zebrapfaden oder auch einfach den Farm&#8217;pads&#8216; (Fahrwege) folgend.\u00a0 Der Rundgang <a href=\"http:\/\/www.hakos-astrofarm.com\/de\/wp-content\/uploads\/2020\/04\/Hakos-Entdeckungsraum.pdf\" target=\"_blank\" rel=\"noopener\">Entdeckungsraum-Hakos-Landschaftsinterpretation<\/a>\u00a0mit Info-Heft gibt Ihnen einen Hintergrund zur Farmerei.\u00a0 Zu folgenden Wanderwegen gibt es Beschreibungen: <a href=\"http:\/\/www.hakos-astrofarm.com\/de\/wp-content\/uploads\/2020\/05\/HakosMountainTrail.pdf\" target=\"_blank\" rel=\"noopener\">Hakos Mountain Trail<\/a>, <a href=\"http:\/\/www.hakos-astrofarm.com\/de\/wp-content\/uploads\/2020\/05\/Koecherbaum-QuiverTreeTrail.pdf\" target=\"_blank\" rel=\"noopener\">K\u00f6cherbaum Trail<\/a>, <a href=\"http:\/\/www.hakos-astrofarm.com\/de\/wp-content\/uploads\/2020\/05\/MoringaTrail.pdf\" target=\"_blank\" rel=\"noopener\">Moringa Trail<\/a>, <a href=\"http:\/\/www.hakos-astrofarm.com\/de\/wp-content\/uploads\/2020\/05\/PostTowerTrail.pdf\" target=\"_blank\" rel=\"noopener\">Post Tower Trail<\/a>, <a href=\"http:\/\/www.hakos-astrofarm.com\/de\/wp-content\/uploads\/2020\/05\/RiverTrail.pdf\" target=\"_blank\" rel=\"noopener\">River Trail<\/a>, <a href=\"http:\/\/www.hakos-astrofarm.com\/de\/wp-content\/uploads\/2020\/05\/WaterfallTrail.pdf\" target=\"_blank\" rel=\"noopener\">Waterfall Trail<\/a>, <a href=\"http:\/\/www.hakos-astrofarm.com\/de\/wp-content\/uploads\/2020\/05\/ZebraTrail.pdf\" target=\"_blank\" rel=\"noopener\">Zebra Trail<\/a>. Wenn Sie die Komoot-App zum wandern benutzen, k\u00f6nnen Sie \u00fcber <a title=\"QR-Codes Komoot-App\" href=\"https:\/\/www.hakos-astrofarm.com\/de\/wp-content\/uploads\/2024\/09\/Komoot-Wanderrouten-QR-Code-.pdf\" target=\"_blank\" rel=\"noopener\">diese QR-Codes<\/a> die entsprechenden Routen direkt laden.<\/p>\t\t\t\t\t\t<\/div>\n\t\t\t\t<\/div>\n\t\t\t\t\t<\/div>\n\t\t<\/div>\n\t\t\t\t\t<\/div>\n\t\t<\/section>\n\t\t\t\t<section class=\"elementor-section elementor-top-section elementor-element elementor-element-d76caa4 elementor-section-boxed elementor-section-height-default elementor-section-height-default\" data-id=\"d76caa4\" data-element_type=\"section\">\n\t\t\t\t\t\t<div class=\"elementor-container elementor-column-gap-default\">\n\t\t\t\t\t<div class=\"elementor-column elementor-col-100 elementor-top-column elementor-element elementor-element-17fa8a2\" data-id=\"17fa8a2\" data-element_type=\"column\">\n\t\t\t<div class=\"elementor-widget-wrap elementor-element-populated\">\n\t\t\t\t\t\t<div class=\"elementor-element elementor-element-2045ce0 elementor-widget-divider--view-line elementor-widget elementor-widget-divider\" data-id=\"2045ce0\" data-element_type=\"widget\" data-widget_type=\"divider.default\">\n\t\t\t\t<div class=\"elementor-widget-container\">\n\t\t\t\t\t<div class=\"elementor-divider\">\n\t\t\t<span class=\"elementor-divider-separator\">\n\t\t\t\t\t\t<\/span>\n\t\t<\/div>\n\t\t\t\t<\/div>\n\t\t\t\t<\/div>\n\t\t\t\t\t<\/div>\n\t\t<\/div>\n\t\t\t\t\t<\/div>\n\t\t<\/section>\n\t\t\t\t<section class=\"elementor-section elementor-top-section elementor-element elementor-element-9b15807 elementor-section-boxed elementor-section-height-default elementor-section-height-default\" data-id=\"9b15807\" data-element_type=\"section\">\n\t\t\t\t\t\t<div class=\"elementor-container elementor-column-gap-default\">\n\t\t\t\t\t<div class=\"elementor-column elementor-col-50 elementor-top-column elementor-element elementor-element-f839106\" data-id=\"f839106\" data-element_type=\"column\">\n\t\t\t<div class=\"elementor-widget-wrap elementor-element-populated\">\n\t\t\t\t\t\t<div class=\"elementor-element elementor-element-af96ef0 elementor-widget elementor-widget-image\" data-id=\"af96ef0\" data-element_type=\"widget\" data-widget_type=\"image.default\">\n\t\t\t\t<div class=\"elementor-widget-container\">\n\t\t\t\t\t\t\t\t\t\t\t\t\t<img loading=\"lazy\" decoding=\"async\" width=\"250\" height=\"250\" src=\"https:\/\/www.hakos-astrofarm.com\/de\/wp-content\/uploads\/2019\/08\/iron-off-road_vehicle-250x250.jpg\" class=\"attachment-large size-large wp-image-2081\" alt=\"\" srcset=\"https:\/\/www.hakos-astrofarm.com\/de\/wp-content\/uploads\/2019\/08\/iron-off-road_vehicle-250x250.jpg 250w, https:\/\/www.hakos-astrofarm.com\/de\/wp-content\/uploads\/2019\/08\/iron-off-road_vehicle-250x250-150x150.jpg 150w, https:\/\/www.hakos-astrofarm.com\/de\/wp-content\/uploads\/2019\/08\/iron-off-road_vehicle-250x250-160x160.jpg 160w\" sizes=\"(max-width: 250px) 100vw, 250px\" \/>\t\t\t\t\t\t\t\t\t\t\t\t\t<\/div>\n\t\t\t\t<\/div>\n\t\t\t\t\t<\/div>\n\t\t<\/div>\n\t\t\t\t<div class=\"elementor-column elementor-col-50 elementor-top-column elementor-element elementor-element-42965f3\" data-id=\"42965f3\" data-element_type=\"column\">\n\t\t\t<div class=\"elementor-widget-wrap elementor-element-populated\">\n\t\t\t\t\t\t<div class=\"elementor-element elementor-element-65a8e00 elementor-widget elementor-widget-text-editor\" data-id=\"65a8e00\" data-element_type=\"widget\" data-widget_type=\"text-editor.default\">\n\t\t\t\t<div class=\"elementor-widget-container\">\n\t\t\t\t\t\t\t<p>Wir bieten Ihnen Exkursionen auf benachbarte Farmen.\u00a0 Folgende<strong> Tages-Ausfl\u00fcge<\/strong> k\u00f6nnen vorort arrangiert werden:<\/p><ul><li>Das\u00a0<strong>Hess Projekt<\/strong> bietet einen Einblick in die\u00a0Gammastrahlen-Astronomie.<\/li><li><strong>Savannen-Exkursion <\/strong>mit Wildbeobachtung vom offenen Gel\u00e4ndewagen.<\/li><li><strong>Buschmannzeichnungen<\/strong> auf Farm G\u00f6llschau und Farm Rooisand.<\/li><li>Ein besinnlicher Ausflug zu einem\u00a0<strong>Labyrinth <\/strong>inmitten riesiger Granitfelsen l\u00e4dt zum wandern und philosophischen Austausch ein.<\/li><\/ul>\t\t\t\t\t\t<\/div>\n\t\t\t\t<\/div>\n\t\t\t\t\t<\/div>\n\t\t<\/div>\n\t\t\t\t\t<\/div>\n\t\t<\/section>\n\t\t\t\t<section class=\"elementor-section elementor-top-section elementor-element elementor-element-0a687ff elementor-section-boxed elementor-section-height-default elementor-section-height-default\" data-id=\"0a687ff\" data-element_type=\"section\">\n\t\t\t\t\t\t<div class=\"elementor-container elementor-column-gap-default\">\n\t\t\t\t\t<div class=\"elementor-column elementor-col-100 elementor-top-column elementor-element elementor-element-9487b3f\" data-id=\"9487b3f\" data-element_type=\"column\">\n\t\t\t<div class=\"elementor-widget-wrap elementor-element-populated\">\n\t\t\t\t\t\t<div class=\"elementor-element elementor-element-9acc8ae elementor-widget-divider--view-line elementor-widget elementor-widget-divider\" data-id=\"9acc8ae\" data-element_type=\"widget\" data-widget_type=\"divider.default\">\n\t\t\t\t<div class=\"elementor-widget-container\">\n\t\t\t\t\t<div class=\"elementor-divider\">\n\t\t\t<span class=\"elementor-divider-separator\">\n\t\t\t\t\t\t<\/span>\n\t\t<\/div>\n\t\t\t\t<\/div>\n\t\t\t\t<\/div>\n\t\t\t\t\t<\/div>\n\t\t<\/div>\n\t\t\t\t\t<\/div>\n\t\t<\/section>\n\t\t\t\t<section class=\"elementor-section elementor-top-section elementor-element elementor-element-1394253 elementor-section-boxed elementor-section-height-default elementor-section-height-default\" data-id=\"1394253\" data-element_type=\"section\">\n\t\t\t\t\t\t<div class=\"elementor-container elementor-column-gap-default\">\n\t\t\t\t\t<div class=\"elementor-column elementor-col-50 elementor-top-column elementor-element elementor-element-5bbbdda\" data-id=\"5bbbdda\" data-element_type=\"column\">\n\t\t\t<div class=\"elementor-widget-wrap elementor-element-populated\">\n\t\t\t\t\t\t<div class=\"elementor-element elementor-element-9615ee4 elementor-widget elementor-widget-image\" data-id=\"9615ee4\" data-element_type=\"widget\" data-widget_type=\"image.default\">\n\t\t\t\t<div class=\"elementor-widget-container\">\n\t\t\t\t\t\t\t\t\t\t\t\t\t<img loading=\"lazy\" decoding=\"async\" width=\"250\" height=\"250\" src=\"https:\/\/www.hakos-astrofarm.com\/de\/wp-content\/uploads\/2019\/04\/icon_kamera1.gif\" class=\"attachment-large size-large wp-image-822\" alt=\"\" \/>\t\t\t\t\t\t\t\t\t\t\t\t\t<\/div>\n\t\t\t\t<\/div>\n\t\t\t\t\t<\/div>\n\t\t<\/div>\n\t\t\t\t<div class=\"elementor-column elementor-col-50 elementor-top-column elementor-element elementor-element-566b868\" data-id=\"566b868\" data-element_type=\"column\">\n\t\t\t<div class=\"elementor-widget-wrap elementor-element-populated\">\n\t\t\t\t\t\t<div class=\"elementor-element elementor-element-5a390c1 elementor-widget elementor-widget-text-editor\" data-id=\"5a390c1\" data-element_type=\"widget\" data-widget_type=\"text-editor.default\">\n\t\t\t\t<div class=\"elementor-widget-container\">\n\t\t\t\t\t\t\t<p>Ob Wild- und Vogelbeobachtungen oder Landschaft &#8211; tolle <strong>Fotomotive<\/strong> entdecken Sie garantiert auf den Wanderwegen.\u00a0 Die Hakosberge bieten in den fr\u00fchen Morgenstunden eine spektakul\u00e4re Kulisse mit ihrem Schattenspiel.\u00a0 Je nach Jahreszeit\u00a0bilden B\u00fcsche und B\u00e4ume bizarre\u00a0Silhouetten\u00a0nebst interessanten\u00a0Gesteins-Adern.\u00a0 Der Sonnenuntergang zieht den Blick\u00a0in die weite Ferne der Namibw\u00fcste und ein atemberaubendes Naturschauspiel kann vorallem zur Regenzeit\u00a0beobachtet werden.<\/p>\t\t\t\t\t\t<\/div>\n\t\t\t\t<\/div>\n\t\t\t\t\t<\/div>\n\t\t<\/div>\n\t\t\t\t\t<\/div>\n\t\t<\/section>\n\t\t\t\t<section class=\"elementor-section elementor-top-section elementor-element elementor-element-1a14e48 elementor-section-boxed elementor-section-height-default elementor-section-height-default\" data-id=\"1a14e48\" data-element_type=\"section\">\n\t\t\t\t\t\t<div class=\"elementor-container elementor-column-gap-default\">\n\t\t\t\t\t<div class=\"elementor-column elementor-col-100 elementor-top-column elementor-element elementor-element-4db6c41\" data-id=\"4db6c41\" data-element_type=\"column\">\n\t\t\t<div class=\"elementor-widget-wrap elementor-element-populated\">\n\t\t\t\t\t\t<div class=\"elementor-element elementor-element-7a5c68d elementor-widget-divider--view-line elementor-widget elementor-widget-divider\" data-id=\"7a5c68d\" data-element_type=\"widget\" data-widget_type=\"divider.default\">\n\t\t\t\t<div class=\"elementor-widget-container\">\n\t\t\t\t\t<div class=\"elementor-divider\">\n\t\t\t<span class=\"elementor-divider-separator\">\n\t\t\t\t\t\t<\/span>\n\t\t<\/div>\n\t\t\t\t<\/div>\n\t\t\t\t<\/div>\n\t\t\t\t\t<\/div>\n\t\t<\/div>\n\t\t\t\t\t<\/div>\n\t\t<\/section>\n\t\t\t\t<section class=\"elementor-section elementor-top-section elementor-element elementor-element-1ee9095 elementor-section-boxed elementor-section-height-default elementor-section-height-default\" data-id=\"1ee9095\" data-element_type=\"section\">\n\t\t\t\t\t\t<div class=\"elementor-container elementor-column-gap-default\">\n\t\t\t\t\t<div class=\"elementor-column elementor-col-50 elementor-top-column elementor-element elementor-element-9b8f192\" data-id=\"9b8f192\" data-element_type=\"column\">\n\t\t\t<div class=\"elementor-widget-wrap elementor-element-populated\">\n\t\t\t\t\t\t<div class=\"elementor-element elementor-element-d339344 elementor-widget elementor-widget-image\" data-id=\"d339344\" data-element_type=\"widget\" data-widget_type=\"image.default\">\n\t\t\t\t<div class=\"elementor-widget-container\">\n\t\t\t\t\t\t\t\t\t\t\t\t\t<img loading=\"lazy\" decoding=\"async\" width=\"250\" height=\"250\" src=\"https:\/\/www.hakos-astrofarm.com\/de\/wp-content\/uploads\/2019\/04\/icon_swem1.gif\" class=\"attachment-large size-large wp-image-824\" alt=\"\" \/>\t\t\t\t\t\t\t\t\t\t\t\t\t<\/div>\n\t\t\t\t<\/div>\n\t\t\t\t\t<\/div>\n\t\t<\/div>\n\t\t\t\t<div class=\"elementor-column elementor-col-50 elementor-top-column elementor-element elementor-element-2d5d03b\" data-id=\"2d5d03b\" data-element_type=\"column\">\n\t\t\t<div class=\"elementor-widget-wrap elementor-element-populated\">\n\t\t\t\t\t\t<div class=\"elementor-element elementor-element-b2f1962 elementor-widget elementor-widget-text-editor\" data-id=\"b2f1962\" data-element_type=\"widget\" data-widget_type=\"text-editor.default\">\n\t\t\t\t<div class=\"elementor-widget-container\">\n\t\t\t\t\t\t\t<p>An hei\u00dfen oder auch windigen Tagen k\u00f6nnen Sie sich im <strong>Hallenschwimmbad <\/strong>erfrischen.<\/p>\t\t\t\t\t\t<\/div>\n\t\t\t\t<\/div>\n\t\t\t\t\t<\/div>\n\t\t<\/div>\n\t\t\t\t\t<\/div>\n\t\t<\/section>\n\t\t\t\t<\/div>\n\t\t","protected":false},"excerpt":{"rendered":"<p>Bei der Sternf\u00fchrung erkl\u00e4ren wir Ihnen die sch\u00f6nsten Objekte des S\u00fcdhimmels durch ein leistungsstarkes Teleskop.\u00a0 Je nach Sichtbarkeit staunen Sie \u00fcber den Gasplaneten Jupiter mit seinen Monden, \u00fcber die Ringe des Saturns oder \u00fcber&#46;&#46;&#46;<\/p>\n","protected":false},"author":1,"featured_media":0,"parent":0,"menu_order":0,"comment_status":"closed","ping_status":"closed","template":"","meta":{"jetpack_post_was_ever_published":false},"aioseo_notices":[],"jetpack_sharing_enabled":true,"jetpack_shortlink":"https:\/\/wp.me\/PapiHE-xs","_links":{"self":[{"href":"https:\/\/www.hakos-astrofarm.com\/de\/wp-json\/wp\/v2\/pages\/2074"}],"collection":[{"href":"https:\/\/www.hakos-astrofarm.com\/de\/wp-json\/wp\/v2\/pages"}],"about":[{"href":"https:\/\/www.hakos-astrofarm.com\/de\/wp-json\/wp\/v2\/types\/page"}],"author":[{"embeddable":true,"href":"https:\/\/www.hakos-astrofarm.com\/de\/wp-json\/wp\/v2\/users\/1"}],"replies":[{"embeddable":true,"href":"https:\/\/www.hakos-astrofarm.com\/de\/wp-json\/wp\/v2\/comments?post=2074"}],"version-history":[{"count":57,"href":"https:\/\/www.hakos-astrofarm.com\/de\/wp-json\/wp\/v2\/pages\/2074\/revisions"}],"predecessor-version":[{"id":4054,"href":"https:\/\/www.hakos-astrofarm.com\/de\/wp-json\/wp\/v2\/pages\/2074\/revisions\/4054"}],"wp:attachment":[{"href":"https:\/\/www.hakos-astrofarm.com\/de\/wp-json\/wp\/v2\/media?parent=2074"}],"curies":[{"name":"wp","href":"https:\/\/api.w.org\/{rel}","templated":true}]}}