{"id":2087,"date":"2019-08-21T17:54:24","date_gmt":"2019-08-21T15:54:24","guid":{"rendered":"http:\/\/www.hakos-astrofarm.com\/de\/?page_id=2087"},"modified":"2026-01-14T10:40:55","modified_gmt":"2026-01-14T08:40:55","slug":"gastgeber","status":"publish","type":"page","link":"https:\/\/www.hakos-astrofarm.com\/de\/gastgeber\/","title":{"rendered":"Gastgeber &#8211; Das neue Team"},"content":{"rendered":"\t\t<div data-elementor-type=\"wp-page\" data-elementor-id=\"2087\" class=\"elementor elementor-2087\">\n\t\t\t\t\t\t<section class=\"elementor-section elementor-top-section elementor-element elementor-element-0562a67 elementor-section-full_width elementor-section-height-default elementor-section-height-default\" data-id=\"0562a67\" data-element_type=\"section\">\n\t\t\t\t\t\t<div class=\"elementor-container elementor-column-gap-default\">\n\t\t\t\t\t<div class=\"elementor-column elementor-col-100 elementor-top-column elementor-element elementor-element-d5403f4\" data-id=\"d5403f4\" data-element_type=\"column\">\n\t\t\t<div class=\"elementor-widget-wrap elementor-element-populated\">\n\t\t\t\t\t\t<div class=\"elementor-element elementor-element-e6cf953 elementor-widget elementor-widget-text-editor\" data-id=\"e6cf953\" data-element_type=\"widget\" data-widget_type=\"text-editor.default\">\n\t\t\t\t<div class=\"elementor-widget-container\">\n\t\t\t\t\t\t\t<p style=\"text-align: center;\"><strong>Am 1. M\u00e4rz\u00a0 2024\u00a0 wurde der G\u00e4stebetrieb von einem neuen Team \u00fcbernommen<\/strong><\/p><p style=\"text-align: center;\">Die bisherigen Betreiber <a title=\"Remote-Sternwarten-(neu)\" href=\"https:\/\/www.hakos-astrofarm.com\/de\/remote-sternwarten\/\">Waltraud Straube und Friedhelm Hund<\/a> haben den Betrieb innerhalb der Familie an zwei von Waltrauds Geschwistern mit den jeweiligen Partnern weiter gegeben.<\/p><p style=\"text-align: center;\">Waltraud und Friedhelm leben weiterhin auf Hakos und betreiben die <a href=\"https:\/\/www.hakos-astrofarm.com\/de\/remote-sternwarten\/\">jetzigen 19 Remotesternwarten<\/a>.<\/p>\t\t\t\t\t\t<\/div>\n\t\t\t\t<\/div>\n\t\t\t\t\t<\/div>\n\t\t<\/div>\n\t\t\t\t\t<\/div>\n\t\t<\/section>\n\t\t\t\t<section class=\"elementor-section elementor-top-section elementor-element elementor-element-9d9e00d elementor-section-full_width elementor-section-height-default elementor-section-height-default\" data-id=\"9d9e00d\" data-element_type=\"section\">\n\t\t\t\t\t\t<div class=\"elementor-container elementor-column-gap-default\">\n\t\t\t\t\t<div class=\"elementor-column elementor-col-100 elementor-top-column elementor-element elementor-element-425ab0c\" data-id=\"425ab0c\" data-element_type=\"column\">\n\t\t\t<div class=\"elementor-widget-wrap elementor-element-populated\">\n\t\t\t\t\t\t<div class=\"elementor-element elementor-element-904301d elementor-widget-divider--view-line elementor-widget elementor-widget-divider\" data-id=\"904301d\" data-element_type=\"widget\" data-widget_type=\"divider.default\">\n\t\t\t\t<div class=\"elementor-widget-container\">\n\t\t\t\t\t<div class=\"elementor-divider\">\n\t\t\t<span class=\"elementor-divider-separator\">\n\t\t\t\t\t\t<\/span>\n\t\t<\/div>\n\t\t\t\t<\/div>\n\t\t\t\t<\/div>\n\t\t\t\t\t<\/div>\n\t\t<\/div>\n\t\t\t\t\t<\/div>\n\t\t<\/section>\n\t\t\t\t<section class=\"elementor-section elementor-top-section elementor-element elementor-element-d6bd86c elementor-section-full_width elementor-section-height-default elementor-section-height-default\" data-id=\"d6bd86c\" data-element_type=\"section\">\n\t\t\t\t\t\t<div class=\"elementor-container elementor-column-gap-default\">\n\t\t\t\t\t<div class=\"elementor-column elementor-col-50 elementor-top-column elementor-element elementor-element-fbd67eb\" data-id=\"fbd67eb\" data-element_type=\"column\">\n\t\t\t<div class=\"elementor-widget-wrap elementor-element-populated\">\n\t\t\t\t\t\t<div class=\"elementor-element elementor-element-ed7ed98 elementor-widget-mobile__width-initial elementor-widget elementor-widget-image\" data-id=\"ed7ed98\" data-element_type=\"widget\" data-widget_type=\"image.default\">\n\t\t\t\t<div class=\"elementor-widget-container\">\n\t\t\t\t\t\t\t\t\t\t\t\t\t<img decoding=\"async\" src=\"https:\/\/www.hakos-astrofarm.com\/de\/wp-content\/uploads\/elementor\/thumbs\/Ali-Hakos-qkh4l6quu190o4otsdhfqfl14rwguxhuquk15ni7eu.jpg\" title=\"Ali\" alt=\"Ali\" loading=\"lazy\" \/>\t\t\t\t\t\t\t\t\t\t\t\t\t<\/div>\n\t\t\t\t<\/div>\n\t\t\t\t\t<\/div>\n\t\t<\/div>\n\t\t\t\t<div class=\"elementor-column elementor-col-50 elementor-top-column elementor-element elementor-element-5abc089\" data-id=\"5abc089\" data-element_type=\"column\">\n\t\t\t<div class=\"elementor-widget-wrap elementor-element-populated\">\n\t\t\t\t\t\t<div class=\"elementor-element elementor-element-6e31e3b elementor-widget elementor-widget-text-editor\" data-id=\"6e31e3b\" data-element_type=\"widget\" data-widget_type=\"text-editor.default\">\n\t\t\t\t<div class=\"elementor-widget-container\">\n\t\t\t\t\t\t\t<p style=\"text-align: center;\"><strong>Ali (Alfred) Straube<\/strong><\/p><p style=\"text-align: left;\">In Windhoek geboren und als Farmkind auf Hohenheim, der Nachbarfarm von Hakos aufgewachsen. Schon in der Schulzeit liebte er es in den Ferien seinen Vater Walter bei der Farmarbeit zu unterst\u00fctzen. Sp\u00e4ter absolvierte er ein duales Studium in Kapstadt zum Maschinenbauer. Der praktische Teil seines Studiums fand in der Kupfermine, im hohen Norden Namibias, in Tsumeb statt. 1993 wanderte er nach Deutschland aus und baute dort zun\u00e4chst als Bauleiter ein altes Gutshaus zum Ferienhof um. Anschlie\u00dfend begann er als Programmierer und Projektleiter bei der Firma Abas im ERP Bereich zu arbeiten. Doch die Verbindung zur Heimat Namibia brach nie ab und der Traum wieder auf einer Farm mitzuwirken war immer da und kann jetzt auf Hakos in die Realit\u00e4t umgesetzt werden.<\/p>\t\t\t\t\t\t<\/div>\n\t\t\t\t<\/div>\n\t\t\t\t\t<\/div>\n\t\t<\/div>\n\t\t\t\t\t<\/div>\n\t\t<\/section>\n\t\t\t\t<section class=\"elementor-section elementor-top-section elementor-element elementor-element-0204ee3 elementor-section-full_width elementor-section-height-default elementor-section-height-default\" data-id=\"0204ee3\" data-element_type=\"section\">\n\t\t\t\t\t\t<div class=\"elementor-container elementor-column-gap-default\">\n\t\t\t\t\t<div class=\"elementor-column elementor-col-100 elementor-top-column elementor-element elementor-element-ab269b7\" data-id=\"ab269b7\" data-element_type=\"column\">\n\t\t\t<div class=\"elementor-widget-wrap elementor-element-populated\">\n\t\t\t\t\t\t<div class=\"elementor-element elementor-element-4ea795a elementor-widget-divider--view-line elementor-widget elementor-widget-divider\" data-id=\"4ea795a\" data-element_type=\"widget\" data-widget_type=\"divider.default\">\n\t\t\t\t<div class=\"elementor-widget-container\">\n\t\t\t\t\t<div class=\"elementor-divider\">\n\t\t\t<span class=\"elementor-divider-separator\">\n\t\t\t\t\t\t<\/span>\n\t\t<\/div>\n\t\t\t\t<\/div>\n\t\t\t\t<\/div>\n\t\t\t\t\t<\/div>\n\t\t<\/div>\n\t\t\t\t\t<\/div>\n\t\t<\/section>\n\t\t\t\t<section class=\"elementor-section elementor-top-section elementor-element elementor-element-8eedbe7 elementor-section-full_width elementor-section-height-default elementor-section-height-default\" data-id=\"8eedbe7\" data-element_type=\"section\">\n\t\t\t\t\t\t<div class=\"elementor-container elementor-column-gap-default\">\n\t\t\t\t\t<div class=\"elementor-column elementor-col-50 elementor-top-column elementor-element elementor-element-26a372e\" data-id=\"26a372e\" data-element_type=\"column\">\n\t\t\t<div class=\"elementor-widget-wrap elementor-element-populated\">\n\t\t\t\t\t\t<div class=\"elementor-element elementor-element-24bcfd1 elementor-widget-mobile__width-initial elementor-widget elementor-widget-image\" data-id=\"24bcfd1\" data-element_type=\"widget\" data-widget_type=\"image.default\">\n\t\t\t\t<div class=\"elementor-widget-container\">\n\t\t\t\t\t\t\t\t\t\t\t\t\t<img decoding=\"async\" src=\"https:\/\/www.hakos-astrofarm.com\/de\/wp-content\/uploads\/elementor\/thumbs\/Doro-Hakos-qkh4ldbq5vi0xef9pybtpvx9ah01ct7z3r4fil8g7a.jpg\" title=\"Doro\" alt=\"Doro\" loading=\"lazy\" \/>\t\t\t\t\t\t\t\t\t\t\t\t\t<\/div>\n\t\t\t\t<\/div>\n\t\t\t\t\t<\/div>\n\t\t<\/div>\n\t\t\t\t<div class=\"elementor-column elementor-col-50 elementor-top-column elementor-element elementor-element-c0e3b78\" data-id=\"c0e3b78\" data-element_type=\"column\">\n\t\t\t<div class=\"elementor-widget-wrap elementor-element-populated\">\n\t\t\t\t\t\t<div class=\"elementor-element elementor-element-c0adb24 elementor-widget elementor-widget-text-editor\" data-id=\"c0adb24\" data-element_type=\"widget\" data-widget_type=\"text-editor.default\">\n\t\t\t\t<div class=\"elementor-widget-container\">\n\t\t\t\t\t\t\t<p style=\"text-align: center;\"><strong>Doro (Dorothea) Straube<\/strong><\/p><p>Sie ist in Tsumeb geboren und aufgewachsen und ist mit 18 Jahren nach Deutschland ausgewandert. Zuerst erlernte sie den Beruf der Blumenkunst als Floristin und sp\u00e4ter nach der Geburt der beiden Kinder Timo und Ronja eine Erzieherausbildung. Die Verbundenheit zur Natur konnte sie als Leitung im Bauernhof-Waldkindergarten gut ausleben. <br \/>Ebenso liebt sie mit ihrem Mann Ali das Reisen. Fast jedes Jahr besuchte sie mit der Familie die Verwandtschaft im fernen Namibia, weshalb sie immer mit dem Gedanken gespielt hat irgendwann mal wieder in die alte Heimat zur\u00fcckzukehren. Obwohl sie nun das \u00f6kologische Holzhaus in der Pfalz zur\u00fcck lassen muss, freut sie sich auf die neue Herausforderung auf der G\u00e4stefarm im Bereich der K\u00fcche, der Gartenarbeit und der\u00a0G\u00e4stebetreuung.<\/p>\t\t\t\t\t\t<\/div>\n\t\t\t\t<\/div>\n\t\t\t\t\t<\/div>\n\t\t<\/div>\n\t\t\t\t\t<\/div>\n\t\t<\/section>\n\t\t\t\t<section class=\"elementor-section elementor-top-section elementor-element elementor-element-924d68c elementor-section-full_width elementor-section-height-default elementor-section-height-default\" data-id=\"924d68c\" data-element_type=\"section\">\n\t\t\t\t\t\t<div class=\"elementor-container elementor-column-gap-default\">\n\t\t\t\t\t<div class=\"elementor-column elementor-col-100 elementor-top-column elementor-element elementor-element-316f07d\" data-id=\"316f07d\" data-element_type=\"column\">\n\t\t\t<div class=\"elementor-widget-wrap elementor-element-populated\">\n\t\t\t\t\t\t<div class=\"elementor-element elementor-element-1ea2ccc elementor-widget-divider--view-line elementor-widget elementor-widget-divider\" data-id=\"1ea2ccc\" data-element_type=\"widget\" data-widget_type=\"divider.default\">\n\t\t\t\t<div class=\"elementor-widget-container\">\n\t\t\t\t\t<div class=\"elementor-divider\">\n\t\t\t<span class=\"elementor-divider-separator\">\n\t\t\t\t\t\t<\/span>\n\t\t<\/div>\n\t\t\t\t<\/div>\n\t\t\t\t<\/div>\n\t\t\t\t\t<\/div>\n\t\t<\/div>\n\t\t\t\t\t<\/div>\n\t\t<\/section>\n\t\t\t\t<section class=\"elementor-section elementor-top-section elementor-element elementor-element-ddda062 elementor-section-full_width elementor-section-height-default elementor-section-height-default\" data-id=\"ddda062\" data-element_type=\"section\">\n\t\t\t\t\t\t<div class=\"elementor-container elementor-column-gap-default\">\n\t\t\t\t\t<div class=\"elementor-column elementor-col-50 elementor-top-column elementor-element elementor-element-9ba7d95\" data-id=\"9ba7d95\" data-element_type=\"column\">\n\t\t\t<div class=\"elementor-widget-wrap elementor-element-populated\">\n\t\t\t\t\t\t<div class=\"elementor-element elementor-element-3b44caf elementor-widget-mobile__width-initial elementor-widget elementor-widget-image\" data-id=\"3b44caf\" data-element_type=\"widget\" data-widget_type=\"image.default\">\n\t\t\t\t<div class=\"elementor-widget-container\">\n\t\t\t\t\t\t\t\t\t\t\t\t\t<img decoding=\"async\" src=\"https:\/\/www.hakos-astrofarm.com\/de\/wp-content\/uploads\/elementor\/thumbs\/Ursel-qkh4ltaze23wers24n8he9w3e0t9znzety7ooakrac.jpg\" title=\"Ursel\" alt=\"Ursel\" loading=\"lazy\" \/>\t\t\t\t\t\t\t\t\t\t\t\t\t<\/div>\n\t\t\t\t<\/div>\n\t\t\t\t\t<\/div>\n\t\t<\/div>\n\t\t\t\t<div class=\"elementor-column elementor-col-50 elementor-top-column elementor-element elementor-element-18bca77\" data-id=\"18bca77\" data-element_type=\"column\">\n\t\t\t<div class=\"elementor-widget-wrap elementor-element-populated\">\n\t\t\t\t\t\t<div class=\"elementor-element elementor-element-6f06a69 elementor-widget elementor-widget-text-editor\" data-id=\"6f06a69\" data-element_type=\"widget\" data-widget_type=\"text-editor.default\">\n\t\t\t\t<div class=\"elementor-widget-container\">\n\t\t\t\t\t\t\t<p style=\"text-align: center;\"><strong>Uschi Pond (Ursula Straube)<\/strong><\/p><p>In Namibia geboren und aufgewachsen &#8211; so sind die Weiten der Landschaft und die freie Natur tief in ihr verwurzelt.\u00a0 Ihre urspr\u00fcngliche Ausbildung liegt im B\u00fcrowesen mit sp\u00e4terer Umschulung in der Bio-Umweltwissenschaft. \u00a0Seitdem \u00d6kologe, K\u00fcnstler und Reisender mit besonderem Interesse an W\u00fcsten- und Feuchtlandgebieten.\u00a0 Uschi ist im Naturschutz und der Landschaftsarchitektur ausgebildet und war beruflich \u00a0involviert in botanischen Gutachten und -Kartografie, der Gestaltung von Innenh\u00f6fen, botanischen Sammlungen und deren Pr\u00e4servierung, graphischem Design von B\u00fcchern und Umwelt-Postern.\u00a0 Sie hat den afrikanischen Kontinent weit bereist.\u00a0 Ihre Kunst bezieht sich auf Aquarelle, Bildhauen und letztlich in der Verbindung von grafischer Kunst mit Fotografie im Astro-Bereich.\u00a0 Erwartungsfroh steht sie den neuen Herausforderungen im G\u00e4stefarmbetrieb gegen\u00fcber, haupts\u00e4chlich im Bereich B\u00fcro, Innen\/Aussen- Gestaltung und interessanten Gast-Begegnungen.<\/p>\t\t\t\t\t\t<\/div>\n\t\t\t\t<\/div>\n\t\t\t\t\t<\/div>\n\t\t<\/div>\n\t\t\t\t\t<\/div>\n\t\t<\/section>\n\t\t\t\t<section class=\"elementor-section elementor-top-section elementor-element elementor-element-76acaf8 elementor-section-full_width elementor-section-height-default elementor-section-height-default\" data-id=\"76acaf8\" data-element_type=\"section\">\n\t\t\t\t\t\t<div class=\"elementor-container elementor-column-gap-default\">\n\t\t\t\t\t<div class=\"elementor-column elementor-col-100 elementor-top-column elementor-element elementor-element-ccfb405\" data-id=\"ccfb405\" data-element_type=\"column\">\n\t\t\t<div class=\"elementor-widget-wrap elementor-element-populated\">\n\t\t\t\t\t\t<div class=\"elementor-element elementor-element-0daef25 elementor-widget-divider--view-line elementor-widget elementor-widget-divider\" data-id=\"0daef25\" data-element_type=\"widget\" data-widget_type=\"divider.default\">\n\t\t\t\t<div class=\"elementor-widget-container\">\n\t\t\t\t\t<div class=\"elementor-divider\">\n\t\t\t<span class=\"elementor-divider-separator\">\n\t\t\t\t\t\t<\/span>\n\t\t<\/div>\n\t\t\t\t<\/div>\n\t\t\t\t<\/div>\n\t\t\t\t\t<\/div>\n\t\t<\/div>\n\t\t\t\t\t<\/div>\n\t\t<\/section>\n\t\t\t\t<section class=\"elementor-section elementor-top-section elementor-element elementor-element-c139ce6 elementor-section-full_width elementor-section-height-default elementor-section-height-default\" data-id=\"c139ce6\" data-element_type=\"section\">\n\t\t\t\t\t\t<div class=\"elementor-container elementor-column-gap-default\">\n\t\t\t\t\t<div class=\"elementor-column elementor-col-50 elementor-top-column elementor-element elementor-element-77788ea\" data-id=\"77788ea\" data-element_type=\"column\">\n\t\t\t<div class=\"elementor-widget-wrap elementor-element-populated\">\n\t\t\t\t\t\t<div class=\"elementor-element elementor-element-82b0d30 elementor-widget elementor-widget-image\" data-id=\"82b0d30\" data-element_type=\"widget\" data-widget_type=\"image.default\">\n\t\t\t\t<div class=\"elementor-widget-container\">\n\t\t\t\t\t\t\t\t\t\t\t\t\t<img decoding=\"async\" src=\"https:\/\/www.hakos-astrofarm.com\/de\/wp-content\/uploads\/elementor\/thumbs\/Juergen-qkh4lls9vdtltw2zcjzgubsemxuca35k4wzsu2vwna.jpg\" title=\"Juergen\" alt=\"Juergen\" loading=\"lazy\" \/>\t\t\t\t\t\t\t\t\t\t\t\t\t<\/div>\n\t\t\t\t<\/div>\n\t\t\t\t\t<\/div>\n\t\t<\/div>\n\t\t\t\t<div class=\"elementor-column elementor-col-50 elementor-top-column elementor-element elementor-element-f25b4a9\" data-id=\"f25b4a9\" data-element_type=\"column\">\n\t\t\t<div class=\"elementor-widget-wrap elementor-element-populated\">\n\t\t\t\t\t\t<div class=\"elementor-element elementor-element-98d74ac elementor-widget elementor-widget-text-editor\" data-id=\"98d74ac\" data-element_type=\"widget\" data-widget_type=\"text-editor.default\">\n\t\t\t\t<div class=\"elementor-widget-container\">\n\t\t\t\t\t\t\t<p style=\"text-align: center;\"><strong>J\u00fcrgen Obstfelder<\/strong><\/p><p>In Deutschland geboren und aufgewachsen. In den Jahren 1974-76 als studentische Aushilfskraft f\u00fcr das Max Planck Institut Astronomie\/Heidelberg mehrere Male auf dem Gamsberg. Als Elektrotechnik-Ingenieur im professionellen Broadcast-Business t\u00e4tig, davon mehr als 20 Jahre in den Niederlanden. Ab 2005 regelm\u00e4ssig auf Hakos. \u00dcbernimmt haupts\u00e4chlich die fachliche Betreuung der Astrog\u00e4ste.<\/p>\t\t\t\t\t\t<\/div>\n\t\t\t\t<\/div>\n\t\t\t\t\t<\/div>\n\t\t<\/div>\n\t\t\t\t\t<\/div>\n\t\t<\/section>\n\t\t\t\t<\/div>\n\t\t","protected":false},"excerpt":{"rendered":"<p>Am 1. M\u00e4rz\u00a0 2024\u00a0 wurde der G\u00e4stebetrieb von einem neuen Team \u00fcbernommen Die bisherigen Betreiber Waltraud Straube und Friedhelm Hund haben den Betrieb innerhalb der Familie an zwei von Waltrauds Geschwistern mit den jeweiligen&#46;&#46;&#46;<\/p>\n","protected":false},"author":1,"featured_media":0,"parent":0,"menu_order":0,"comment_status":"closed","ping_status":"closed","template":"","meta":{"jetpack_post_was_ever_published":false},"aioseo_notices":[],"jetpack_sharing_enabled":true,"jetpack_shortlink":"https:\/\/wp.me\/PapiHE-xF","_links":{"self":[{"href":"https:\/\/www.hakos-astrofarm.com\/de\/wp-json\/wp\/v2\/pages\/2087"}],"collection":[{"href":"https:\/\/www.hakos-astrofarm.com\/de\/wp-json\/wp\/v2\/pages"}],"about":[{"href":"https:\/\/www.hakos-astrofarm.com\/de\/wp-json\/wp\/v2\/types\/page"}],"author":[{"embeddable":true,"href":"https:\/\/www.hakos-astrofarm.com\/de\/wp-json\/wp\/v2\/users\/1"}],"replies":[{"embeddable":true,"href":"https:\/\/www.hakos-astrofarm.com\/de\/wp-json\/wp\/v2\/comments?post=2087"}],"version-history":[{"count":35,"href":"https:\/\/www.hakos-astrofarm.com\/de\/wp-json\/wp\/v2\/pages\/2087\/revisions"}],"predecessor-version":[{"id":4104,"href":"https:\/\/www.hakos-astrofarm.com\/de\/wp-json\/wp\/v2\/pages\/2087\/revisions\/4104"}],"wp:attachment":[{"href":"https:\/\/www.hakos-astrofarm.com\/de\/wp-json\/wp\/v2\/media?parent=2087"}],"curies":[{"name":"wp","href":"https:\/\/api.w.org\/{rel}","templated":true}]}}