{"id":217,"date":"2018-10-30T17:29:30","date_gmt":"2018-10-30T15:29:30","guid":{"rendered":"http:\/\/www.hakos-astrofarm.com\/de\/?page_id=217"},"modified":"2024-09-08T08:41:56","modified_gmt":"2024-09-08T06:41:56","slug":"webcam-wetter","status":"publish","type":"page","link":"https:\/\/www.hakos-astrofarm.com\/de\/webcam-wetter\/","title":{"rendered":"Webcam \/ Wetter <meta http-equiv=\"refresh\" content=\"300\">"},"content":{"rendered":"\t\t<div data-elementor-type=\"wp-post\" data-elementor-id=\"217\" class=\"elementor elementor-217\">\n\t\t\t\t\t\t<section class=\"elementor-section elementor-top-section elementor-element elementor-element-2de9199 elementor-section-boxed elementor-section-height-default elementor-section-height-default\" data-id=\"2de9199\" data-element_type=\"section\">\n\t\t\t\t\t\t<div class=\"elementor-container elementor-column-gap-default\">\n\t\t\t\t\t<div class=\"elementor-column elementor-col-100 elementor-top-column elementor-element elementor-element-19320e1f\" data-id=\"19320e1f\" data-element_type=\"column\">\n\t\t\t<div class=\"elementor-widget-wrap elementor-element-populated\">\n\t\t\t\t\t\t<div class=\"elementor-element elementor-element-7d3334b7 elementor-widget elementor-widget-text-editor\" data-id=\"7d3334b7\" data-element_type=\"widget\" data-widget_type=\"text-editor.default\">\n\t\t\t\t<div class=\"elementor-widget-container\">\n\t\t\t\t\t\t\t<div><strong>Hakos-Webcam<\/strong><\/div>\n<div>\n<div id=\"attachment_1449\" style=\"width: 650px\" class=\"wp-caption alignleft\"><img fetchpriority=\"high\" decoding=\"async\" aria-describedby=\"caption-attachment-1449\" class=\"wp-image-1449\" src=\"https:\/\/hakos-astrofarm.com\/images\/akt.jpg\" alt=\"\" width=\"640\" height=\"360\" \/><p id=\"caption-attachment-1449\" class=\"wp-caption-text\">Blick nach Westen mit dem Gamsberg<\/p><\/div>\n<\/div>\n<p>&nbsp;<\/p>\n<p>Das Bild wird alle 10 Minuten aufgefrischt<\/p>\n<p>Die Uhrzeit im Bild ist in UTC\/GMT<\/p>\n<p>Namibische Zeit = UTC\/GMT + 2 Stunden<\/p>\n<p><!-- wp:tadv\/classic-paragraph --><\/p>\n<p><!-- \/wp:tadv\/classic-paragraph --><\/p>\t\t\t\t\t\t<\/div>\n\t\t\t\t<\/div>\n\t\t\t\t\t<\/div>\n\t\t<\/div>\n\t\t\t\t\t<\/div>\n\t\t<\/section>\n\t\t\t\t<section class=\"elementor-section elementor-top-section elementor-element elementor-element-51259e3 elementor-section-boxed elementor-section-height-default elementor-section-height-default\" data-id=\"51259e3\" data-element_type=\"section\">\n\t\t\t\t\t\t<div class=\"elementor-container elementor-column-gap-default\">\n\t\t\t\t\t<div class=\"elementor-column elementor-col-100 elementor-top-column elementor-element elementor-element-a157f56\" data-id=\"a157f56\" data-element_type=\"column\">\n\t\t\t<div class=\"elementor-widget-wrap elementor-element-populated\">\n\t\t\t\t\t\t<div class=\"elementor-element elementor-element-5afa879 elementor-widget elementor-widget-text-editor\" data-id=\"5afa879\" data-element_type=\"widget\" data-widget_type=\"text-editor.default\">\n\t\t\t\t<div class=\"elementor-widget-container\">\n\t\t\t\t\t\t\t<div><strong>All-Sky Kamera<\/strong><\/div>\n<div>\n<div id=\"attachment_1449\" style=\"width: 650px\" class=\"wp-caption alignleft\"><img decoding=\"async\" aria-describedby=\"caption-attachment-1449\" class=\"wp-image-1449\" src=\"https:\/\/hakos-astrofarm.com\/allskyimages\/image.jpg\" alt=\"\" width=\"640\" height=\"360\" \/><p id=\"caption-attachment-1449\" class=\"wp-caption-text\">All-Sky Kamera mit 170 Grad Blickwinkel<\/p><\/div>\n<\/div>\n<p>&nbsp;<\/p>\n<p>Das Bild wird alle 10 Minuten aufgefrischt<\/p>\n<p>Die Uhrzeit im Bild ist UTC\/GMT<\/p>\n<p>Namibische Zeit = UTC\/GMT + 2 Stunden<\/p>\n<p>Norden ist oben, Westen rechts<\/p>\n<p><!-- wp:tadv\/classic-paragraph --><\/p>\n<p><!-- \/wp:tadv\/classic-paragraph --><\/p>\t\t\t\t\t\t<\/div>\n\t\t\t\t<\/div>\n\t\t\t\t\t<\/div>\n\t\t<\/div>\n\t\t\t\t\t<\/div>\n\t\t<\/section>\n\t\t\t\t<section class=\"elementor-section elementor-top-section elementor-element elementor-element-38a9ac4 elementor-section-boxed elementor-section-height-default elementor-section-height-default\" data-id=\"38a9ac4\" data-element_type=\"section\">\n\t\t\t\t\t\t<div class=\"elementor-container elementor-column-gap-default\">\n\t\t\t\t\t<div class=\"elementor-column elementor-col-100 elementor-top-column elementor-element elementor-element-bccbb5c\" data-id=\"bccbb5c\" data-element_type=\"column\">\n\t\t\t<div class=\"elementor-widget-wrap elementor-element-populated\">\n\t\t\t\t\t\t<div class=\"elementor-element elementor-element-c86d692 elementor-widget-divider--view-line elementor-widget elementor-widget-divider\" data-id=\"c86d692\" data-element_type=\"widget\" data-widget_type=\"divider.default\">\n\t\t\t\t<div class=\"elementor-widget-container\">\n\t\t\t\t\t<div class=\"elementor-divider\">\n\t\t\t<span class=\"elementor-divider-separator\">\n\t\t\t\t\t\t<\/span>\n\t\t<\/div>\n\t\t\t\t<\/div>\n\t\t\t\t<\/div>\n\t\t\t\t\t<\/div>\n\t\t<\/div>\n\t\t\t\t\t<\/div>\n\t\t<\/section>\n\t\t\t\t<section class=\"elementor-section elementor-top-section elementor-element elementor-element-eaab22e elementor-section-boxed elementor-section-height-default elementor-section-height-default\" data-id=\"eaab22e\" data-element_type=\"section\">\n\t\t\t\t\t\t<div class=\"elementor-container elementor-column-gap-default\">\n\t\t\t\t\t<div class=\"elementor-column elementor-col-100 elementor-top-column elementor-element elementor-element-dd976b6\" data-id=\"dd976b6\" data-element_type=\"column\">\n\t\t\t<div class=\"elementor-widget-wrap elementor-element-populated\">\n\t\t\t\t\t\t<div class=\"elementor-element elementor-element-7c8ba46 elementor-widget elementor-widget-text-editor\" data-id=\"7c8ba46\" data-element_type=\"widget\" data-widget_type=\"text-editor.default\">\n\t\t\t\t<div class=\"elementor-widget-container\">\n\t\t\t\t\t\t\t<p><strong>Hakos-Wetterstation<\/strong><\/p>\n<p>Die Daten sind \u00fcber die Webseite von <a href=\"https:\/\/www.wunderground.com\/dashboard\/pws\/I90582973\" target=\"_blank\" rel=\"noopener\">WheatherUnderground<\/a> einsehbar<\/p>\n<p><img decoding=\"async\" class=\"alignleft\" src=\"https:\/\/www.hakos-astrofarm.com\/de\/wp-content\/uploads\/2019\/08\/PWS-Setting.jpg\" alt=\"\" width=\"147\" height=\"109\" \/><\/p>\n<p><br \/>Die Temperaturanzeige kann oben rechts im Browserfenster von Fahrenheit auf Celsius umgestellt werden<\/p>\t\t\t\t\t\t<\/div>\n\t\t\t\t<\/div>\n\t\t\t\t\t<\/div>\n\t\t<\/div>\n\t\t\t\t\t<\/div>\n\t\t<\/section>\n\t\t\t\t<section class=\"elementor-section elementor-top-section elementor-element elementor-element-51791e2 elementor-section-boxed elementor-section-height-default elementor-section-height-default\" data-id=\"51791e2\" data-element_type=\"section\">\n\t\t\t\t\t\t<div class=\"elementor-container elementor-column-gap-default\">\n\t\t\t\t\t<div class=\"elementor-column elementor-col-100 elementor-top-column elementor-element elementor-element-5cddd3f\" data-id=\"5cddd3f\" data-element_type=\"column\">\n\t\t\t<div class=\"elementor-widget-wrap elementor-element-populated\">\n\t\t\t\t\t\t<div class=\"elementor-element elementor-element-f906f5f elementor-widget-divider--view-line elementor-widget elementor-widget-divider\" data-id=\"f906f5f\" data-element_type=\"widget\" data-widget_type=\"divider.default\">\n\t\t\t\t<div class=\"elementor-widget-container\">\n\t\t\t\t\t<div class=\"elementor-divider\">\n\t\t\t<span class=\"elementor-divider-separator\">\n\t\t\t\t\t\t<\/span>\n\t\t<\/div>\n\t\t\t\t<\/div>\n\t\t\t\t<\/div>\n\t\t\t\t\t<\/div>\n\t\t<\/div>\n\t\t\t\t\t<\/div>\n\t\t<\/section>\n\t\t\t\t<section class=\"elementor-section elementor-top-section elementor-element elementor-element-2a052e5 elementor-section-boxed elementor-section-height-default elementor-section-height-default\" data-id=\"2a052e5\" data-element_type=\"section\">\n\t\t\t\t\t\t<div class=\"elementor-container elementor-column-gap-default\">\n\t\t\t\t\t<div class=\"elementor-column elementor-col-100 elementor-top-column elementor-element elementor-element-0bef316\" data-id=\"0bef316\" data-element_type=\"column\">\n\t\t\t<div class=\"elementor-widget-wrap elementor-element-populated\">\n\t\t\t\t\t\t<div class=\"elementor-element elementor-element-934355b elementor-widget elementor-widget-text-editor\" data-id=\"934355b\" data-element_type=\"widget\" data-widget_type=\"text-editor.default\">\n\t\t\t\t<div class=\"elementor-widget-container\">\n\t\t\t\t\t\t\t<p><strong>Hakos-Astrohimmel<br \/><\/strong><\/p>\n<p>Auf der Webseite von MeteoBlue finden Sie eine 7-Tage-Vorhersage f\u00fcr das <a href=\"https:\/\/www.meteoblue.com\/de\/wetter\/outdoorsports\/seeing\/Hakos+Astro+Farm_-23.235N16.363E1819_Africa%2FWindhoek\" target=\"_blank\" rel=\"noopener\" data-wplink-edit=\"true\">Astronomical Seeing<\/a>.<\/p>\n<p>Auf der Webseite von<a href=\"http:\/\/hakos.ddns.net\/\" target=\"_blank\" rel=\"noopener\"> AAG Cloudwatcher Solo<\/a> k\u00f6nnen Sie \u00fcber die Himmelstemperatur die aktuelle Qualit\u00e4t des Himmels beurteilen.<\/p>\n<p><em>Bermerkung:<\/em> Die angezeigte Umgebungstemperatur wird nur zur Kalibirierung der Himmelstemperatur verwendet und entspricht nicht der realen Aussentemperatur. Die wirklichen Wetterdaten finden Sie \u00fcber die Hakos-Wetterstation.<\/p>\t\t\t\t\t\t<\/div>\n\t\t\t\t<\/div>\n\t\t\t\t\t<\/div>\n\t\t<\/div>\n\t\t\t\t\t<\/div>\n\t\t<\/section>\n\t\t\t\t<section class=\"elementor-section elementor-top-section elementor-element elementor-element-9e381ff elementor-section-boxed elementor-section-height-default elementor-section-height-default\" data-id=\"9e381ff\" data-element_type=\"section\">\n\t\t\t\t\t\t<div class=\"elementor-container elementor-column-gap-default\">\n\t\t\t\t\t<div class=\"elementor-column elementor-col-100 elementor-top-column elementor-element elementor-element-3e90321\" data-id=\"3e90321\" data-element_type=\"column\">\n\t\t\t<div class=\"elementor-widget-wrap elementor-element-populated\">\n\t\t\t\t\t\t<div class=\"elementor-element elementor-element-a7c50e0 elementor-widget-divider--view-line elementor-widget elementor-widget-divider\" data-id=\"a7c50e0\" data-element_type=\"widget\" data-widget_type=\"divider.default\">\n\t\t\t\t<div class=\"elementor-widget-container\">\n\t\t\t\t\t<div class=\"elementor-divider\">\n\t\t\t<span class=\"elementor-divider-separator\">\n\t\t\t\t\t\t<\/span>\n\t\t<\/div>\n\t\t\t\t<\/div>\n\t\t\t\t<\/div>\n\t\t\t\t\t<\/div>\n\t\t<\/div>\n\t\t\t\t\t<\/div>\n\t\t<\/section>\n\t\t\t\t<section class=\"elementor-section elementor-top-section elementor-element elementor-element-f77c8bf elementor-section-boxed elementor-section-height-default elementor-section-height-default\" data-id=\"f77c8bf\" data-element_type=\"section\">\n\t\t\t\t\t\t<div class=\"elementor-container elementor-column-gap-default\">\n\t\t\t\t\t<div class=\"elementor-column elementor-col-100 elementor-top-column elementor-element elementor-element-d5888e7\" data-id=\"d5888e7\" data-element_type=\"column\">\n\t\t\t<div class=\"elementor-widget-wrap elementor-element-populated\">\n\t\t\t\t\t\t<div class=\"elementor-element elementor-element-d996dc9 elementor-widget elementor-widget-text-editor\" data-id=\"d996dc9\" data-element_type=\"widget\" data-widget_type=\"text-editor.default\">\n\t\t\t\t<div class=\"elementor-widget-container\">\n\t\t\t\t\t\t\t<p><strong>Hakos-Wettervorhersage<\/strong><\/p>\n<p>Eine 7- und 14-Tage-Vorhersage finden sie auf der Webseite von <a href=\"https:\/\/www.meteoblue.com\/de\/wetter\/woche\/Hakos+Astro+Farm_-23.235N16.363E1819_Africa%2FWindhoek\" target=\"_blank\" rel=\"noopener\">MeteoBlue<\/a><\/p>\t\t\t\t\t\t<\/div>\n\t\t\t\t<\/div>\n\t\t\t\t\t<\/div>\n\t\t<\/div>\n\t\t\t\t\t<\/div>\n\t\t<\/section>\n\t\t\t\t<\/div>\n\t\t","protected":false},"excerpt":{"rendered":"<p>Hakos-Webcam &nbsp; Das Bild wird alle 10 Minuten aufgefrischt Die Uhrzeit im Bild ist in UTC\/GMT Namibische Zeit = UTC\/GMT + 2 Stunden All-Sky Kamera &nbsp; Das Bild wird alle 10 Minuten aufgefrischt Die&#46;&#46;&#46;<\/p>\n","protected":false},"author":2,"featured_media":0,"parent":0,"menu_order":0,"comment_status":"closed","ping_status":"closed","template":"","meta":{"jetpack_post_was_ever_published":false},"aioseo_notices":[],"jetpack_sharing_enabled":true,"jetpack_shortlink":"https:\/\/wp.me\/PapiHE-3v","_links":{"self":[{"href":"https:\/\/www.hakos-astrofarm.com\/de\/wp-json\/wp\/v2\/pages\/217"}],"collection":[{"href":"https:\/\/www.hakos-astrofarm.com\/de\/wp-json\/wp\/v2\/pages"}],"about":[{"href":"https:\/\/www.hakos-astrofarm.com\/de\/wp-json\/wp\/v2\/types\/page"}],"author":[{"embeddable":true,"href":"https:\/\/www.hakos-astrofarm.com\/de\/wp-json\/wp\/v2\/users\/2"}],"replies":[{"embeddable":true,"href":"https:\/\/www.hakos-astrofarm.com\/de\/wp-json\/wp\/v2\/comments?post=217"}],"version-history":[{"count":96,"href":"https:\/\/www.hakos-astrofarm.com\/de\/wp-json\/wp\/v2\/pages\/217\/revisions"}],"predecessor-version":[{"id":3652,"href":"https:\/\/www.hakos-astrofarm.com\/de\/wp-json\/wp\/v2\/pages\/217\/revisions\/3652"}],"wp:attachment":[{"href":"https:\/\/www.hakos-astrofarm.com\/de\/wp-json\/wp\/v2\/media?parent=217"}],"curies":[{"name":"wp","href":"https:\/\/api.w.org\/{rel}","templated":true}]}}