{"id":219,"date":"2018-10-30T17:31:05","date_gmt":"2018-10-30T15:31:05","guid":{"rendered":"http:\/\/www.hakos-astrofarm.com\/de\/?page_id=219"},"modified":"2025-09-14T09:48:35","modified_gmt":"2025-09-14T07:48:35","slug":"infrastruktur","status":"publish","type":"page","link":"https:\/\/www.hakos-astrofarm.com\/de\/infrastruktur\/","title":{"rendered":"Infrastruktur \/ Technik"},"content":{"rendered":"<p style=\"text-align: center;\"><strong>Autark <\/strong>und <strong>Umweltbewusst <\/strong>\u00a0\u2026\u00a0 das ist unsere Philosophie!<\/p>\n<p style=\"text-align: center;\"><strong><em>Eco Awards Namibia<br \/>\n<\/em><\/strong>Umweltpreis von f\u00fcr bestm\u00f6gliche Nutzung von Wind- und Sonnenenergie (2007)<br \/>\nEco-Flower Preis f\u00fcr \u00f6kologisch nachhaltigen Tourismus (2013)<\/p>\n<p><strong>Stromversorgung:\u00a0<\/strong> \u00dcber 90% unseres Stromes wird durch Sonne und Wind erzeugt und in Batterien gespeichert.\u00a0 Bei unzureichender Sonnen- und Windenergie steht ein Dieselgenerator zur Verf\u00fcgung.\u00a0 Die G\u00e4stezimmer bieten Ihnen ausser den landes\u00fcblichen Steckdosen auch mindestens eine Schuko-Steckdose.\u00a0 Durch die beschr\u00e4nkte Kapazit\u00e4t der Batterien sollte Strom bedachtsam genutzt werden.<\/p>\n<p><strong>Wasserversorgung:\u00a0 <\/strong>Das Wasser kommt aus einem Bohrloch am Fusse der Hakosberge, 3 km vom Haus entfernt und wird \u00fcber einen H\u00f6henunterschied von etwa 300 m hochgepumpt.\u00a0 Dies geschieht mit Solarpumpen in zwei Etappen, da sonst der Leitungsdruck zu hoch w\u00e4re.\u00a0 Das Wasser wird in der Mittelstation und im Hochbeh\u00e4lter jeweils in einem 60 m\u00b3 Basin gespeichert.\u00a0 Bei l\u00e4ngeren Bew\u00f6lkungsphasen steht ein Dieselgenerator zum pumpen zur Verf\u00fcgung.<\/p>\n<p><strong>Wassererw\u00e4rmung:\u00a0 <\/strong>Heisswasser f\u00fcr Duschen und den K\u00fcchen\/Haushaltsbetrieb wird auch durch Sonnenenergie gewonnen.\u00a0 Wasser wird \u00fcber Solarkollektoren aufgeheizt und in Boilern gespeichert.<\/p>\n<p><strong>Abwasser:\u00a0 <\/strong>Toiletten- und K\u00fcchenwasser wird zu Kl\u00e4rgruben geleitet.\u00a0 Diese bestehen aus zwei Kammern, in denen mit der Hilfe von Mikroorganismen der Zersetzungsprozess stattfindet.\u00a0 Abgebautes, klares Wasser fliesst dann in eine unterirdische Sickergrube, gef\u00fcllt mit Schotter, und verteilt sich im Boden.\u00a0 Duschwasser wird h\u00e4ufig zur Bew\u00e4sserung der B\u00e4ume genutzt.<\/p>\n<p><strong>Camping-Toiletten:\u00a0 <\/strong>Hier sind wir auf Trocken-Kompost-Toiletten umgestiegen.\u00a0 Stilvoll und gleichzeitig umweltfreundlich!<\/p>\n<p><strong>M\u00fcllentsorgung: \u00a0<\/strong>M\u00fcll wird getrennt:\u00a0 Glas, Plastik, Papier, Metall, Batterien und Restm\u00fcll fahren wir zur Entsorgung nach Windhoek.\u00a0 K\u00fcchen- und Gartenabf\u00e4lle kommen auf den Komposthaufen.<\/p>\n<p class=\"textblocknoid\"><strong>Internet- und Telefonzugang:\u00a0<\/strong>Hakos verf\u00fcgt \u00fcber drei separate Internetverbindungen. \u00dcber diese laufen unsere namibische und deutsche Telefonverbindung und die verschiedenen Gruppen von Remotesternwarten. F\u00fcr die Remotesternwarten ben\u00f6tigen wir hohe Datenraten mit bis zu 75 Mb\/s down und 75 Mb\/s up. Der Internetzugang f\u00fcr G\u00e4ste ist frei..<\/p>\n<p><strong>Mobilfunk:\u00a0 <\/strong>Hakos liegt im Empfangsbereich des MTC-Sendemastes auf dem Gamsberg. Seit einiger Zeit m\u00fcssen auch in Namibia SIM-Karten auf Personen registriert werden. Sie k\u00f6nnen direkt am Flughafen eine MTC-SIM-Karte kaufen und auf Ihren Namen registrieren lassen. F\u00fcr etwa \u20ac 30,&#8211; k\u00f6nnen Sie ein Kombinationspaket aus Daten und Anrufzeit (Anrufe nur innerhalb Namibias) erwerben, das f\u00fcr einige Wochen g\u00fcltig ist.<\/p>\n<p class=\"textblocknoid\">\n","protected":false},"excerpt":{"rendered":"<p>Autark und Umweltbewusst \u00a0\u2026\u00a0 das ist unsere Philosophie! Eco Awards Namibia Umweltpreis von f\u00fcr bestm\u00f6gliche Nutzung von Wind- und Sonnenenergie (2007) Eco-Flower Preis f\u00fcr \u00f6kologisch nachhaltigen Tourismus (2013) Stromversorgung:\u00a0 \u00dcber 90% unseres Stromes wird&#46;&#46;&#46;<\/p>\n","protected":false},"author":2,"featured_media":0,"parent":0,"menu_order":0,"comment_status":"closed","ping_status":"closed","template":"","meta":{"jetpack_post_was_ever_published":false},"aioseo_notices":[],"jetpack_sharing_enabled":true,"jetpack_shortlink":"https:\/\/wp.me\/PapiHE-3x","_links":{"self":[{"href":"https:\/\/www.hakos-astrofarm.com\/de\/wp-json\/wp\/v2\/pages\/219"}],"collection":[{"href":"https:\/\/www.hakos-astrofarm.com\/de\/wp-json\/wp\/v2\/pages"}],"about":[{"href":"https:\/\/www.hakos-astrofarm.com\/de\/wp-json\/wp\/v2\/types\/page"}],"author":[{"embeddable":true,"href":"https:\/\/www.hakos-astrofarm.com\/de\/wp-json\/wp\/v2\/users\/2"}],"replies":[{"embeddable":true,"href":"https:\/\/www.hakos-astrofarm.com\/de\/wp-json\/wp\/v2\/comments?post=219"}],"version-history":[{"count":55,"href":"https:\/\/www.hakos-astrofarm.com\/de\/wp-json\/wp\/v2\/pages\/219\/revisions"}],"predecessor-version":[{"id":3958,"href":"https:\/\/www.hakos-astrofarm.com\/de\/wp-json\/wp\/v2\/pages\/219\/revisions\/3958"}],"wp:attachment":[{"href":"https:\/\/www.hakos-astrofarm.com\/de\/wp-json\/wp\/v2\/media?parent=219"}],"curies":[{"name":"wp","href":"https:\/\/api.w.org\/{rel}","templated":true}]}}