{"id":225,"date":"2018-10-30T17:37:05","date_gmt":"2018-10-30T15:37:05","guid":{"rendered":"http:\/\/www.hakos-astrofarm.com\/de\/?page_id=225"},"modified":"2019-10-26T13:15:10","modified_gmt":"2019-10-26T11:15:10","slug":"farm-geschichte","status":"publish","type":"page","link":"https:\/\/www.hakos-astrofarm.com\/de\/farm-geschichte\/","title":{"rendered":"Farm-Geschichte"},"content":{"rendered":"<p style=\"text-align: center;\"><strong>Walter Straube<\/strong><\/p>\n<p style=\"text-align: center;\"><strong>Gr\u00fcnder der Hakos-Astrofarm<\/strong><\/p>\n<p><img fetchpriority=\"high\" decoding=\"async\" class=\"alignleft wp-image-1449\" src=\"http:\/\/www.hakos-astrofarm.com\/de\/wp-content\/uploads\/2019\/06\/Walter-1.jpg\" alt=\"\" width=\"222\" height=\"300\" srcset=\"https:\/\/www.hakos-astrofarm.com\/de\/wp-content\/uploads\/2019\/06\/Walter-1.jpg 912w, https:\/\/www.hakos-astrofarm.com\/de\/wp-content\/uploads\/2019\/06\/Walter-1-222x300.jpg 222w, https:\/\/www.hakos-astrofarm.com\/de\/wp-content\/uploads\/2019\/06\/Walter-1-768x1037.jpg 768w, https:\/\/www.hakos-astrofarm.com\/de\/wp-content\/uploads\/2019\/06\/Walter-1-758x1024.jpg 758w\" sizes=\"(max-width: 222px) 100vw, 222px\" \/><\/p>\n<p>Walter wurde 1937 in Windhoek, S\u00fcdwestafrika \u00a0geboren. \u00a0Er geh\u00f6rt zur ersten Generation die S\u00fcdwestafrika, das heutige Namibia, als ihre Heimat betrachten.\u00a0 Seine Eltern stammten aus Schlesien\/Deutschland und sein Vater kam 1904, seine Mutter 1936 in das Land.\u00a0 Walters Vater kaufte 1938 die benachbarte Farm Hohenheim.<\/p>\n<p>Die Schulzeit verbrachte Walter in Windhoek und die Ferien auf der 130 km entfernten Farm. \u00a0Seine Lehrzeit absolvierte er bei der Windhoeker Maschinenfabrik und vollendete seine Ausbildung als Schlosser &amp; Schwei\u00dfer. \u00a0Es packte ihn die Reise- und Entdeckungslust; \u00a0dies f\u00fchrte ihn knapp ein Jahr lang nach Deutschland. \u00a0Walter heiratete Elisabeth 1960 und es wurden ihnen 4 Kinder geschenkt. \u00a0Vier Jahre lebten sie in Walvis Bay, wo Walter bei einer Schlosserwerkstatt t\u00e4tig war.\u00a0 1966 zog die Familie auf die Farm Hohenheim. \u00a0Unerm\u00fcdlich baute er die Farm auf: \u00a0Z\u00e4une spannen, Pads (Fahrwege) bauen, D\u00e4mme schieben, Bohrl\u00f6cher schlagen, Schaf- und Rinderzucht, bauen, reparieren \u2026 \u2018Farmer\u2019 ist wohl der vielseitigste Beruf den es gibt.\u00a0 Dazu geh\u00f6rt Unabh\u00e4ngigkeit und Selbst\u00e4ndigkeit, d.h. in jeder Lebenssituation \u2018einen Plan machen\u2019 \u2013 und darin war Walter ein wahrer Meister!<\/p>\n<p>Walter war weiterhin intensiv mit dem Aufbau und der Instandhaltung des Gamsberges verbunden, wo das Max Plank Institut eine Sternwarte betrieb. \u00a01984 kaufte er die Nachbarfarm Hakos dazu, denn Walter hatte eine Vision:\u00a0 eine G\u00e4stefarm mit Schwerpunkt Astronomie! \u00a0Innerhalb von 10 Jahren baute er selbst die G\u00e4stefarm aus, deren T\u00fcren sich 1998 \u00f6ffneten. \u00a0Hakos hat seinen besonderen Reiz bei Astronomen und Naturliebhabern gefunden. \u00a0Zusammen mit Waltraud und Friedhelm bewirtschaftete Walter die G\u00e4stefarm Hakos sowie die Rinderfarm Hohenheim und bis zuletzt k\u00fcmmerte er sich intensiv um die Wasserversorgung.\u00a0 \u2018Abtreten\u2019 war f\u00fcr Walter ein Fremdwort und so baute er unentwegt an seinem Lebens- und Meisterwerk weiter, seiner \u2018Universit\u00e4t\u2019.\u00a0 Ein Gast best\u00e4tigte:\u00a0 \u2018Walter geh\u00f6rt zum Urgestein Namibias\u2019.<\/p>\n<p>\u2018Warum den Blick in die Ferne schweifen, das Gl\u00fcck liegt doch so nah!\u2019 \u00a0Diese Lebenseinstellung schenkte Walter die Kraft und Zuversicht um so manche schwere Zeit zu \u00fcberbr\u00fccken.<\/p>\n<p>Sein Leben stand nie still.\u00a0 Walter war voller Ideen und Lebensenergie und meinte er m\u00fcsse mindestens 150 Jahre alt werden um diese umzusetzen.\u00a0 Mit 78 Jahren wurde Walter aber aus der Mitte seiner Familie und dem Leben gerissen &#8211;<\/p>\n<p style=\"text-align: center;\">\u2026\u00a0 Walter&#8217;s Lebenskreis hat sich geschlossen\u00a0 \u2026<\/p>\n<p>Einzigartig war Walter &#8211; mit Weitblick, Umsetzungsst\u00e4rke und einem unersch\u00fctterlichen Humor mit dem er so viele Jahre selbst seiner Krankheit trotzte.\u00a0 Walter\u2019s St\u00e4rke lag nicht im Philosophieren aber im konkreten Anpacken!\u00a0 Furchtlos und unerm\u00fcdlich war sein Tatendrang und Sch\u00f6pfergeist sein ganzes Leben lang \u2013 bis zuletzt.\u00a0 T\u00fcchtig und f\u00e4hig, &#8211; ein Menschenschlag z\u00e4hen Blutes!\u00a0 Sein Lebenswerk ist sichtbar, greifbar &#8211; wohin man auf Hakos und Hohenheim auch schaut, alles tr\u00e4gt seine Handschrift.\u00a0 Er war Farmer &#8211; mit Leib und Seele;\u00a0 er liebte die Metallarbeit;\u00a0 er liebte das Arbeiten mit seinem Traktor;\u00a0 Walter genoss die Natur, den Sonnenuntergang und das prasselnde Lagerfeuer, den Klang der Mundharmonika und das Singen;\u00a0 er hatte eine grosse Hilfsbereitschaft und sein Homor begleitete ihn bis zum Lebensende.\u00a0 Walter liebte das Leben &#8211; und dieses lebte er in aller F\u00fclle.<\/p>\n<p>Ganz wichtig waren f\u00fcr Walter die Naturelemente Sonne, Mond und der Sternenhimmel.\u00a0 Besinnlich verabschiedete er jeden Tag mit dem Sonnenuntergang \u2013 er hatte eine besondere Beziehung zur Sonne.\u00a0 Der Mond war ihm ein steter Wegweiser f\u00fcr Wetterwechsel, Wolken und Regen \u2013 existenzpr\u00e4gend f\u00fcr den Farmer.<\/p>\n<p>So reitet Walter auf seinem Stern, der Sonne, &#8211; und mit jedem neuen Tag strahlt seine W\u00e4rme in unser Leben!<\/p>\n<p style=\"text-align: center;\">In den Armen und der Liebe seiner Familie ist Walter eingeschlafen<\/p>\n<p style=\"text-align: center;\">Ruhe in Frieden<\/p>\n<p style=\"text-align: center;\">29.1.1937 \u2013 28.9.2015<\/p>\n<div id=\"attachment_2368\" style=\"width: 710px\" class=\"wp-caption aligncenter\"><img aria-describedby=\"caption-attachment-2368\" decoding=\"async\" class=\"wp-image-2368\" src=\"http:\/\/www.hakos-astrofarm.com\/de\/wp-content\/uploads\/2019\/09\/Papis_Ruheort.jpg\" alt=\"\" width=\"700\" height=\"476\" srcset=\"https:\/\/www.hakos-astrofarm.com\/de\/wp-content\/uploads\/2019\/09\/Papis_Ruheort.jpg 1200w, https:\/\/www.hakos-astrofarm.com\/de\/wp-content\/uploads\/2019\/09\/Papis_Ruheort-300x204.jpg 300w, https:\/\/www.hakos-astrofarm.com\/de\/wp-content\/uploads\/2019\/09\/Papis_Ruheort-768x522.jpg 768w, https:\/\/www.hakos-astrofarm.com\/de\/wp-content\/uploads\/2019\/09\/Papis_Ruheort-1024x696.jpg 1024w\" sizes=\"(max-width: 700px) 100vw, 700px\" \/><p id=\"caption-attachment-2368\" class=\"wp-caption-text\">Walter&#8217;s Grabst\u00e4tte auf der Farm mit Sternstrichspuren um den Himmelss\u00fcdpol (Bild: Elmar Rixen)<\/p><\/div>\n<hr \/>\n<p style=\"text-align: center;\"><strong>Die Geburt der Astronomie in Namibia<br \/>\n<\/strong><\/p>\n<p style=\"text-align: center;\">Elisabeth Straube<\/p>\n<p><img decoding=\"async\" class=\"alignleft wp-image-1452\" src=\"http:\/\/www.hakos-astrofarm.com\/de\/wp-content\/uploads\/2019\/06\/Elisabeth-1a.jpg\" alt=\"\" width=\"225\" height=\"300\" srcset=\"https:\/\/www.hakos-astrofarm.com\/de\/wp-content\/uploads\/2019\/06\/Elisabeth-1a.jpg 1500w, https:\/\/www.hakos-astrofarm.com\/de\/wp-content\/uploads\/2019\/06\/Elisabeth-1a-225x300.jpg 225w, https:\/\/www.hakos-astrofarm.com\/de\/wp-content\/uploads\/2019\/06\/Elisabeth-1a-768x1024.jpg 768w\" sizes=\"(max-width: 225px) 100vw, 225px\" \/><\/p>\n<p>Wir heirateten 1960 und ich begleitete meinen Mann Walter auf seine Familienfarm Hohenheim im Khomas Hochland in S\u00fcdwestafrika, dem heutigen Namibia. \u00a0Walter hatte seine Ausbildung als Schwei\u00dfer und Schlosser bei der Windhoeker Maschinenfabrik abgeschlossen. \u00a0Ich hatte gerade meine Ausbildung in Deutschland im Bereich Hauswirtschaft f\u00fcr Hotels, Krankenh\u00e4user und gro\u00dfe Institutionen abgeschlossen. \u00a0Walters Eltern farmten mit Rindern und Karakulschafen und \u00fcberlie\u00dfen uns die Schafherde. \u00a0Im ersten Jahr allerdings, tauchte in Namibia die Maul- und Klauenseuche auf und der Handel mit Vieh kam zum Erliegen. \u00a0Inzwischen hatten wir unser erstes Kind bekommen und da wir uns von der Farmerei nicht versorgen konnten, zogen wir nach Walvis Bay, wo es Walter gelang einen Job \u00a0auf der Schiffswerft zu bekommen.\u00a0 So zogen wir in unserem offenen Willys Jeep mit unserem Hausstand durch die Namib-W\u00fcste. \u00a0Walter hatte unser Metallbett wie einen Dachgep\u00e4cktr\u00e4ger auf den Jeep geschwei\u00dft.\u00a0 Darauf lag die Matratze und darunter verstaut befanden sich der Kinderwagen, ein Tisch, zwei St\u00fchle, zwei Koffer, eine K\u00fchlbox mit eingelegtem Gem\u00fcse und zwischen den Sitzen unser 6-Wochen altes Baby in einem Karton \u2026 und es ging los.<\/p>\n<p>Vier Jahre sp\u00e4ter, 1966, kamen wir mit drei Kindern, einem Traktor mit Anh\u00e4nger, unserem Willys Jeep und einem neuen Chevrolet-Pickup auf die Farm zur\u00fcck. \u00a0W\u00e4hrend ich mich in Walvis Bay unserem Haus und den Kindern gewidmet hatte, arbeitete Walter viele zus\u00e4tzliche Stunden und war sehr erfolgreich. \u00a0Zur\u00fcck auf der Farm, \u200b\u200b\u00fcbernahmen wir den landwirtschaftlichen Betrieb. \u00a0Auch unsere Familie wuchs heran, nun komplett mit vier Kindern.<\/p>\n<p>Das Jahr 1968 markierte eine neue \u00c4ra f\u00fcr unsere Familie, f\u00fcr Namibia und auch f\u00fcr die Wissenschaft auf internationaler Ebene. \u00a0Deutsche Astronomen hegten schon seit 60 Jahren den Traum, ein Observatorium in der s\u00fcdlichen Hemisph\u00e4re zu haben. \u00a0Dies war jedoch nur in einer gro\u00dfen Forschungsorganisation m\u00f6glich, und jetzt \u00fcbernahm das Max-Planck-Institut (MPI) f\u00fcr Astronomie in Heidelberg\/Deutschland dieses Projekt. Es musste aber der best geeignete Standort in der s\u00fcdlichen Hemisph\u00e4re mit optimalen Licht- und Klimabedingungen erkundet werden. \u00a0Chile, Argentinien und Australien wurden in Betracht gezogen, doch nach den ersten Studien erwies sich der Gamsberg in Namibia als optimaler Standort.<\/p>\n<div id=\"attachment_1454\" style=\"width: 410px\" class=\"wp-caption alignright\"><img aria-describedby=\"caption-attachment-1454\" loading=\"lazy\" decoding=\"async\" class=\"wp-image-1454\" src=\"http:\/\/www.hakos-astrofarm.com\/de\/wp-content\/uploads\/2019\/06\/Gamsberg-1a.jpg\" alt=\"\" width=\"400\" height=\"266\" srcset=\"https:\/\/www.hakos-astrofarm.com\/de\/wp-content\/uploads\/2019\/06\/Gamsberg-1a.jpg 2000w, https:\/\/www.hakos-astrofarm.com\/de\/wp-content\/uploads\/2019\/06\/Gamsberg-1a-300x200.jpg 300w, https:\/\/www.hakos-astrofarm.com\/de\/wp-content\/uploads\/2019\/06\/Gamsberg-1a-768x511.jpg 768w, https:\/\/www.hakos-astrofarm.com\/de\/wp-content\/uploads\/2019\/06\/Gamsberg-1a-1024x682.jpg 1024w\" sizes=\"(max-width: 400px) 100vw, 400px\" \/><p id=\"caption-attachment-1454\" class=\"wp-caption-text\">Haarnadelkurven der Gamsbergauffahrt<\/p><\/div>\n<p>Es war ein beachtliches Unterfangen. \u00a0Der Gamsberg ist der dritth\u00f6chste Berg Namibias mit 2347 m \u00fc.d.M und thront wie ein Inselberg mit seinen steilen Granith\u00e4ngen und einer 30 m dicken Quarzitschicht \u00fcber der Grossen Randstufe.\u00a0 Da sich der Gamsberg in unmittelbarer N\u00e4he zu unserer Farm \u200b\u200bbefindet, wurde Walter beim MPI angestellt. \u00a0Die Entwicklung erfolgte von 1970 bis 1972:\u00a0 zun\u00e4chst musste eine Pad (Stra\u00dfe) gebaut werden, gleich einer Serpentinenbahn mit Haarnadelkurven und einer letzten Steigung von 52% durch die Quarzitschicht. \u00a0Anschliessend wurden zwei H\u00e4user, eine Werkstatt und zwei Sternwarten auf dem Gamsbergplateau von 2,4 Quadratkilometern errichtet. \u00a0Wasser und alles notwendige Material musste per Land Rover den Berg hinauf gefahren werden. \u00a0Da die Strecke so steil war, schwei\u00dfte Walter den f\u00fcr H\u00e4user und Sternwarten bestimmten Baustahl an den Laderahmen des Fahrzeugs, um ein Abrutschen zu verhindern. \u00a0Es gab nichts, was Walter nicht tun konnte &#8211; er machte immer einen Plan! \u00a0Derweil ging auch unsere Farmerei weiter und so habe ich u.a. Schafe gez\u00e4hlt, mit Farmarbeitern gearbeitet, Haus und Hof versorgt, Astronomen untergebracht und mich um unsere Familie gek\u00fcmmert &#8230; alles endlose Aufgaben &#8230; aber ich liebte dieses Leben!<\/p>\n<p>W\u00e4hrend die Gamsberg-Sternwarten von Max-Planck-Berufsastronomen besetzt waren, kamen die ersten Astroamateure auf unserer Farm an, um den Nachthimmel zu studieren und zu fotografieren. \u00a0Dies war der Beginn unserer G\u00e4stefarm mit nur drei einfachen Zimmern, die vermietet werden konnten. \u00a0Astronomen blieben f\u00fcr 2-3 Wochen. \u00a0Zu den ersten die kamen, geh\u00f6rte Dr. Hans Vehrenberg, ein renommierter Amateurastronom, Teleskoph\u00e4ndler, Autor und Herausgeber, um seinen Astronomischen Atlas der s\u00fcdlichen Hemisph\u00e4re zu vervollst\u00e4ndigen, w\u00e4hrend er seine Beobachtungen von den von Walter erbauten Teleskopplattformen ausf\u00fchrte. \u00a0In den trockenen Wintermonaten mit klarem Himmel war in den n\u00e4chsten 20 Jahren ein reges Treiben. \u00a0Astronomen kamen haupts\u00e4chlich aus Deutschland, \u00d6sterreich und der Schweiz. \u00a0Uns wurde eine neue Welt er\u00f6ffnet &#8230; mit faszinierenden Entdeckungen von Sternen, Planeten und Galaxien &#8211; jenseits von allem, was wir uns vorstellen konnten. Die visuellen Beobachtungen am Fernrohr und die Fotografien vom Nachthimmel waren \u00fcberw\u00e4ltigend. Walter wurde bald selbst zum begeisterten Astrofotografen, w\u00e4hrend ich die Begegnungen und Gespr\u00e4che mit den Astronomen genoss, von denen viele Freunde der Familie wurden.<\/p>\n<p>Walter und ich reisten 1975 nach Deutschland und konnten die weitl\u00e4ufigen Forschungsobservatorien des Max-Planck-Instituts in Heidelberg besuchen. \u00a0Wir hatten auch das Privileg, das neueste und gr\u00f6\u00dfte Teleskop der Firma Carl Zeiss in Oberkochen zu besichtigen. \u00a0Es war eine unglaubliche Erfahrung &#8211; das Teleskop war so gro\u00df, dass die Fertigungshalle viele Stockwerke hoch war, so dass wir als Menschen wie Ameisen daneben wirkten.<\/p>\n<p>Im Jahre 1984 kam unsere benachbarte Farm, Hakos, auf den Markt. \u00a0Walter hatte eine gro\u00dfartige Vision &#8211; eine G\u00e4stefarm aufzubauen mit dem Schwerpunkt Astronomie! \u00a0Farm Hakos liegt auf der Grossen Randstufe Namibias mit sehr bergigem Gel\u00e4nde und ist nicht besonders f\u00fcr die Landwirtschaft geeignet, jedoch perfekt f\u00fcr die Astronomie. Walter kaufte die Farm. \u00a0Er hat zehn Jahre gebraucht, um die Gast-Infrastruktur aufzubauen &#8211; alles aus eigener Hand mit Hilfe von Landarbeitern und H\u00e4ftlingen auf Bew\u00e4hrung &#8211; in vielerlei Hinsicht ein Neubeginn! \u00a0Das Farmhaus wurde renoviert. \u00a0Es wurden Zimmer mit Bad hinzugef\u00fcgt und ein Essbereich mit Weitblick geschaffen;\u00a0 ein Innenpool aus den Felsen gesprengt und Balkone mit weitem Blick \u00fcber die Namib-W\u00fcste errichtet.\u00a0 Wir bauten auch ein Observatorium mit abschiebbarem Dach und einem Teleskop &#8211; dies wurde das \u2018Hans Vehrenberg-Observatorium\u2019 zu Ehren unseres allerersten und beliebten Astro-Gastes von 1970.\u00a0 Die Hakos G\u00e4stefarm er\u00f6ffnete 1996 ihre T\u00fcren mit 10 G\u00e4stezimmern und wurde zwei Jahre sp\u00e4ter als offizielle G\u00e4stefarm registriert.<\/p>\n<p>Teleskopplattformen wurden errichtet und bald wurde das erste private Observatorium gebaut. \u00a0Aus Deutschland reisten die Astronomen heran.\u00a0 Der vorherige Farmer hatte eine Schweinezucht &#8211; diese alten Schweinest\u00e4lle wurden zu Observatorien umgebaut, und 1999 wurde die Internationale Amateursternwarte (IAS) mit ihrem Stammsitz auf unserer Farm Hakos gegr\u00fcndet. \u00a0Unsere Tochter Waltraud engagierte sich im G\u00e4stegesch\u00e4ft und wurde bald von ihrem zuk\u00fcnftigen Ehemann Friedhelm unterst\u00fctzt. \u00a0Zusammen wuchsen wir in ein neues Zeitalter.\u00a0 Astronomen aus aller Welt kamen mit ihren Teleskopen und Kameraausr\u00fcstungen an. \u00a0Es wurden weitere G\u00e4stezimmer gebaut, Observatorien hinzugef\u00fcgt, Au\u00dfenteleskopplattformen gebaut, der Essbereich erweitert und riesige fest installierte Teleskope wurden von der IAS hinzugef\u00fcgt. \u00a0Da wir in jeder Hinsicht autark sind, wuchs die Herausforderung nicht nur f\u00fcr den Wasser- und Strombedarf, aber auch Computer und Internetzugang wurde ein wesentlicher Faktor f\u00fcr das Astro-Business und f\u00fchrte zu begehrten, ferngesteuerten Observatorien.<\/p>\n<p>Heute, 22 Jahre sp\u00e4ter, besuchen Astronomen, internationale Studenten- und Studiosus-Reisegruppen sowie Selbstfahrer-Reisende unsere Farm Hakos. Wir haben jetzt 15 G\u00e4stezimmer, 4 private Observatorien, den IAS-Komplex mit 6 Observatorien, 10 Teleskopplattformen und 7 Remote-Observatorien. \u00a0Die Reisebranche in Namibia ist in den letzten 10 Jahren enorm gewachsen.\u00a0 Wir haben zus\u00e4tzlich einen stilvollen Campingplatz mit unglaublich sch\u00f6ner Sicht in die umliegende Bergwelt.\u00a0 G\u00e4ste k\u00f6nnen auch unseren Planetenspaziergang genie\u00dfen, der zum \u2018Walter\u2019s Point\u2019 f\u00fchrt, mit einem fantastischen Blick in die weite Namib-W\u00fcste und herrlichen Sonnenunterg\u00e4ngen.<\/p>\n<div id=\"attachment_1447\" style=\"width: 410px\" class=\"wp-caption alignleft\"><img aria-describedby=\"caption-attachment-1447\" loading=\"lazy\" decoding=\"async\" class=\"wp-image-1447\" src=\"http:\/\/www.hakos-astrofarm.com\/de\/wp-content\/uploads\/2019\/06\/Kuppelsternwarte-1a.jpg\" alt=\"\" width=\"400\" height=\"300\" srcset=\"https:\/\/www.hakos-astrofarm.com\/de\/wp-content\/uploads\/2019\/06\/Kuppelsternwarte-1a.jpg 2000w, https:\/\/www.hakos-astrofarm.com\/de\/wp-content\/uploads\/2019\/06\/Kuppelsternwarte-1a-300x225.jpg 300w, https:\/\/www.hakos-astrofarm.com\/de\/wp-content\/uploads\/2019\/06\/Kuppelsternwarte-1a-768x576.jpg 768w, https:\/\/www.hakos-astrofarm.com\/de\/wp-content\/uploads\/2019\/06\/Kuppelsternwarte-1a-1024x768.jpg 1024w\" sizes=\"(max-width: 400px) 100vw, 400px\" \/><p id=\"caption-attachment-1447\" class=\"wp-caption-text\">IAS Kuppelsternwarte<\/p><\/div>\n<div id=\"attachment_2512\" style=\"width: 410px\" class=\"wp-caption alignleft\"><img aria-describedby=\"caption-attachment-2512\" loading=\"lazy\" decoding=\"async\" class=\"wp-image-2512\" src=\"https:\/\/www.hakos-astrofarm.com\/de\/wp-content\/uploads\/2019\/09\/Plattform3-1.jpg\" alt=\"\" width=\"400\" height=\"300\" srcset=\"https:\/\/www.hakos-astrofarm.com\/de\/wp-content\/uploads\/2019\/09\/Plattform3-1.jpg 2000w, https:\/\/www.hakos-astrofarm.com\/de\/wp-content\/uploads\/2019\/09\/Plattform3-1-300x225.jpg 300w, https:\/\/www.hakos-astrofarm.com\/de\/wp-content\/uploads\/2019\/09\/Plattform3-1-768x576.jpg 768w, https:\/\/www.hakos-astrofarm.com\/de\/wp-content\/uploads\/2019\/09\/Plattform3-1-1024x768.jpg 1024w\" sizes=\"(max-width: 400px) 100vw, 400px\" \/><p id=\"caption-attachment-2512\" class=\"wp-caption-text\">Teleksope auf den Aussenplattformen<\/p><\/div>\n<p>Die Ankunft des neuen IAS-Teleskops mit einem Spiegeldurchmesser von 80 cm macht Farm Hakos seit 2019 zum prominentesten Privat-Observatorium in der s\u00fcdlichen Halbkugel!<\/p>\n<p>Waltraud und Friedhelm f\u00fchren jetzt die G\u00e4stefarm und freuen sich ihre G\u00e4ste zu begr\u00fc\u00dfen &#8211; viele sind Familienfreunde geworden nach regelm\u00e4\u00dfigen Astro-Besuchen \u00fcber 20 Jahre hinweg.\u00a0 W\u00e4hrend einige Astronomen ihr eigenes Teleskop mitbringen oder zur IAS geh\u00f6ren (jetzt \u00fcber 100 Mitglieder), k\u00f6nnen andere auch astronomische Ger\u00e4te von Hakos anmieten. \u00a0Reisende und Neulinge k\u00f6nnen am Abend eine \u2018Einf\u00fchrung zur Sternenbeobachtung\u2018 mitmachen und an Teleskopbesichtigungen teilnehmen &#8230; denn, \u00fcber Hakos liegt ein tiefer und strahlender Nachthimmel mit der Milchstra\u00dfe die sich grandios \u00fcber das Firmament erstreckt!<\/p>\n<p>Walter hat seine Vision zu Lebzeiten konkretisiert! Er wurde als \u2018Der Vater der Astronomie in Namibia\u2019 bekannt und in unserem Universum gibt es einen Klein-Planeten, der seinen Namen tr\u00e4gt und wissenschaftlich als \u2018<strong><em>WalterStraube (157015)\u2019<\/em><\/strong> bezeichnet wird.<\/p>\n<p style=\"text-align: center;\"><em>geschrieben von Elisabeth Straube, 2019<\/em><\/p>\n","protected":false},"excerpt":{"rendered":"<p>Walter Straube Gr\u00fcnder der Hakos-Astrofarm Walter wurde 1937 in Windhoek, S\u00fcdwestafrika \u00a0geboren. \u00a0Er geh\u00f6rt zur ersten Generation die S\u00fcdwestafrika, das heutige Namibia, als ihre Heimat betrachten.\u00a0 Seine Eltern stammten aus Schlesien\/Deutschland und sein Vater&#46;&#46;&#46;<\/p>\n","protected":false},"author":2,"featured_media":0,"parent":0,"menu_order":0,"comment_status":"closed","ping_status":"closed","template":"","meta":{"jetpack_post_was_ever_published":false},"aioseo_notices":[],"jetpack_sharing_enabled":true,"jetpack_shortlink":"https:\/\/wp.me\/PapiHE-3D","_links":{"self":[{"href":"https:\/\/www.hakos-astrofarm.com\/de\/wp-json\/wp\/v2\/pages\/225"}],"collection":[{"href":"https:\/\/www.hakos-astrofarm.com\/de\/wp-json\/wp\/v2\/pages"}],"about":[{"href":"https:\/\/www.hakos-astrofarm.com\/de\/wp-json\/wp\/v2\/types\/page"}],"author":[{"embeddable":true,"href":"https:\/\/www.hakos-astrofarm.com\/de\/wp-json\/wp\/v2\/users\/2"}],"replies":[{"embeddable":true,"href":"https:\/\/www.hakos-astrofarm.com\/de\/wp-json\/wp\/v2\/comments?post=225"}],"version-history":[{"count":55,"href":"https:\/\/www.hakos-astrofarm.com\/de\/wp-json\/wp\/v2\/pages\/225\/revisions"}],"predecessor-version":[{"id":2672,"href":"https:\/\/www.hakos-astrofarm.com\/de\/wp-json\/wp\/v2\/pages\/225\/revisions\/2672"}],"wp:attachment":[{"href":"https:\/\/www.hakos-astrofarm.com\/de\/wp-json\/wp\/v2\/media?parent=225"}],"curies":[{"name":"wp","href":"https:\/\/api.w.org\/{rel}","templated":true}]}}