{"id":234,"date":"2018-10-30T17:49:39","date_gmt":"2018-10-30T15:49:39","guid":{"rendered":"http:\/\/www.hakos-astrofarm.com\/de\/?page_id=234"},"modified":"2019-10-24T14:02:58","modified_gmt":"2019-10-24T12:02:58","slug":"ias","status":"publish","type":"page","link":"https:\/\/www.hakos-astrofarm.com\/de\/ias\/","title":{"rendered":"IAS"},"content":{"rendered":"<div id=\"attachment_2329\" style=\"width: 1210px\" class=\"wp-caption aligncenter\"><img aria-describedby=\"caption-attachment-2329\" fetchpriority=\"high\" decoding=\"async\" class=\"wp-image-2329\" src=\"http:\/\/www.hakos-astrofarm.com\/de\/wp-content\/uploads\/2019\/09\/Sized-4407.jpg\" alt=\"\" width=\"1200\" height=\"674\" srcset=\"https:\/\/www.hakos-astrofarm.com\/de\/wp-content\/uploads\/2019\/09\/Sized-4407.jpg 2000w, https:\/\/www.hakos-astrofarm.com\/de\/wp-content\/uploads\/2019\/09\/Sized-4407-300x168.jpg 300w, https:\/\/www.hakos-astrofarm.com\/de\/wp-content\/uploads\/2019\/09\/Sized-4407-768x431.jpg 768w, https:\/\/www.hakos-astrofarm.com\/de\/wp-content\/uploads\/2019\/09\/Sized-4407-1024x575.jpg 1024w\" sizes=\"(max-width: 1200px) 100vw, 1200px\" \/><p id=\"caption-attachment-2329\" class=\"wp-caption-text\">Internationale Amateur-Sternwarte (IAS) mit dem Gamsberg im Hintergrund<\/p><\/div>\n<p style=\"text-align: center;\">Die IAS bietet ihren Mitgliedern die M\u00f6glichkeit mit hochwertigen Ger\u00e4ten unter optimalen Bedingungen den s\u00fcdlichen Sternhimmel zu beobachten und zu fotografieren.<\/p>\n<p style=\"text-align: center;\">Die Homepage der IAS finden Sie unter <a href=\"http:\/\/www.ias-observatory.org\/\" target=\"_blank\" rel=\"noopener noreferrer\">www.ias-observatory.org<\/a>.<\/p>\n<p style=\"text-align: center;\">Siehe auch:<br \/>\n<a href=\"http:\/\/www.hakos-astrofarm.com\/de\/astronomie-in-namibia\/#bericht5\">&#8222;<b>Eine Leistungsstarke Amateursternwarte in Namibia<\/b>&#8222;<\/a> (Beginn der IAS)<\/p>\n","protected":false},"excerpt":{"rendered":"<p>Die IAS bietet ihren Mitgliedern die M\u00f6glichkeit mit hochwertigen Ger\u00e4ten unter optimalen Bedingungen den s\u00fcdlichen Sternhimmel zu beobachten und zu fotografieren. Die Homepage der IAS finden Sie unter www.ias-observatory.org. Siehe auch: &#8222;Eine Leistungsstarke Amateursternwarte&#46;&#46;&#46;<\/p>\n","protected":false},"author":2,"featured_media":0,"parent":0,"menu_order":0,"comment_status":"closed","ping_status":"closed","template":"","meta":{"jetpack_post_was_ever_published":false},"aioseo_notices":[],"jetpack_sharing_enabled":true,"jetpack_shortlink":"https:\/\/wp.me\/PapiHE-3M","_links":{"self":[{"href":"https:\/\/www.hakos-astrofarm.com\/de\/wp-json\/wp\/v2\/pages\/234"}],"collection":[{"href":"https:\/\/www.hakos-astrofarm.com\/de\/wp-json\/wp\/v2\/pages"}],"about":[{"href":"https:\/\/www.hakos-astrofarm.com\/de\/wp-json\/wp\/v2\/types\/page"}],"author":[{"embeddable":true,"href":"https:\/\/www.hakos-astrofarm.com\/de\/wp-json\/wp\/v2\/users\/2"}],"replies":[{"embeddable":true,"href":"https:\/\/www.hakos-astrofarm.com\/de\/wp-json\/wp\/v2\/comments?post=234"}],"version-history":[{"count":16,"href":"https:\/\/www.hakos-astrofarm.com\/de\/wp-json\/wp\/v2\/pages\/234\/revisions"}],"predecessor-version":[{"id":2643,"href":"https:\/\/www.hakos-astrofarm.com\/de\/wp-json\/wp\/v2\/pages\/234\/revisions\/2643"}],"wp:attachment":[{"href":"https:\/\/www.hakos-astrofarm.com\/de\/wp-json\/wp\/v2\/media?parent=234"}],"curies":[{"name":"wp","href":"https:\/\/api.w.org\/{rel}","templated":true}]}}