{"id":2437,"date":"2019-09-22T21:13:20","date_gmt":"2019-09-22T19:13:20","guid":{"rendered":"http:\/\/www.hakos-astrofarm.com\/de\/?page_id=2437"},"modified":"2019-10-24T14:01:51","modified_gmt":"2019-10-24T12:01:51","slug":"montierungen","status":"publish","type":"page","link":"https:\/\/www.hakos-astrofarm.com\/de\/montierungen\/","title":{"rendered":"Montierungen"},"content":{"rendered":"\t\t<div data-elementor-type=\"wp-page\" data-elementor-id=\"2437\" class=\"elementor elementor-2437\">\n\t\t\t\t\t\t<section class=\"elementor-section elementor-top-section elementor-element elementor-element-e274b6c elementor-section-full_width elementor-section-height-default elementor-section-height-default\" data-id=\"e274b6c\" data-element_type=\"section\">\n\t\t\t\t\t\t<div class=\"elementor-container elementor-column-gap-default\">\n\t\t\t\t\t<div class=\"elementor-column elementor-col-50 elementor-top-column elementor-element elementor-element-fec6747\" data-id=\"fec6747\" data-element_type=\"column\">\n\t\t\t<div class=\"elementor-widget-wrap elementor-element-populated\">\n\t\t\t\t\t\t<div class=\"elementor-element elementor-element-b9a9560 elementor-widget elementor-widget-image\" data-id=\"b9a9560\" data-element_type=\"widget\" data-widget_type=\"image.default\">\n\t\t\t\t<div class=\"elementor-widget-container\">\n\t\t\t\t\t\t\t\t\t\t\t\t\t<img decoding=\"async\" src=\"https:\/\/www.hakos-astrofarm.com\/de\/wp-content\/uploads\/elementor\/thumbs\/EQ6-oep0ji1nyq6n08rss4x03qiaxha281o5dd0p93g4yk.jpg\" title=\"@Montierungen EQ6\" alt=\"@Montierungen EQ6\" loading=\"lazy\" \/>\t\t\t\t\t\t\t\t\t\t\t\t\t<\/div>\n\t\t\t\t<\/div>\n\t\t\t\t\t<\/div>\n\t\t<\/div>\n\t\t\t\t<div class=\"elementor-column elementor-col-50 elementor-top-column elementor-element elementor-element-0bd5299\" data-id=\"0bd5299\" data-element_type=\"column\">\n\t\t\t<div class=\"elementor-widget-wrap elementor-element-populated\">\n\t\t\t\t\t\t<div class=\"elementor-element elementor-element-52ea2ca elementor-widget elementor-widget-text-editor\" data-id=\"52ea2ca\" data-element_type=\"widget\" data-widget_type=\"text-editor.default\">\n\t\t\t\t<div class=\"elementor-widget-container\">\n\t\t\t\t\t\t\t<p style=\"text-align: center;\"><strong>EQ6 MONTIERUNGEN<\/strong><\/p><p>Die EQ6 ist eine parallaktische Montierung f\u00fcr die Aussens\u00e4ulen, mit computergesteuertem GoTo-System.\u00a0 Das Menue enth\u00e4lt eine Datenbank mit \u00fcber 42.000 Objekten des Nachthimmels.\u00a0 Die Montierungen k\u00f6nnen mit Ger\u00e4ten bis ca. 20 kg belastet werden.<\/p>\t\t\t\t\t\t<\/div>\n\t\t\t\t<\/div>\n\t\t\t\t\t<\/div>\n\t\t<\/div>\n\t\t\t\t\t<\/div>\n\t\t<\/section>\n\t\t\t\t<section class=\"elementor-section elementor-top-section elementor-element elementor-element-53a875d1 elementor-section-full_width elementor-section-height-default elementor-section-height-default\" data-id=\"53a875d1\" data-element_type=\"section\">\n\t\t\t\t\t\t<div class=\"elementor-container elementor-column-gap-default\">\n\t\t\t\t\t<div class=\"elementor-column elementor-col-100 elementor-top-column elementor-element elementor-element-62f16443\" data-id=\"62f16443\" data-element_type=\"column\">\n\t\t\t<div class=\"elementor-widget-wrap elementor-element-populated\">\n\t\t\t\t\t\t<div class=\"elementor-element elementor-element-3e8ef21 elementor-widget-divider--view-line elementor-widget elementor-widget-divider\" data-id=\"3e8ef21\" data-element_type=\"widget\" data-widget_type=\"divider.default\">\n\t\t\t\t<div class=\"elementor-widget-container\">\n\t\t\t\t\t<div class=\"elementor-divider\">\n\t\t\t<span class=\"elementor-divider-separator\">\n\t\t\t\t\t\t<\/span>\n\t\t<\/div>\n\t\t\t\t<\/div>\n\t\t\t\t<\/div>\n\t\t\t\t\t<\/div>\n\t\t<\/div>\n\t\t\t\t\t<\/div>\n\t\t<\/section>\n\t\t\t\t<section class=\"elementor-section elementor-top-section elementor-element elementor-element-123cd3f5 elementor-section-full_width elementor-section-height-default elementor-section-height-default\" data-id=\"123cd3f5\" data-element_type=\"section\">\n\t\t\t\t\t\t<div class=\"elementor-container elementor-column-gap-default\">\n\t\t\t\t\t<div class=\"elementor-column elementor-col-50 elementor-top-column elementor-element elementor-element-245b6373\" data-id=\"245b6373\" data-element_type=\"column\">\n\t\t\t<div class=\"elementor-widget-wrap elementor-element-populated\">\n\t\t\t\t\t\t<div class=\"elementor-element elementor-element-442951bc elementor-widget elementor-widget-image\" data-id=\"442951bc\" data-element_type=\"widget\" data-widget_type=\"image.default\">\n\t\t\t\t<div class=\"elementor-widget-container\">\n\t\t\t\t\t\t\t\t\t\t\t\t\t<img decoding=\"async\" src=\"https:\/\/www.hakos-astrofarm.com\/de\/wp-content\/uploads\/elementor\/thumbs\/Losmandy-G11-oep0ji1nyq6n08rss4x03qiaxha281o5dd0p93g4o0.jpg\" title=\"@Montierungen Losmandy-G11\" alt=\"@Montierungen Losmandy-G11\" loading=\"lazy\" \/>\t\t\t\t\t\t\t\t\t\t\t\t\t<\/div>\n\t\t\t\t<\/div>\n\t\t\t\t\t<\/div>\n\t\t<\/div>\n\t\t\t\t<div class=\"elementor-column elementor-col-50 elementor-top-column elementor-element elementor-element-497b25da\" data-id=\"497b25da\" data-element_type=\"column\">\n\t\t\t<div class=\"elementor-widget-wrap elementor-element-populated\">\n\t\t\t\t\t\t<div class=\"elementor-element elementor-element-6d3a0eae elementor-widget elementor-widget-text-editor\" data-id=\"6d3a0eae\" data-element_type=\"widget\" data-widget_type=\"text-editor.default\">\n\t\t\t\t<div class=\"elementor-widget-container\">\n\t\t\t\t\t\t\t<p style=\"text-align: center;\"><strong>LOSMANDY G11 MONTIERUNGEN<\/strong><\/p><p>Losmandy G11 ist eine parallaktische Montierung f\u00fcr die Aussens\u00e4ulen.\u00a0 Einige der Montierungen unterst\u00fctzen GoTo.\u00a0 Bei diesen Systemen enth\u00e4lt das Menue eine Datenbank mit \u00fcber 40.000 Objekten des Nachthimmels.\u00a0 Die Montierungen k\u00f6nnen mit Ger\u00e4ten bis ca. 30 kg belastet werden.<\/p>\t\t\t\t\t\t<\/div>\n\t\t\t\t<\/div>\n\t\t\t\t\t<\/div>\n\t\t<\/div>\n\t\t\t\t\t<\/div>\n\t\t<\/section>\n\t\t\t\t<section class=\"elementor-section elementor-top-section elementor-element elementor-element-0eb345e elementor-section-full_width elementor-section-height-default elementor-section-height-default\" data-id=\"0eb345e\" data-element_type=\"section\">\n\t\t\t\t\t\t<div class=\"elementor-container elementor-column-gap-default\">\n\t\t\t\t\t<div class=\"elementor-column elementor-col-100 elementor-top-column elementor-element elementor-element-50bd9e2\" data-id=\"50bd9e2\" data-element_type=\"column\">\n\t\t\t<div class=\"elementor-widget-wrap elementor-element-populated\">\n\t\t\t\t\t\t<div class=\"elementor-element elementor-element-749d4f0 elementor-widget-divider--view-line elementor-widget elementor-widget-divider\" data-id=\"749d4f0\" data-element_type=\"widget\" data-widget_type=\"divider.default\">\n\t\t\t\t<div class=\"elementor-widget-container\">\n\t\t\t\t\t<div class=\"elementor-divider\">\n\t\t\t<span class=\"elementor-divider-separator\">\n\t\t\t\t\t\t<\/span>\n\t\t<\/div>\n\t\t\t\t<\/div>\n\t\t\t\t<\/div>\n\t\t\t\t\t<\/div>\n\t\t<\/div>\n\t\t\t\t\t<\/div>\n\t\t<\/section>\n\t\t\t\t<section class=\"elementor-section elementor-top-section elementor-element elementor-element-3ea3dc82 elementor-section-full_width elementor-section-height-default elementor-section-height-default\" data-id=\"3ea3dc82\" data-element_type=\"section\">\n\t\t\t\t\t\t<div class=\"elementor-container elementor-column-gap-default\">\n\t\t\t\t\t<div class=\"elementor-column elementor-col-50 elementor-top-column elementor-element elementor-element-1f4c220\" data-id=\"1f4c220\" data-element_type=\"column\">\n\t\t\t<div class=\"elementor-widget-wrap elementor-element-populated\">\n\t\t\t\t\t\t<div class=\"elementor-element elementor-element-31acbd93 elementor-widget elementor-widget-image\" data-id=\"31acbd93\" data-element_type=\"widget\" data-widget_type=\"image.default\">\n\t\t\t\t<div class=\"elementor-widget-container\">\n\t\t\t\t\t\t\t\t\t\t\t\t\t<img decoding=\"async\" src=\"https:\/\/www.hakos-astrofarm.com\/de\/wp-content\/uploads\/elementor\/thumbs\/Sized-1060463-oep0ji1nyq6n08rss4x03qiaxha281o5dd0p93g4o0.jpg\" title=\"@Montierungen Celestron Advanced VX\" alt=\"@Montierungen Celestron Advanced VX\" loading=\"lazy\" \/>\t\t\t\t\t\t\t\t\t\t\t\t\t<\/div>\n\t\t\t\t<\/div>\n\t\t\t\t\t<\/div>\n\t\t<\/div>\n\t\t\t\t<div class=\"elementor-column elementor-col-50 elementor-top-column elementor-element elementor-element-16f042b8\" data-id=\"16f042b8\" data-element_type=\"column\">\n\t\t\t<div class=\"elementor-widget-wrap elementor-element-populated\">\n\t\t\t\t\t\t<div class=\"elementor-element elementor-element-72e8c5bc elementor-widget elementor-widget-text-editor\" data-id=\"72e8c5bc\" data-element_type=\"widget\" data-widget_type=\"text-editor.default\">\n\t\t\t\t<div class=\"elementor-widget-container\">\n\t\t\t\t\t\t\t<p style=\"text-align: center;\"><strong>CELESTRON ADVANCED VX MONTIERUNG<\/strong><\/p><p>Die Celestron Advanced VX ist eine parallaktische Montierung f\u00fcr die Aussens\u00e4ulen, mit computergesteuertem GoTo-System.\u00a0 Das Menue enth\u00e4lt eine Datenbank mit 40.000 Objekten des Nachthimmels.\u00a0 Die Montierungen k\u00f6nnen mit Ger\u00e4ten bis ca. 14 kg belastet werden.<\/p>\t\t\t\t\t\t<\/div>\n\t\t\t\t<\/div>\n\t\t\t\t\t<\/div>\n\t\t<\/div>\n\t\t\t\t\t<\/div>\n\t\t<\/section>\n\t\t\t\t<\/div>\n\t\t","protected":false},"excerpt":{"rendered":"<p>EQ6 MONTIERUNGEN Die EQ6 ist eine parallaktische Montierung f\u00fcr die Aussens\u00e4ulen, mit computergesteuertem GoTo-System.&nbsp; Das Menue enth\u00e4lt eine Datenbank mit \u00fcber 42.000 Objekten des Nachthimmels.&nbsp; Die Montierungen k\u00f6nnen mit Ger\u00e4ten bis ca. 20 kg&#46;&#46;&#46;<\/p>\n","protected":false},"author":1,"featured_media":0,"parent":0,"menu_order":0,"comment_status":"closed","ping_status":"closed","template":"","meta":{"jetpack_post_was_ever_published":false},"aioseo_notices":[],"jetpack_sharing_enabled":true,"jetpack_shortlink":"https:\/\/wp.me\/PapiHE-Dj","_links":{"self":[{"href":"https:\/\/www.hakos-astrofarm.com\/de\/wp-json\/wp\/v2\/pages\/2437"}],"collection":[{"href":"https:\/\/www.hakos-astrofarm.com\/de\/wp-json\/wp\/v2\/pages"}],"about":[{"href":"https:\/\/www.hakos-astrofarm.com\/de\/wp-json\/wp\/v2\/types\/page"}],"author":[{"embeddable":true,"href":"https:\/\/www.hakos-astrofarm.com\/de\/wp-json\/wp\/v2\/users\/1"}],"replies":[{"embeddable":true,"href":"https:\/\/www.hakos-astrofarm.com\/de\/wp-json\/wp\/v2\/comments?post=2437"}],"version-history":[{"count":3,"href":"https:\/\/www.hakos-astrofarm.com\/de\/wp-json\/wp\/v2\/pages\/2437\/revisions"}],"predecessor-version":[{"id":2641,"href":"https:\/\/www.hakos-astrofarm.com\/de\/wp-json\/wp\/v2\/pages\/2437\/revisions\/2641"}],"wp:attachment":[{"href":"https:\/\/www.hakos-astrofarm.com\/de\/wp-json\/wp\/v2\/media?parent=2437"}],"curies":[{"name":"wp","href":"https:\/\/api.w.org\/{rel}","templated":true}]}}