{"id":244,"date":"2018-10-30T18:29:14","date_gmt":"2018-10-30T16:29:14","guid":{"rendered":"http:\/\/www.hakos-astrofarm.com\/de\/?page_id=244"},"modified":"2024-09-08T14:51:53","modified_gmt":"2024-09-08T12:51:53","slug":"kontakt","status":"publish","type":"page","link":"https:\/\/www.hakos-astrofarm.com\/de\/kontakt\/","title":{"rendered":"Kontakt"},"content":{"rendered":"\n<p>Hakos G\u00e4stefarm<br \/>P. O. Box 5056<br \/>Windhoek \/ Namibia<\/p>\n<p>Tel \/ Fax:\u00a0 +264 62 572 111<br \/>Mobil:\u00a0\u00a0\u00a0\u00a0\u00a0\u00a0 +264 81 352 1162 (auch WhatsApp)\u00a0<\/p>\n<p>\u00fcber deutsches Festnetz:\u00a0 06486 2059 403 (nur deutsche Gespr\u00e4chsgeb\u00fchr f\u00e4llt an)<\/p>\n<p><a href=\"http:\/\/www.hakos-astrofarm.com\/de\/anreise\/\">Informationen zur Anreise finden Sie hier<\/a><\/p>\n<p>E-Mail:\u00a0\u00a0 info@hakos-astrofarm.com oder verwenden Sie das Formular unterhalb<\/p>\n\n\n<div class=\"wp-block-jetpack-contact-form\"><a href=\"https:\/\/www.hakos-astrofarm.com\/de\/kontakt\/\" target=\"_blank\" rel=\"noopener noreferrer\">Formular einreichen.<\/a><\/div>","protected":false},"excerpt":{"rendered":"<p>Hakos G\u00e4stefarmP. O. Box 5056Windhoek \/ Namibia Tel \/ Fax:\u00a0 +264 62 572 111Mobil:\u00a0\u00a0\u00a0\u00a0\u00a0\u00a0 +264 81 352 1162 (auch WhatsApp)\u00a0 \u00fcber deutsches Festnetz:\u00a0 06486 2059 403 (nur deutsche Gespr\u00e4chsgeb\u00fchr f\u00e4llt an) Informationen zur Anreise&#46;&#46;&#46;<\/p>\n","protected":false},"author":2,"featured_media":0,"parent":0,"menu_order":0,"comment_status":"closed","ping_status":"closed","template":"","meta":{"jetpack_post_was_ever_published":false},"aioseo_notices":[],"jetpack_sharing_enabled":true,"jetpack_shortlink":"https:\/\/wp.me\/PapiHE-3W","_links":{"self":[{"href":"https:\/\/www.hakos-astrofarm.com\/de\/wp-json\/wp\/v2\/pages\/244"}],"collection":[{"href":"https:\/\/www.hakos-astrofarm.com\/de\/wp-json\/wp\/v2\/pages"}],"about":[{"href":"https:\/\/www.hakos-astrofarm.com\/de\/wp-json\/wp\/v2\/types\/page"}],"author":[{"embeddable":true,"href":"https:\/\/www.hakos-astrofarm.com\/de\/wp-json\/wp\/v2\/users\/2"}],"replies":[{"embeddable":true,"href":"https:\/\/www.hakos-astrofarm.com\/de\/wp-json\/wp\/v2\/comments?post=244"}],"version-history":[{"count":35,"href":"https:\/\/www.hakos-astrofarm.com\/de\/wp-json\/wp\/v2\/pages\/244\/revisions"}],"predecessor-version":[{"id":3659,"href":"https:\/\/www.hakos-astrofarm.com\/de\/wp-json\/wp\/v2\/pages\/244\/revisions\/3659"}],"wp:attachment":[{"href":"https:\/\/www.hakos-astrofarm.com\/de\/wp-json\/wp\/v2\/media?parent=244"}],"curies":[{"name":"wp","href":"https:\/\/api.w.org\/{rel}","templated":true}]}}