{"id":248,"date":"2018-10-30T18:34:56","date_gmt":"2018-10-30T16:34:56","guid":{"rendered":"http:\/\/www.hakos-astrofarm.com\/de\/?page_id=248"},"modified":"2020-05-27T19:21:23","modified_gmt":"2020-05-27T17:21:23","slug":"youtube-links","status":"publish","type":"page","link":"https:\/\/www.hakos-astrofarm.com\/de\/youtube-links\/","title":{"rendered":"YouTube &#038; Video"},"content":{"rendered":"<p>Das hier gezeigte CNN-Video wurde unter anderem auf Hakos gefilmt.<br \/>\nDes weiteren finden Sie hier ein paar auf YouTube ver\u00f6ffentlichte Videos unserer G\u00e4ste.<br \/>\nSollten auch Sie ein Video bereitstellen wollen, k\u00f6nnen Sie sich gerne bei uns melden.<br \/>\n\n<table id=\"tablepress-10\" class=\"tablepress tablepress-id-10\">\n<tbody>\n<tr class=\"row-1 odd\">\n\t<td class=\"column-1\" style=\"width:50%;\"><\/td><td class=\"column-2\" style=\"width:50%;\"><\/td>\n<\/tr>\n<tr class=\"row-2 even\">\n\t<td class=\"column-1\"><iframe width=\"560\" height=\"315\" src=\"\/\/fave.api.cnn.io\/v1\/fav\/?video=world\/2020\/04\/15\/south-africa-namibia-astronomy-universe-spc.cnn&amp;customer=cnn&amp;edition=international&amp;env=prod\" allowfullscreen=\"allowfullscreen\" frameborder=\"0\"><\/iframe><\/td><td class=\"column-2\">Astronomie in Namibia und S\u00fcdafrika auf CNN<br \/>\n<br \/>\n\"Southern Africa's Stargazers\"<br \/>\nNeues aus der Astronomie und bahnbrechende Projekte in S\u00fcdafrika und Namibia erlauben neue Sichtweisen auf das Univiersum.<br \/><br \/>\nEine Folge der CNN-Serie \"Inside Africa\" <\/td>\n<\/tr>\n<tr class=\"row-3 odd\">\n\t<td class=\"column-1\"><\/td><td class=\"column-2\"><\/td>\n<\/tr>\n<tr class=\"row-4 even\">\n\t<td class=\"column-1\"> <iframe src=\"https:\/\/youtube.com\/embed\/n7r9bm5fy3c?rel=0\" width=\"560\" height=\"315\" frameborder=\"0\" allowfullscreen=\"allowfullscreen\" data-mce-fragment=\"1\">&amp;amp;lt;p&amp;amp;gt;Ihr Browser kann leider keine eingebetteten Frames anzeigen:&amp;amp;lt;br&amp;amp;gt; Sie k&amp;amp;amp;ouml;nnen die eingebettete Seite &amp;amp;amp;uuml;ber den folgenden Verweis aufrufen:&amp;amp;lt;br&amp;amp;gt;&amp;amp;lt; a href=\"https:\/\/youtube.com\/watch?v=n7r9bm5fy3c\"&amp;amp;gt;Video&amp;amp;lt;\/a&amp;amp;gt;&amp;amp;lt;\/p&amp;amp;gt; <\/iframe><\/td><td class=\"column-2\">Zeitrafferaufnahmen von Martin Junius \/ IAS<\/td>\n<\/tr>\n<tr class=\"row-5 odd\">\n\t<td class=\"column-1\"><\/td><td class=\"column-2\"><\/td>\n<\/tr>\n<tr class=\"row-6 even\">\n\t<td class=\"column-1\"> <iframe src=\"https:\/\/www.youtube.com\/embed\/6-zKvwLIgic?rel=0\" allowfullscreen=\"allowfullscreen\" data-mce-fragment=\"1\" width=\"560\" height=\"315\" frameborder=\"0\">&amp;amp;lt;p&amp;amp;gt;Ihr Browser kann leider keine eingebetteten Frames anzeigen:&amp;amp;lt;br&amp;amp;gt; Sie k&amp;amp;amp;ouml;nnen die eingebettete Seite &amp;amp;amp;uuml;ber den folgenden Verweis aufrufen:&amp;amp;lt;br&amp;amp;gt;&amp;amp;lt; a href=\"https:\/\/youtu.be\/6-zKvwLIgic\"&amp;amp;gt;Video&amp;amp;lt;\/a&amp;amp;gt;&amp;amp;lt;\/p&amp;amp;gt; <\/iframe><br \/>\n<\/td><td class=\"column-2\">Astrofotos von Paul Trinkler \/ IAS (2019 \u2013 Folge 2)<\/td>\n<\/tr>\n<tr class=\"row-7 odd\">\n\t<td class=\"column-1\"><\/td><td class=\"column-2\"><\/td>\n<\/tr>\n<tr class=\"row-8 even\">\n\t<td class=\"column-1\"> <iframe src=\"https:\/\/www.youtube.com\/embed\/wdR6cVTTtus?rel=0\" allowfullscreen=\"allowfullscreen\" data-mce-fragment=\"1\" width=\"560\" height=\"315\" frameborder=\"0\">&amp;amp;lt;p&amp;amp;gt;Ihr Browser kann leider keine eingebetteten Frames anzeigen:&amp;amp;lt;br&amp;amp;gt; Sie k&amp;amp;amp;ouml;nnen die eingebettete Seite &amp;amp;amp;uuml;ber den folgenden Verweis aufrufen:&amp;amp;lt;br&amp;amp;gt;&amp;amp;lt; a href=\"https:\/\/youtu.be\/wdR6cVTTtus\"&amp;amp;gt;Video&amp;amp;lt;\/a&amp;amp;gt;&amp;amp;lt;\/p&amp;amp;gt; <\/iframe><br \/>\n<\/td><td class=\"column-2\">Astroaufnahmen 2019 aus Namibia von Paul Trinkler \/ IAS<\/td>\n<\/tr>\n<tr class=\"row-9 odd\">\n\t<td class=\"column-1\"><\/td><td class=\"column-2\"><\/td>\n<\/tr>\n<tr class=\"row-10 even\">\n\t<td class=\"column-1\"> <iframe src=\"https:\/\/www.youtube.com\/embed\/7rXmM8ugMT0?rel=0\" allowfullscreen=\"allowfullscreen\" data-mce-fragment=\"1\" width=\"560\" height=\"315\" frameborder=\"0\">&amp;amp;lt;p&amp;amp;gt;Ihr Browser kann leider keine eingebetteten Frames anzeigen:&amp;amp;lt;br&amp;amp;gt; Sie k&amp;amp;amp;ouml;nnen die eingebettete Seite &amp;amp;amp;uuml;ber den folgenden Verweis aufrufen:&amp;amp;lt;br&amp;amp;gt;&amp;amp;lt; a href=\"https:\/\/youtu.be\/7rXmM8ugMT0\"&amp;amp;gt;Video&amp;amp;lt;\/a&amp;amp;gt;&amp;amp;lt;\/p&amp;amp;gt; <\/iframe><br \/>\n<\/td><td class=\"column-2\">Astroreise mit Paul Trinkler \/ IAS durch Namibia 2015<\/td>\n<\/tr>\n<tr class=\"row-11 odd\">\n\t<td class=\"column-1\"><\/td><td class=\"column-2\"><\/td>\n<\/tr>\n<tr class=\"row-12 even\">\n\t<td class=\"column-1\"><iframe src=\"https:\/\/www.youtube.com\/embed\/W1uPQRa9GKc?rel=0\" allowfullscreen=\"allowfullscreen\" data-mce-fragment=\"1\" width=\"560\" height=\"315\" frameborder=\"0\">&amp;amp;lt;p&amp;amp;gt;Ihr Browser kann leider keine eingebetteten Frames anzeigen:&amp;amp;lt;br&amp;amp;gt; Sie k&amp;amp;amp;ouml;nnen die eingebettete Seite &amp;amp;amp;uuml;ber den folgenden Verweis aufrufen:&amp;amp;lt;br&amp;amp;gt;&amp;amp;lt; a href=\"https:\/\/youtu.be\/W1uPQRa9GKc\"&amp;amp;gt;Video&amp;amp;lt;\/a&amp;amp;gt;&amp;amp;lt;\/p&amp;amp;gt; <\/iframe><\/td><td class=\"column-2\">Zeitrafferaufnahme von Wolfgang Weiser \/ WAA<\/td>\n<\/tr>\n<tr class=\"row-13 odd\">\n\t<td class=\"column-1\"><\/td><td class=\"column-2\"><\/td>\n<\/tr>\n<tr class=\"row-14 even\">\n\t<td class=\"column-1\"><iframe src=\"https:\/\/www.youtube.com\/embed\/nzA0npqhPPI?rel=0\" allowfullscreen=\"allowfullscreen\" data-mce-fragment=\"1\" width=\"560\" height=\"315\" frameborder=\"0\">&amp;amp;lt;p&amp;amp;gt;Ihr Browser kann leider keine eingebetteten Frames anzeigen:&amp;amp;lt;br&amp;amp;gt; Sie k&amp;amp;amp;ouml;nnen die eingebettete Seite &amp;amp;amp;uuml;ber den folgenden Verweis aufrufen:&amp;amp;lt;br&amp;amp;gt;&amp;amp;lt; a href=\"https:\/\/youtu.be\/nzA0npqhPPI\"&amp;amp;gt;Video&amp;amp;lt;\/a&amp;amp;gt;&amp;amp;lt;\/p&amp;amp;gt; <\/iframe><\/td><td class=\"column-2\">Rudi Dobesberger: Namibia IAS Part 1<\/td>\n<\/tr>\n<tr class=\"row-15 odd\">\n\t<td class=\"column-1\"><\/td><td class=\"column-2\"><\/td>\n<\/tr>\n<tr class=\"row-16 even\">\n\t<td class=\"column-1\">><iframe src=\"https:\/\/www.youtube.com\/embed\/5LhM4Sl4zME?rel=0\" allowfullscreen=\"allowfullscreen\" data-mce-fragment=\"1\" width=\"560\" height=\"315\" frameborder=\"0\">&amp;amp;lt;p&amp;amp;gt;Ihr Browser kann leider keine eingebetteten Frames anzeigen:&amp;amp;lt;br&amp;amp;gt; Sie k&amp;amp;amp;ouml;nnen die eingebettete Seite &amp;amp;amp;uuml;ber den folgenden Verweis aufrufen:&amp;amp;lt;br&amp;amp;gt;&amp;amp;lt; a href=\"https:\/\/youtu.be\/5LhM4Sl4zME\"&amp;amp;gt;Video&amp;amp;lt;\/a&amp;amp;gt;&amp;amp;lt;\/p&amp;amp;gt; <\/iframe><\/td><td class=\"column-2\">Rudi Dobesberger: Namibia IAS Part 2<\/td>\n<\/tr>\n<tr class=\"row-17 odd\">\n\t<td class=\"column-1\"><\/td><td class=\"column-2\"><\/td>\n<\/tr>\n<tr class=\"row-18 even\">\n\t<td class=\"column-1\"> <iframe src=\"https:\/\/www.youtube.com\/embed\/RIOnif6pJXA?rel=0\" width=\"560\" height=\"315\" frameborder=\"0\" allowfullscreen=\"allowfullscreen\" data-mce-fragment=\"1\">&amp;amp;lt;p&amp;amp;gt;Ihr Browser kann leider keine eingebetteten Frames anzeigen:&amp;amp;lt;br&amp;amp;gt; Sie k&amp;amp;amp;ouml;nnen die eingebettete Seite &amp;amp;amp;uuml;ber den folgenden Verweis aufrufen:&amp;amp;lt;br&amp;amp;gt;&amp;amp;lt; a href=\"https:\/\/youtu.be\/RIOnif6pJXA\"&amp;amp;gt;Video&amp;amp;lt;\/a&amp;amp;gt;&amp;amp;lt;\/p&amp;amp;gt; <\/iframe><\/td><td class=\"column-2\">Gerhard: Unter dem Kreuz des S\u00fcdens - Himmelsbeobachtung in Namibia<\/td>\n<\/tr>\n<\/tbody>\n<\/table>\n<!-- #tablepress-10 from cache --><\/p>\n","protected":false},"excerpt":{"rendered":"<p>Das hier gezeigte CNN-Video wurde unter anderem auf Hakos gefilmt. Des weiteren finden Sie hier ein paar auf YouTube ver\u00f6ffentlichte Videos unserer G\u00e4ste. Sollten auch Sie ein Video bereitstellen wollen, k\u00f6nnen Sie sich gerne&#46;&#46;&#46;<\/p>\n","protected":false},"author":2,"featured_media":0,"parent":0,"menu_order":0,"comment_status":"closed","ping_status":"closed","template":"","meta":{"jetpack_post_was_ever_published":false},"aioseo_notices":[],"jetpack_sharing_enabled":true,"jetpack_shortlink":"https:\/\/wp.me\/PapiHE-40","_links":{"self":[{"href":"https:\/\/www.hakos-astrofarm.com\/de\/wp-json\/wp\/v2\/pages\/248"}],"collection":[{"href":"https:\/\/www.hakos-astrofarm.com\/de\/wp-json\/wp\/v2\/pages"}],"about":[{"href":"https:\/\/www.hakos-astrofarm.com\/de\/wp-json\/wp\/v2\/types\/page"}],"author":[{"embeddable":true,"href":"https:\/\/www.hakos-astrofarm.com\/de\/wp-json\/wp\/v2\/users\/2"}],"replies":[{"embeddable":true,"href":"https:\/\/www.hakos-astrofarm.com\/de\/wp-json\/wp\/v2\/comments?post=248"}],"version-history":[{"count":13,"href":"https:\/\/www.hakos-astrofarm.com\/de\/wp-json\/wp\/v2\/pages\/248\/revisions"}],"predecessor-version":[{"id":2850,"href":"https:\/\/www.hakos-astrofarm.com\/de\/wp-json\/wp\/v2\/pages\/248\/revisions\/2850"}],"wp:attachment":[{"href":"https:\/\/www.hakos-astrofarm.com\/de\/wp-json\/wp\/v2\/media?parent=248"}],"curies":[{"name":"wp","href":"https:\/\/api.w.org\/{rel}","templated":true}]}}