{"id":257,"date":"2018-10-30T19:02:55","date_gmt":"2018-10-30T17:02:55","guid":{"rendered":"http:\/\/www.hakos-astrofarm.com\/de\/?page_id=257"},"modified":"2019-06-03T23:06:35","modified_gmt":"2019-06-03T21:06:35","slug":"gamsberg-3","status":"publish","type":"page","link":"https:\/\/www.hakos-astrofarm.com\/de\/gamsberg-3\/","title":{"rendered":"Gamsberg &#8211; Hakos"},"content":{"rendered":"<div class=\"pagetitle\">Gamsberg &#8211; der dritth\u00f6chste Berg Namibias<\/div>\n<p><img fetchpriority=\"high\" decoding=\"async\" src=\"http:\/\/www.hakos-astrofarm.com\/images\/haus_mit_gamsberg.jpg\" width=\"320\" height=\"199\" border=\"0\" \/><\/p>\n<p>Rund 5-6 Stunden dauert die Fahrt von uns auf den <b>Gamsberg<\/b> (2\u00a0347 m \u00fc. NN.) mit seiner ca. 40 m dicken Quarzitschicht. Das Plateau des Berges ist 1970 von der Max-Planck-Gesellschaft f\u00fcr Astronomie angekauft worden.<br \/>Der Gamsberg ist ein Tafelberg mit 2,5 km L\u00e4nge und einer durchschnittlichen Breite von 800 m.<br \/>Die Zufahrt auf den Berg ist zum Teil sehr steil und kurvenreich. Es ist nur wenigen Personen erlaubt diese Stra\u00dfe zu befahren.<\/p>\n<p><b>Zur Zeit sind nur gef\u00fchrte Touren auf den Gamsberg m\u00f6glich.<\/b><\/p>\n<p>Nun noch etwas zum Namen &#8222;Gamsberg&#8220;:<\/p>\n<p>James Edward Alexander erw\u00e4hnt den Gamsberg wohl als erster Europ\u00e4er in seinem Bericht &#8222;An Expedition of Discovery into the Interior of Africa&#8220;. Dort nennt er ihn aber noch &#8222;<b>Tans-Berg<\/b>&#8222;. \u00b4Tans (nam.) = &#8222;Schirm&#8220; laut Alexander. Auf der deutschen Kriegskarte ist er als der Gro\u00dfe &#8222;<b>Gansberg<\/b>&#8220; verzeichnet, heutige Benennung: &#8222;<b>Gamsberg<\/b>&#8222;.<br \/>Der bericht von James Edward Alexander ist inzwischen auch ins deutsche \u00fcbersetzt als Buch unter dem Titel &#8222;Entdeckungsreise in das Innere S\u00fcdwestafrikas&#8220; erh\u00e4ltlich.<\/p>\n\n","protected":false},"excerpt":{"rendered":"<p>Gamsberg &#8211; der dritth\u00f6chste Berg Namibias Rund 5-6 Stunden dauert die Fahrt von uns auf den Gamsberg (2\u00a0347 m \u00fc. NN.) mit seiner ca. 40 m dicken Quarzitschicht. Das Plateau des Berges ist 1970&#46;&#46;&#46;<\/p>\n","protected":false},"author":2,"featured_media":0,"parent":0,"menu_order":0,"comment_status":"closed","ping_status":"closed","template":"","meta":{"jetpack_post_was_ever_published":false},"aioseo_notices":[],"jetpack_sharing_enabled":true,"jetpack_shortlink":"https:\/\/wp.me\/PapiHE-49","_links":{"self":[{"href":"https:\/\/www.hakos-astrofarm.com\/de\/wp-json\/wp\/v2\/pages\/257"}],"collection":[{"href":"https:\/\/www.hakos-astrofarm.com\/de\/wp-json\/wp\/v2\/pages"}],"about":[{"href":"https:\/\/www.hakos-astrofarm.com\/de\/wp-json\/wp\/v2\/types\/page"}],"author":[{"embeddable":true,"href":"https:\/\/www.hakos-astrofarm.com\/de\/wp-json\/wp\/v2\/users\/2"}],"replies":[{"embeddable":true,"href":"https:\/\/www.hakos-astrofarm.com\/de\/wp-json\/wp\/v2\/comments?post=257"}],"version-history":[{"count":6,"href":"https:\/\/www.hakos-astrofarm.com\/de\/wp-json\/wp\/v2\/pages\/257\/revisions"}],"predecessor-version":[{"id":1524,"href":"https:\/\/www.hakos-astrofarm.com\/de\/wp-json\/wp\/v2\/pages\/257\/revisions\/1524"}],"wp:attachment":[{"href":"https:\/\/www.hakos-astrofarm.com\/de\/wp-json\/wp\/v2\/media?parent=257"}],"curies":[{"name":"wp","href":"https:\/\/api.w.org\/{rel}","templated":true}]}}