{"id":2853,"date":"2020-10-01T18:03:34","date_gmt":"2020-10-01T16:03:34","guid":{"rendered":"https:\/\/www.hakos-astrofarm.com\/de\/?page_id=2853"},"modified":"2020-10-14T22:45:54","modified_gmt":"2020-10-14T20:45:54","slug":"information-zur-corona-situation","status":"publish","type":"page","link":"https:\/\/www.hakos-astrofarm.com\/de\/information-zur-corona-situation\/","title":{"rendered":"Information zur Corona-Situation"},"content":{"rendered":"\n<p>Aufgrund einer Initiative zur Wiederbelebung des Tourismus haben speziell zertifizierte G\u00e4stebetriebe in Namibia wieder die M\u00f6glichkeit, G\u00e4ste zu beherbergen.\u00a0\u00a0Hakos G\u00e4stefarm wurde vom Gesundheitsministerium \u00fcberpr\u00fcft und hat die entsprechende Zertifizierung erhalten.\u00a0 Unsere T\u00fcren sind offen und wir heissen Sie willkommen!<\/p>\n<p><a href=\"http:\/\/www.hakos-astrofarm.com\/de\/wp-content\/uploads\/corona-info\/Hakos-Guestfarm-Corona-Certification.htm\" target=\"_blank\" rel=\"noopener noreferrer\" data-wplink-edit=\"true\">In der Liste findet man die Hakos G\u00e4stefarm in der Khomas-Region (gr\u00fcn hinterlegt)<\/a>.<\/p>\n","protected":false},"excerpt":{"rendered":"<p>Aufgrund einer Initiative zur Wiederbelebung des Tourismus haben speziell zertifizierte G\u00e4stebetriebe in Namibia wieder die M\u00f6glichkeit, G\u00e4ste zu beherbergen.\u00a0\u00a0Hakos G\u00e4stefarm wurde vom Gesundheitsministerium \u00fcberpr\u00fcft und hat die entsprechende Zertifizierung erhalten.\u00a0 Unsere T\u00fcren sind offen&#46;&#46;&#46;<\/p>\n","protected":false},"author":1,"featured_media":0,"parent":0,"menu_order":0,"comment_status":"closed","ping_status":"closed","template":"","meta":{"jetpack_post_was_ever_published":false},"aioseo_notices":[],"jetpack_sharing_enabled":true,"jetpack_shortlink":"https:\/\/wp.me\/PapiHE-K1","_links":{"self":[{"href":"https:\/\/www.hakos-astrofarm.com\/de\/wp-json\/wp\/v2\/pages\/2853"}],"collection":[{"href":"https:\/\/www.hakos-astrofarm.com\/de\/wp-json\/wp\/v2\/pages"}],"about":[{"href":"https:\/\/www.hakos-astrofarm.com\/de\/wp-json\/wp\/v2\/types\/page"}],"author":[{"embeddable":true,"href":"https:\/\/www.hakos-astrofarm.com\/de\/wp-json\/wp\/v2\/users\/1"}],"replies":[{"embeddable":true,"href":"https:\/\/www.hakos-astrofarm.com\/de\/wp-json\/wp\/v2\/comments?post=2853"}],"version-history":[{"count":9,"href":"https:\/\/www.hakos-astrofarm.com\/de\/wp-json\/wp\/v2\/pages\/2853\/revisions"}],"predecessor-version":[{"id":2874,"href":"https:\/\/www.hakos-astrofarm.com\/de\/wp-json\/wp\/v2\/pages\/2853\/revisions\/2874"}],"wp:attachment":[{"href":"https:\/\/www.hakos-astrofarm.com\/de\/wp-json\/wp\/v2\/media?parent=2853"}],"curies":[{"name":"wp","href":"https:\/\/api.w.org\/{rel}","templated":true}]}}