{"id":3139,"date":"2024-02-27T06:32:31","date_gmt":"2024-02-27T04:32:31","guid":{"rendered":"https:\/\/www.hakos-astrofarm.com\/de\/?page_id=3139"},"modified":"2024-02-29T17:16:56","modified_gmt":"2024-02-29T15:16:56","slug":"remote-sternwarten-neu","status":"publish","type":"page","link":"https:\/\/www.hakos-astrofarm.com\/de\/remote-sternwarten-neu\/","title":{"rendered":"Remote-Sternwarten-(neu)"},"content":{"rendered":"\t\t<div data-elementor-type=\"wp-page\" data-elementor-id=\"3139\" class=\"elementor elementor-3139\">\n\t\t\t\t\t\t<section class=\"elementor-section elementor-top-section elementor-element elementor-element-8b65ff4 elementor-section-boxed elementor-section-height-default elementor-section-height-default\" data-id=\"8b65ff4\" data-element_type=\"section\">\n\t\t\t\t\t\t<div class=\"elementor-container elementor-column-gap-default\">\n\t\t\t\t\t<div class=\"elementor-column elementor-col-50 elementor-top-column elementor-element elementor-element-3af5572\" data-id=\"3af5572\" data-element_type=\"column\">\n\t\t\t<div class=\"elementor-widget-wrap elementor-element-populated\">\n\t\t\t\t\t\t<div class=\"elementor-element elementor-element-b882ef3 elementor-widget elementor-widget-image\" data-id=\"b882ef3\" data-element_type=\"widget\" data-widget_type=\"image.default\">\n\t\t\t\t<div class=\"elementor-widget-container\">\n\t\t\t\t\t\t\t\t\t\t\t\t\t<img fetchpriority=\"high\" decoding=\"async\" width=\"1024\" height=\"512\" src=\"https:\/\/www.hakos-astrofarm.com\/de\/wp-content\/uploads\/2024\/02\/10-Remote-a-e1709219713939-1024x512.jpg\" class=\"attachment-large size-large wp-image-3488\" alt=\"\" srcset=\"https:\/\/www.hakos-astrofarm.com\/de\/wp-content\/uploads\/2024\/02\/10-Remote-a-e1709219713939-1024x512.jpg 1024w, https:\/\/www.hakos-astrofarm.com\/de\/wp-content\/uploads\/2024\/02\/10-Remote-a-e1709219713939-300x150.jpg 300w, https:\/\/www.hakos-astrofarm.com\/de\/wp-content\/uploads\/2024\/02\/10-Remote-a-e1709219713939-768x384.jpg 768w, https:\/\/www.hakos-astrofarm.com\/de\/wp-content\/uploads\/2024\/02\/10-Remote-a-e1709219713939-1536x768.jpg 1536w, https:\/\/www.hakos-astrofarm.com\/de\/wp-content\/uploads\/2024\/02\/10-Remote-a-e1709219713939.jpg 2000w\" sizes=\"(max-width: 1024px) 100vw, 1024px\" \/>\t\t\t\t\t\t\t\t\t\t\t\t\t<\/div>\n\t\t\t\t<\/div>\n\t\t\t\t\t<\/div>\n\t\t<\/div>\n\t\t\t\t<div class=\"elementor-column elementor-col-50 elementor-top-column elementor-element elementor-element-12dd680\" data-id=\"12dd680\" data-element_type=\"column\">\n\t\t\t<div class=\"elementor-widget-wrap elementor-element-populated\">\n\t\t\t\t\t\t<div class=\"elementor-element elementor-element-6bbc468 elementor-widget elementor-widget-image\" data-id=\"6bbc468\" data-element_type=\"widget\" data-widget_type=\"image.default\">\n\t\t\t\t<div class=\"elementor-widget-container\">\n\t\t\t\t\t\t\t\t\t\t\t\t\t<img decoding=\"async\" width=\"1024\" height=\"512\" src=\"https:\/\/www.hakos-astrofarm.com\/de\/wp-content\/uploads\/2024\/02\/2-Domes-a-e1709219737574-1024x512.jpg\" class=\"attachment-large size-large wp-image-3487\" alt=\"\" srcset=\"https:\/\/www.hakos-astrofarm.com\/de\/wp-content\/uploads\/2024\/02\/2-Domes-a-e1709219737574-1024x512.jpg 1024w, https:\/\/www.hakos-astrofarm.com\/de\/wp-content\/uploads\/2024\/02\/2-Domes-a-e1709219737574-300x150.jpg 300w, https:\/\/www.hakos-astrofarm.com\/de\/wp-content\/uploads\/2024\/02\/2-Domes-a-e1709219737574-768x384.jpg 768w, https:\/\/www.hakos-astrofarm.com\/de\/wp-content\/uploads\/2024\/02\/2-Domes-a-e1709219737574-1536x768.jpg 1536w, https:\/\/www.hakos-astrofarm.com\/de\/wp-content\/uploads\/2024\/02\/2-Domes-a-e1709219737574.jpg 2000w\" sizes=\"(max-width: 1024px) 100vw, 1024px\" \/>\t\t\t\t\t\t\t\t\t\t\t\t\t<\/div>\n\t\t\t\t<\/div>\n\t\t\t\t\t<\/div>\n\t\t<\/div>\n\t\t\t\t\t<\/div>\n\t\t<\/section>\n\t\t\t\t<section class=\"elementor-section elementor-top-section elementor-element elementor-element-e1110d0 elementor-section-full_width elementor-section-height-default elementor-section-height-default\" data-id=\"e1110d0\" data-element_type=\"section\">\n\t\t\t\t\t\t<div class=\"elementor-container elementor-column-gap-default\">\n\t\t\t\t\t<div class=\"elementor-column elementor-col-33 elementor-top-column elementor-element elementor-element-2d0ef4d\" data-id=\"2d0ef4d\" data-element_type=\"column\">\n\t\t\t<div class=\"elementor-widget-wrap elementor-element-populated\">\n\t\t\t\t\t\t<div class=\"elementor-element elementor-element-253ddd3 elementor-widget elementor-widget-image\" data-id=\"253ddd3\" data-element_type=\"widget\" data-widget_type=\"image.default\">\n\t\t\t\t<div class=\"elementor-widget-container\">\n\t\t\t\t\t\t\t\t\t\t\t\t\t<img decoding=\"async\" src=\"https:\/\/www.hakos-astrofarm.com\/de\/wp-content\/uploads\/elementor\/thumbs\/Sized-1-1-oep0ji1kb5wqxscbjue8y4za4jcdw3w3aw86yn65fk.jpg\" title=\"@RemoteSternwarten\" alt=\"@RemoteSternwarten\" loading=\"lazy\" \/>\t\t\t\t\t\t\t\t\t\t\t\t\t<\/div>\n\t\t\t\t<\/div>\n\t\t\t\t\t<\/div>\n\t\t<\/div>\n\t\t\t\t<div class=\"elementor-column elementor-col-33 elementor-top-column elementor-element elementor-element-01d7962\" data-id=\"01d7962\" data-element_type=\"column\">\n\t\t\t<div class=\"elementor-widget-wrap elementor-element-populated\">\n\t\t\t\t\t\t<div class=\"elementor-element elementor-element-564a89e elementor-widget elementor-widget-image\" data-id=\"564a89e\" data-element_type=\"widget\" data-widget_type=\"image.default\">\n\t\t\t\t<div class=\"elementor-widget-container\">\n\t\t\t\t\t\t\t\t\t\t\t\t\t<img decoding=\"async\" src=\"https:\/\/www.hakos-astrofarm.com\/de\/wp-content\/uploads\/elementor\/thumbs\/Remote-oep0ji1kb5wqxscbjue8y4za4jcdw3w3aw86yn65fk.jpg\" title=\"@RemoteSternwarten\" alt=\"@RemoteSternwarten\" loading=\"lazy\" \/>\t\t\t\t\t\t\t\t\t\t\t\t\t<\/div>\n\t\t\t\t<\/div>\n\t\t\t\t\t<\/div>\n\t\t<\/div>\n\t\t\t\t<div class=\"elementor-column elementor-col-33 elementor-top-column elementor-element elementor-element-71066d3\" data-id=\"71066d3\" data-element_type=\"column\">\n\t\t\t<div class=\"elementor-widget-wrap elementor-element-populated\">\n\t\t\t\t\t\t<div class=\"elementor-element elementor-element-a1460ff elementor-widget elementor-widget-image\" data-id=\"a1460ff\" data-element_type=\"widget\" data-widget_type=\"image.default\">\n\t\t\t\t<div class=\"elementor-widget-container\">\n\t\t\t\t\t\t\t\t\t\t\t\t\t<img decoding=\"async\" src=\"https:\/\/www.hakos-astrofarm.com\/de\/wp-content\/uploads\/elementor\/thumbs\/Remote-3-oep0ji1kb5wqxscbjue8y4za4jcdw3w3aw86yn65fk.jpg\" title=\"@RemoteSternwarten\" alt=\"@RemoteSternwarten\" loading=\"lazy\" \/>\t\t\t\t\t\t\t\t\t\t\t\t\t<\/div>\n\t\t\t\t<\/div>\n\t\t\t\t\t<\/div>\n\t\t<\/div>\n\t\t\t\t\t<\/div>\n\t\t<\/section>\n\t\t\t\t<section class=\"elementor-section elementor-top-section elementor-element elementor-element-647aae54 elementor-section-full_width elementor-section-height-default elementor-section-height-default\" data-id=\"647aae54\" data-element_type=\"section\">\n\t\t\t\t\t\t<div class=\"elementor-container elementor-column-gap-default\">\n\t\t\t\t\t<div class=\"elementor-column elementor-col-100 elementor-top-column elementor-element elementor-element-5c591c17\" data-id=\"5c591c17\" data-element_type=\"column\">\n\t\t\t<div class=\"elementor-widget-wrap elementor-element-populated\">\n\t\t\t\t\t\t<div class=\"elementor-element elementor-element-7d6b16d9 elementor-widget elementor-widget-text-editor\" data-id=\"7d6b16d9\" data-element_type=\"widget\" data-widget_type=\"text-editor.default\">\n\t\t\t\t<div class=\"elementor-widget-container\">\n\t\t\t\t\t\t\t<p><!-- wp:tadv\/classic-paragraph --><\/p>\n<p>\u00a0<br \/>Hakos verf\u00fcgt \u00fcber 19 Remote-Sternwarten, 17 mit Rolld\u00e4chern, 2 mit 3m-Kuppeln<\/p>\n<p>Die Grundfl\u00e4che betr\u00e4gt jeweils 2,80m x 2,80m und ist betoniert.\u00a0 Die Nordwand hat eine H\u00f6he von 2,15m, die anderen W\u00e4nde haben eine H\u00f6he von 1,80m.\u00a0 Die Dachh\u00f6he des abschiebbaren Daches betr\u00e4gt im S\u00fcden 1,95m, im Norden 2,15m.\u00a0 Abh\u00e4ngig von der installierten S\u00e4ulenh\u00f6he kann ein minimaler H\u00f6henwinkel von 20 Grad erreicht werden.\u00a0 Daten der Internet\u00a0 Verbindung:\u00a0 25Mb down, 25Mb up (shared). F\u00fcr Detail-Informationen nehmen sie bitte Kontakt mit uns auf.<\/p>\n<p>Mobil:\u00a0\u00a0\u00a0\u00a0\u00a0\u00a0 +264 81 277 4535 (Waltraud Straube, auch WhatsApp)<\/p>\n<p>E-Mail:\u00a0 \u00a0 \u00a0 remote@hakos-astrofarm.com<\/p>\n<p><!-- \/wp:tadv\/classic-paragraph --><\/p>\t\t\t\t\t\t<\/div>\n\t\t\t\t<\/div>\n\t\t\t\t\t<\/div>\n\t\t<\/div>\n\t\t\t\t\t<\/div>\n\t\t<\/section>\n\t\t\t\t<section class=\"elementor-section elementor-top-section elementor-element elementor-element-5529bb7 elementor-section-full_width elementor-section-height-default elementor-section-height-default\" data-id=\"5529bb7\" data-element_type=\"section\">\n\t\t\t\t\t\t<div class=\"elementor-container elementor-column-gap-default\">\n\t\t\t\t\t<div class=\"elementor-column elementor-col-100 elementor-top-column elementor-element elementor-element-53c7c4b\" data-id=\"53c7c4b\" data-element_type=\"column\">\n\t\t\t<div class=\"elementor-widget-wrap elementor-element-populated\">\n\t\t\t\t\t\t<div class=\"elementor-element elementor-element-c6a9554 elementor-widget elementor-widget-text-editor\" data-id=\"c6a9554\" data-element_type=\"widget\" data-widget_type=\"text-editor.default\">\n\t\t\t\t<div class=\"elementor-widget-container\">\n\t\t\t\t\t\t\t<p style=\"text-align: left;\">Die Remotesternewarten werden von Waltraud Straube und Friedhelm Hund betrieben.<\/p>\t\t\t\t\t\t<\/div>\n\t\t\t\t<\/div>\n\t\t\t\t\t<\/div>\n\t\t<\/div>\n\t\t\t\t\t<\/div>\n\t\t<\/section>\n\t\t\t\t<section class=\"elementor-section elementor-top-section elementor-element elementor-element-439cd06 elementor-section-boxed elementor-section-height-default elementor-section-height-default\" data-id=\"439cd06\" data-element_type=\"section\">\n\t\t\t\t\t\t<div class=\"elementor-container elementor-column-gap-default\">\n\t\t\t\t\t<div class=\"elementor-column elementor-col-100 elementor-top-column elementor-element elementor-element-56118f7\" data-id=\"56118f7\" data-element_type=\"column\">\n\t\t\t<div class=\"elementor-widget-wrap elementor-element-populated\">\n\t\t\t\t\t\t<div class=\"elementor-element elementor-element-7811f49 elementor-widget-divider--view-line elementor-widget elementor-widget-divider\" data-id=\"7811f49\" data-element_type=\"widget\" data-widget_type=\"divider.default\">\n\t\t\t\t<div class=\"elementor-widget-container\">\n\t\t\t\t\t<div class=\"elementor-divider\">\n\t\t\t<span class=\"elementor-divider-separator\">\n\t\t\t\t\t\t<\/span>\n\t\t<\/div>\n\t\t\t\t<\/div>\n\t\t\t\t<\/div>\n\t\t\t\t\t<\/div>\n\t\t<\/div>\n\t\t\t\t\t<\/div>\n\t\t<\/section>\n\t\t\t\t<section class=\"elementor-section elementor-top-section elementor-element elementor-element-f539f8a elementor-section-full_width elementor-section-height-default elementor-section-height-default\" data-id=\"f539f8a\" data-element_type=\"section\">\n\t\t\t\t\t\t<div class=\"elementor-container elementor-column-gap-default\">\n\t\t\t\t\t<div class=\"elementor-column elementor-col-50 elementor-top-column elementor-element elementor-element-7403d1c\" data-id=\"7403d1c\" data-element_type=\"column\">\n\t\t\t<div class=\"elementor-widget-wrap elementor-element-populated\">\n\t\t\t\t\t\t<div class=\"elementor-element elementor-element-706537e elementor-widget-mobile__width-initial elementor-widget elementor-widget-image\" data-id=\"706537e\" data-element_type=\"widget\" data-widget_type=\"image.default\">\n\t\t\t\t<div class=\"elementor-widget-container\">\n\t\t\t\t\t\t\t\t\t\t\t\t\t<img decoding=\"async\" src=\"https:\/\/www.hakos-astrofarm.com\/de\/wp-content\/uploads\/elementor\/thumbs\/Waltraud-1a-oep0ji1nyq6n08rss4x03qiaxha281o5dd0p93g45y.jpg\" title=\"@Gastgeber Waltraud\" alt=\"@Gastgeber Waltraud\" loading=\"lazy\" \/>\t\t\t\t\t\t\t\t\t\t\t\t\t<\/div>\n\t\t\t\t<\/div>\n\t\t\t\t\t<\/div>\n\t\t<\/div>\n\t\t\t\t<div class=\"elementor-column elementor-col-50 elementor-top-column elementor-element elementor-element-9d5ba13\" data-id=\"9d5ba13\" data-element_type=\"column\">\n\t\t\t<div class=\"elementor-widget-wrap elementor-element-populated\">\n\t\t\t\t\t\t<div class=\"elementor-element elementor-element-4bc8d54 elementor-widget elementor-widget-text-editor\" data-id=\"4bc8d54\" data-element_type=\"widget\" data-widget_type=\"text-editor.default\">\n\t\t\t\t<div class=\"elementor-widget-container\">\n\t\t\t\t\t\t\t<p style=\"text-align: center;\"><strong>Waltraud Straube<\/strong><\/p>\n<p style=\"text-align: left;\">Waltraud wurde in Swakopmund\/Namibia geboren und absolvierte ihre Schulzeit in Windhoek. In Kapstadt\/S\u00fcdafrika absolvierte sie eine Ausbildung als Sekret\u00e4rin. Sie entschloss sich dann ins Ausland zu gehen und arbeitete 10 Jahre lang im Pfanniwerk in M\u00fcnchen\/Deutschland als Privatsekret\u00e4rin. Nach weiteren Ausbildungen in Public Relations, als Heilpraktikerin und in Hom\u00f6opathie betreute sie alte and schwerbehinderte Menschen in Wien\/\u00d6sterreich. 1998 kehrte sie zur\u00fcck nach Namibia. Dort stieg sie in den G\u00e4stebetrieb ihres inzwischen verstorbenen Vaters <a href=\"http:\/\/www.hakos-astrofarm.com\/de\/farm-geschichte\/\">Walter Straube<\/a> auf der Farm Hakos ein.<br \/>Bis Februar 2024 leitete sie mit Friedhelm den G\u00e4stebetrieb auf Hakos.<\/p>\t\t\t\t\t\t<\/div>\n\t\t\t\t<\/div>\n\t\t\t\t\t<\/div>\n\t\t<\/div>\n\t\t\t\t\t<\/div>\n\t\t<\/section>\n\t\t\t\t<section class=\"elementor-section elementor-top-section elementor-element elementor-element-2ed5b0e elementor-section-boxed elementor-section-height-default elementor-section-height-default\" data-id=\"2ed5b0e\" data-element_type=\"section\">\n\t\t\t\t\t\t<div class=\"elementor-container elementor-column-gap-default\">\n\t\t\t\t\t<div class=\"elementor-column elementor-col-100 elementor-top-column elementor-element elementor-element-b447d53\" data-id=\"b447d53\" data-element_type=\"column\">\n\t\t\t<div class=\"elementor-widget-wrap elementor-element-populated\">\n\t\t\t\t\t\t<div class=\"elementor-element elementor-element-9a3cc8d elementor-widget-divider--view-line elementor-widget elementor-widget-divider\" data-id=\"9a3cc8d\" data-element_type=\"widget\" data-widget_type=\"divider.default\">\n\t\t\t\t<div class=\"elementor-widget-container\">\n\t\t\t\t\t<div class=\"elementor-divider\">\n\t\t\t<span class=\"elementor-divider-separator\">\n\t\t\t\t\t\t<\/span>\n\t\t<\/div>\n\t\t\t\t<\/div>\n\t\t\t\t<\/div>\n\t\t\t\t\t<\/div>\n\t\t<\/div>\n\t\t\t\t\t<\/div>\n\t\t<\/section>\n\t\t\t\t<section class=\"elementor-section elementor-top-section elementor-element elementor-element-835c9c9 elementor-section-full_width elementor-section-height-default elementor-section-height-default\" data-id=\"835c9c9\" data-element_type=\"section\">\n\t\t\t\t\t\t<div class=\"elementor-container elementor-column-gap-default\">\n\t\t\t\t\t<div class=\"elementor-column elementor-col-50 elementor-top-column elementor-element elementor-element-8403550\" data-id=\"8403550\" data-element_type=\"column\">\n\t\t\t<div class=\"elementor-widget-wrap elementor-element-populated\">\n\t\t\t\t\t\t<div class=\"elementor-element elementor-element-744300e elementor-widget elementor-widget-image\" data-id=\"744300e\" data-element_type=\"widget\" data-widget_type=\"image.default\">\n\t\t\t\t<div class=\"elementor-widget-container\">\n\t\t\t\t\t\t\t\t\t\t\t\t\t<img decoding=\"async\" src=\"https:\/\/www.hakos-astrofarm.com\/de\/wp-content\/uploads\/elementor\/thumbs\/Sized--oep0ji1nyq6n08rss4x03qiaxha281o5dd0p93g45y.jpg\" title=\"@Gastgeber Friedhelm\" alt=\"@Gastgeber Friedhelm\" loading=\"lazy\" \/>\t\t\t\t\t\t\t\t\t\t\t\t\t<\/div>\n\t\t\t\t<\/div>\n\t\t\t\t\t<\/div>\n\t\t<\/div>\n\t\t\t\t<div class=\"elementor-column elementor-col-50 elementor-top-column elementor-element elementor-element-815786e\" data-id=\"815786e\" data-element_type=\"column\">\n\t\t\t<div class=\"elementor-widget-wrap elementor-element-populated\">\n\t\t\t\t\t\t<div class=\"elementor-element elementor-element-ea31c63 elementor-widget elementor-widget-text-editor\" data-id=\"ea31c63\" data-element_type=\"widget\" data-widget_type=\"text-editor.default\">\n\t\t\t\t<div class=\"elementor-widget-container\">\n\t\t\t\t\t\t\t<p style=\"text-align: center;\" align=\"center\"><strong>Friedhelm Hund<\/strong><\/p>\n<p>Friedhelm wurde in Deutschland geboren und verbrachte dort auch seine Schulzeit. Bei der Firma G\u00f6rlitz AG in Koblenz war er Leiter der Software Entwicklung. Seit 1990 besch\u00e4ftigt er sich mit Astronomie und er bereiste seit 1996 regelm\u00e4\u03b2ig das s\u00fcdliche Afrika. Seit 2000 ist Friedhelm als Lebenspartner von Waltraud permanent auf Hakos. Vorkenntnisse im Bereich der Elektrotechnik und System Integration erm\u00f6glichten ihm den Entwurf, die Installation und Betreuung von Remote Sternwarten.<br \/>Bis Februar 2024 hatte er auch die technische Leitung der G\u00e4stefarm, betreute zus\u00e4tzlich die Astro-G\u00e4ste, Sternwarten und machte Sternf\u00fchrungen.<\/p>\t\t\t\t\t\t<\/div>\n\t\t\t\t<\/div>\n\t\t\t\t\t<\/div>\n\t\t<\/div>\n\t\t\t\t\t<\/div>\n\t\t<\/section>\n\t\t\t\t<\/div>\n\t\t","protected":false},"excerpt":{"rendered":"<p>\u00a0Hakos verf\u00fcgt \u00fcber 19 Remote-Sternwarten, 17 mit Rolld\u00e4chern, 2 mit 3m-Kuppeln Die Grundfl\u00e4che betr\u00e4gt jeweils 2,80m x 2,80m und ist betoniert.\u00a0 Die Nordwand hat eine H\u00f6he von 2,15m, die anderen W\u00e4nde haben eine H\u00f6he&#46;&#46;&#46;<\/p>\n","protected":false},"author":1,"featured_media":0,"parent":0,"menu_order":0,"comment_status":"closed","ping_status":"closed","template":"","meta":{"jetpack_post_was_ever_published":false},"aioseo_notices":[],"jetpack_sharing_enabled":true,"jetpack_shortlink":"https:\/\/wp.me\/PapiHE-OD","_links":{"self":[{"href":"https:\/\/www.hakos-astrofarm.com\/de\/wp-json\/wp\/v2\/pages\/3139"}],"collection":[{"href":"https:\/\/www.hakos-astrofarm.com\/de\/wp-json\/wp\/v2\/pages"}],"about":[{"href":"https:\/\/www.hakos-astrofarm.com\/de\/wp-json\/wp\/v2\/types\/page"}],"author":[{"embeddable":true,"href":"https:\/\/www.hakos-astrofarm.com\/de\/wp-json\/wp\/v2\/users\/1"}],"replies":[{"embeddable":true,"href":"https:\/\/www.hakos-astrofarm.com\/de\/wp-json\/wp\/v2\/comments?post=3139"}],"version-history":[{"count":35,"href":"https:\/\/www.hakos-astrofarm.com\/de\/wp-json\/wp\/v2\/pages\/3139\/revisions"}],"predecessor-version":[{"id":3535,"href":"https:\/\/www.hakos-astrofarm.com\/de\/wp-json\/wp\/v2\/pages\/3139\/revisions\/3535"}],"wp:attachment":[{"href":"https:\/\/www.hakos-astrofarm.com\/de\/wp-json\/wp\/v2\/media?parent=3139"}],"curies":[{"name":"wp","href":"https:\/\/api.w.org\/{rel}","templated":true}]}}