{"id":3632,"date":"2024-08-31T14:32:38","date_gmt":"2024-08-31T12:32:38","guid":{"rendered":"https:\/\/www.hakos-astrofarm.com\/de\/?page_id=3632"},"modified":"2026-01-15T08:04:21","modified_gmt":"2026-01-15T06:04:21","slug":"neue-remote-sternwarten","status":"publish","type":"page","link":"https:\/\/www.hakos-astrofarm.com\/de\/neue-remote-sternwarten\/","title":{"rendered":"Remote-Sternwarten Phase 2"},"content":{"rendered":"\n<div class=\"is-layout-flex wp-container-4 wp-block-columns\">\n<div class=\"is-layout-flow wp-block-column\">\n<div class=\"is-layout-flex wp-container-2 wp-block-columns\">\n<div class=\"is-layout-flow wp-block-column\">\n<p>Das jetzige Managementteam hat inzwischen eine weitere Gruppe von 16 Remote-Sternwarten gebaut, die ab September 2025 in Betrieb ist.<br \/>Die Bauart ist \u00e4hnlich den Remote-Sternwarten der Phase 1.<\/p>\n<p>Die beiden unteren Detailbilder zeigen <a href=\"https:\/\/www.hakos-astrofarm.com\/de\/remote-sternwarten\/\">Remote-Sternwarten der Phase 1<\/a>.<br \/>Die Grundfl\u00e4che betr\u00e4gt jeweils 2,70m x 2,80m und ist betoniert.\u00a0 Die Nordwand hat eine H\u00f6he von 2,15m, die anderen W\u00e4nde haben eine H\u00f6he von 1,80m.\u00a0 Die Dachh\u00f6he des abschiebbaren Daches betr\u00e4gt im S\u00fcden 1,95m, im Norden 2,15m.\u00a0 Abh\u00e4ngig von der installierten S\u00e4ulenh\u00f6he kann ein minimaler H\u00f6henwinkel von 20 Grad erreicht werden.<\/p>\n<p>F\u00fcr Detail-Informationen nehmen sie bitte Kontakt mit uns auf:<\/p>\n<p>Mobil:\u00a0 \u00a0 \u00a0+264 81 352 1162 (auch WhatsApp)<br \/>E-Mail:\u00a0 \u00a0 new-remote@hakos-astrofarm.com<\/p>\n<\/div>\n<\/div>\n<\/div>\n<\/div>\n\n\n\n<div class=\"is-layout-flex wp-container-6 wp-block-columns\">\n<div class=\"is-layout-flow wp-block-column\">\n<figure class=\"wp-block-image size-large\"><img fetchpriority=\"high\" decoding=\"async\" width=\"1024\" height=\"489\" src=\"https:\/\/www.hakos-astrofarm.com\/de\/wp-content\/uploads\/2026\/01\/16-New-Remotes-1024x489.jpg\" alt=\"\" class=\"wp-image-4109\" srcset=\"https:\/\/www.hakos-astrofarm.com\/de\/wp-content\/uploads\/2026\/01\/16-New-Remotes-1024x489.jpg 1024w, https:\/\/www.hakos-astrofarm.com\/de\/wp-content\/uploads\/2026\/01\/16-New-Remotes-300x143.jpg 300w, https:\/\/www.hakos-astrofarm.com\/de\/wp-content\/uploads\/2026\/01\/16-New-Remotes-768x367.jpg 768w, https:\/\/www.hakos-astrofarm.com\/de\/wp-content\/uploads\/2026\/01\/16-New-Remotes.jpg 1402w\" sizes=\"(max-width: 1024px) 100vw, 1024px\" \/><\/figure>\n<\/div>\n<\/div>\n\n\n\n<div class=\"is-layout-flex wp-container-9 wp-block-columns\">\n<div class=\"is-layout-flow wp-block-column\">\n<figure class=\"wp-block-image size-large\"><img decoding=\"async\" width=\"1024\" height=\"768\" src=\"https:\/\/www.hakos-astrofarm.com\/de\/wp-content\/uploads\/2019\/09\/Remote-1024x768.jpg\" alt=\"\" class=\"wp-image-2449\" srcset=\"https:\/\/www.hakos-astrofarm.com\/de\/wp-content\/uploads\/2019\/09\/Remote-1024x768.jpg 1024w, https:\/\/www.hakos-astrofarm.com\/de\/wp-content\/uploads\/2019\/09\/Remote-300x225.jpg 300w, https:\/\/www.hakos-astrofarm.com\/de\/wp-content\/uploads\/2019\/09\/Remote-768x576.jpg 768w, https:\/\/www.hakos-astrofarm.com\/de\/wp-content\/uploads\/2019\/09\/Remote.jpg 2000w\" sizes=\"(max-width: 1024px) 100vw, 1024px\" \/><\/figure>\n<\/div>\n\n\n\n<div class=\"is-layout-flow wp-block-column\">\n<figure class=\"wp-block-image size-large\"><img decoding=\"async\" width=\"1024\" height=\"768\" src=\"https:\/\/www.hakos-astrofarm.com\/de\/wp-content\/uploads\/2019\/09\/Remote-3-1024x768.jpg\" alt=\"\" class=\"wp-image-2140\" srcset=\"https:\/\/www.hakos-astrofarm.com\/de\/wp-content\/uploads\/2019\/09\/Remote-3-1024x768.jpg 1024w, https:\/\/www.hakos-astrofarm.com\/de\/wp-content\/uploads\/2019\/09\/Remote-3-300x225.jpg 300w, https:\/\/www.hakos-astrofarm.com\/de\/wp-content\/uploads\/2019\/09\/Remote-3-768x576.jpg 768w, https:\/\/www.hakos-astrofarm.com\/de\/wp-content\/uploads\/2019\/09\/Remote-3.jpg 2000w\" sizes=\"(max-width: 1024px) 100vw, 1024px\" \/><\/figure>\n<\/div>\n<\/div>\n","protected":false},"excerpt":{"rendered":"<p>Das jetzige Managementteam hat inzwischen eine weitere Gruppe von 16 Remote-Sternwarten gebaut, die ab September 2025 in Betrieb ist.Die Bauart ist \u00e4hnlich den Remote-Sternwarten der Phase 1. Die beiden unteren Detailbilder zeigen Remote-Sternwarten der&#46;&#46;&#46;<\/p>\n","protected":false},"author":1,"featured_media":0,"parent":0,"menu_order":0,"comment_status":"closed","ping_status":"closed","template":"","meta":{"jetpack_post_was_ever_published":false},"aioseo_notices":[],"jetpack_sharing_enabled":true,"jetpack_shortlink":"https:\/\/wp.me\/PapiHE-WA","_links":{"self":[{"href":"https:\/\/www.hakos-astrofarm.com\/de\/wp-json\/wp\/v2\/pages\/3632"}],"collection":[{"href":"https:\/\/www.hakos-astrofarm.com\/de\/wp-json\/wp\/v2\/pages"}],"about":[{"href":"https:\/\/www.hakos-astrofarm.com\/de\/wp-json\/wp\/v2\/types\/page"}],"author":[{"embeddable":true,"href":"https:\/\/www.hakos-astrofarm.com\/de\/wp-json\/wp\/v2\/users\/1"}],"replies":[{"embeddable":true,"href":"https:\/\/www.hakos-astrofarm.com\/de\/wp-json\/wp\/v2\/comments?post=3632"}],"version-history":[{"count":7,"href":"https:\/\/www.hakos-astrofarm.com\/de\/wp-json\/wp\/v2\/pages\/3632\/revisions"}],"predecessor-version":[{"id":4110,"href":"https:\/\/www.hakos-astrofarm.com\/de\/wp-json\/wp\/v2\/pages\/3632\/revisions\/4110"}],"wp:attachment":[{"href":"https:\/\/www.hakos-astrofarm.com\/de\/wp-json\/wp\/v2\/media?parent=3632"}],"curies":[{"name":"wp","href":"https:\/\/api.w.org\/{rel}","templated":true}]}}