{"id":368,"date":"2018-11-02T21:22:42","date_gmt":"2018-11-02T19:22:42","guid":{"rendered":"http:\/\/www.hakos-astrofarm.com\/de\/?page_id=368"},"modified":"2026-01-14T10:41:48","modified_gmt":"2026-01-14T08:41:48","slug":"remote-sternwarten","status":"publish","type":"page","link":"https:\/\/www.hakos-astrofarm.com\/de\/remote-sternwarten\/","title":{"rendered":"Remote-Sternwarten Phase 1"},"content":{"rendered":"\t\t<div data-elementor-type=\"wp-page\" data-elementor-id=\"368\" class=\"elementor elementor-368\">\n\t\t\t\t\t\t<section class=\"elementor-section elementor-top-section elementor-element elementor-element-e1110d0 elementor-section-full_width elementor-section-height-default elementor-section-height-default\" data-id=\"e1110d0\" data-element_type=\"section\">\n\t\t\t\t\t\t<div class=\"elementor-container elementor-column-gap-default\">\n\t\t\t\t\t<div class=\"elementor-column elementor-col-50 elementor-top-column elementor-element elementor-element-2d0ef4d\" data-id=\"2d0ef4d\" data-element_type=\"column\">\n\t\t\t<div class=\"elementor-widget-wrap elementor-element-populated\">\n\t\t\t\t\t\t<div class=\"elementor-element elementor-element-253ddd3 elementor-widget elementor-widget-image\" data-id=\"253ddd3\" data-element_type=\"widget\" data-widget_type=\"image.default\">\n\t\t\t\t<div class=\"elementor-widget-container\">\n\t\t\t\t\t\t\t\t\t\t\t\t\t<img decoding=\"async\" src=\"https:\/\/www.hakos-astrofarm.com\/de\/wp-content\/uploads\/elementor\/thumbs\/10-Remote-a-e1709219713939-qkj0sc8s8zw7r00h6u2yssa66atwq1i3w9dk4sy680.jpg\" title=\"@Remote-Sternwarten\" alt=\"@Remote-Sternwarten\" loading=\"lazy\" \/>\t\t\t\t\t\t\t\t\t\t\t\t\t<\/div>\n\t\t\t\t<\/div>\n\t\t\t\t\t<\/div>\n\t\t<\/div>\n\t\t\t\t<div class=\"elementor-column elementor-col-50 elementor-top-column elementor-element elementor-element-71066d3\" data-id=\"71066d3\" data-element_type=\"column\">\n\t\t\t<div class=\"elementor-widget-wrap elementor-element-populated\">\n\t\t\t\t\t\t<div class=\"elementor-element elementor-element-a1460ff elementor-widget elementor-widget-image\" data-id=\"a1460ff\" data-element_type=\"widget\" data-widget_type=\"image.default\">\n\t\t\t\t<div class=\"elementor-widget-container\">\n\t\t\t\t\t\t\t\t\t\t\t\t\t<img decoding=\"async\" src=\"https:\/\/www.hakos-astrofarm.com\/de\/wp-content\/uploads\/elementor\/thumbs\/2-Domes-a-e1709219737574-qkj0syswt0r3hn3pj3u0gml8fjqpurznzd17ng0q2o.jpg\" title=\"2-Domes-a\" alt=\"2-Domes-a\" loading=\"lazy\" \/>\t\t\t\t\t\t\t\t\t\t\t\t\t<\/div>\n\t\t\t\t<\/div>\n\t\t\t\t\t<\/div>\n\t\t<\/div>\n\t\t\t\t\t<\/div>\n\t\t<\/section>\n\t\t\t\t<section class=\"elementor-section elementor-top-section elementor-element elementor-element-247eb46 elementor-section-full_width elementor-section-height-default elementor-section-height-default\" data-id=\"247eb46\" data-element_type=\"section\">\n\t\t\t\t\t\t<div class=\"elementor-container elementor-column-gap-default\">\n\t\t\t\t\t<div class=\"elementor-column elementor-col-33 elementor-top-column elementor-element elementor-element-d90635f\" data-id=\"d90635f\" data-element_type=\"column\">\n\t\t\t<div class=\"elementor-widget-wrap elementor-element-populated\">\n\t\t\t\t\t\t<div class=\"elementor-element elementor-element-c5ffd87 elementor-widget elementor-widget-image\" data-id=\"c5ffd87\" data-element_type=\"widget\" data-widget_type=\"image.default\">\n\t\t\t\t<div class=\"elementor-widget-container\">\n\t\t\t\t\t\t\t\t\t\t\t\t\t<img decoding=\"async\" src=\"https:\/\/www.hakos-astrofarm.com\/de\/wp-content\/uploads\/elementor\/thumbs\/Sized-1-1-oep0ji1kb5wqxscbjue8y4za4jcdw3w3aw86yn65fk.jpg\" title=\"@RemoteSternwarten\" alt=\"@RemoteSternwarten\" loading=\"lazy\" \/>\t\t\t\t\t\t\t\t\t\t\t\t\t<\/div>\n\t\t\t\t<\/div>\n\t\t\t\t\t<\/div>\n\t\t<\/div>\n\t\t\t\t<div class=\"elementor-column elementor-col-33 elementor-top-column elementor-element elementor-element-c8e3bfa\" data-id=\"c8e3bfa\" data-element_type=\"column\">\n\t\t\t<div class=\"elementor-widget-wrap elementor-element-populated\">\n\t\t\t\t\t\t<div class=\"elementor-element elementor-element-664134d elementor-widget elementor-widget-image\" data-id=\"664134d\" data-element_type=\"widget\" data-widget_type=\"image.default\">\n\t\t\t\t<div class=\"elementor-widget-container\">\n\t\t\t\t\t\t\t\t\t\t\t\t\t<img decoding=\"async\" src=\"https:\/\/www.hakos-astrofarm.com\/de\/wp-content\/uploads\/elementor\/thumbs\/Remote-oep0ji1kb5wqxscbjue8y4za4jcdw3w3aw86yn65fk.jpg\" title=\"@RemoteSternwarten\" alt=\"@RemoteSternwarten\" loading=\"lazy\" \/>\t\t\t\t\t\t\t\t\t\t\t\t\t<\/div>\n\t\t\t\t<\/div>\n\t\t\t\t\t<\/div>\n\t\t<\/div>\n\t\t\t\t<div class=\"elementor-column elementor-col-33 elementor-top-column elementor-element elementor-element-d9b9fee\" data-id=\"d9b9fee\" data-element_type=\"column\">\n\t\t\t<div class=\"elementor-widget-wrap elementor-element-populated\">\n\t\t\t\t\t\t<div class=\"elementor-element elementor-element-48a5e1e elementor-widget elementor-widget-image\" data-id=\"48a5e1e\" data-element_type=\"widget\" data-widget_type=\"image.default\">\n\t\t\t\t<div class=\"elementor-widget-container\">\n\t\t\t\t\t\t\t\t\t\t\t\t\t<img decoding=\"async\" src=\"https:\/\/www.hakos-astrofarm.com\/de\/wp-content\/uploads\/elementor\/thumbs\/Remote-3-oep0ji1kb5wqxscbjue8y4za4jcdw3w3aw86yn65fk.jpg\" title=\"@RemoteSternwarten\" alt=\"@RemoteSternwarten\" loading=\"lazy\" \/>\t\t\t\t\t\t\t\t\t\t\t\t\t<\/div>\n\t\t\t\t<\/div>\n\t\t\t\t\t<\/div>\n\t\t<\/div>\n\t\t\t\t\t<\/div>\n\t\t<\/section>\n\t\t\t\t<section class=\"elementor-section elementor-top-section elementor-element elementor-element-647aae54 elementor-section-full_width elementor-section-height-default elementor-section-height-default\" data-id=\"647aae54\" data-element_type=\"section\">\n\t\t\t\t\t\t<div class=\"elementor-container elementor-column-gap-default\">\n\t\t\t\t\t<div class=\"elementor-column elementor-col-100 elementor-top-column elementor-element elementor-element-5c591c17\" data-id=\"5c591c17\" data-element_type=\"column\">\n\t\t\t<div class=\"elementor-widget-wrap elementor-element-populated\">\n\t\t\t\t\t\t<div class=\"elementor-element elementor-element-7d6b16d9 elementor-widget elementor-widget-text-editor\" data-id=\"7d6b16d9\" data-element_type=\"widget\" data-widget_type=\"text-editor.default\">\n\t\t\t\t<div class=\"elementor-widget-container\">\n\t\t\t\t\t\t\t<p>Hakos verf\u00fcgt \u00fcber insgesamt 35 Remote-Sternwarten.<br \/>In Phase 1 bauten Waltraud Straube und Friedhelm Hund 19 Sternwarten, davon 17 mit Rolld\u00e4chern und 2 mit 3-Meter-Kuppeln.<br \/>Diese Observatorien werden weiterhin von Waltraud und Friedhelm betrieben.<\/p><p>Das jetzige Managementteam hat inzwischen <a href=\"https:\/\/www.hakos-astrofarm.com\/de\/neue-remote-sternwarten\/\">eine weitere Gruppe von 16 Remote-Sternwarten gebaut<\/a>.<\/p>\t\t\t\t\t\t<\/div>\n\t\t\t\t<\/div>\n\t\t\t\t\t<\/div>\n\t\t<\/div>\n\t\t\t\t\t<\/div>\n\t\t<\/section>\n\t\t\t\t<section class=\"elementor-section elementor-top-section elementor-element elementor-element-2a1b3be elementor-section-full_width elementor-section-height-default elementor-section-height-default\" data-id=\"2a1b3be\" data-element_type=\"section\">\n\t\t\t\t\t\t<div class=\"elementor-container elementor-column-gap-default\">\n\t\t\t\t\t<div class=\"elementor-column elementor-col-100 elementor-top-column elementor-element elementor-element-97778c1\" data-id=\"97778c1\" data-element_type=\"column\">\n\t\t\t<div class=\"elementor-widget-wrap elementor-element-populated\">\n\t\t\t\t\t\t<div class=\"elementor-element elementor-element-0c9dc12 elementor-widget-divider--view-line elementor-widget elementor-widget-divider\" data-id=\"0c9dc12\" data-element_type=\"widget\" data-widget_type=\"divider.default\">\n\t\t\t\t<div class=\"elementor-widget-container\">\n\t\t\t\t\t<div class=\"elementor-divider\">\n\t\t\t<span class=\"elementor-divider-separator\">\n\t\t\t\t\t\t<\/span>\n\t\t<\/div>\n\t\t\t\t<\/div>\n\t\t\t\t<\/div>\n\t\t\t\t\t<\/div>\n\t\t<\/div>\n\t\t\t\t\t<\/div>\n\t\t<\/section>\n\t\t\t\t<section class=\"elementor-section elementor-top-section elementor-element elementor-element-21933af elementor-section-full_width elementor-section-height-default elementor-section-height-default\" data-id=\"21933af\" data-element_type=\"section\">\n\t\t\t\t\t\t<div class=\"elementor-container elementor-column-gap-default\">\n\t\t\t\t\t<div class=\"elementor-column elementor-col-50 elementor-top-column elementor-element elementor-element-109eec7\" data-id=\"109eec7\" data-element_type=\"column\">\n\t\t\t<div class=\"elementor-widget-wrap elementor-element-populated\">\n\t\t\t\t\t\t<div class=\"elementor-element elementor-element-c1cd61e elementor-widget-mobile__width-initial elementor-widget elementor-widget-image\" data-id=\"c1cd61e\" data-element_type=\"widget\" data-widget_type=\"image.default\">\n\t\t\t\t<div class=\"elementor-widget-container\">\n\t\t\t\t\t\t\t\t\t\t\t\t\t<img decoding=\"async\" src=\"https:\/\/www.hakos-astrofarm.com\/de\/wp-content\/uploads\/elementor\/thumbs\/Waltraud-1a-oep0ji1nyq6n08rss4x03qiaxha281o5dd0p93g45y.jpg\" title=\"@Gastgeber Waltraud\" alt=\"@Gastgeber Waltraud\" loading=\"lazy\" \/>\t\t\t\t\t\t\t\t\t\t\t\t\t<\/div>\n\t\t\t\t<\/div>\n\t\t\t\t\t<\/div>\n\t\t<\/div>\n\t\t\t\t<div class=\"elementor-column elementor-col-50 elementor-top-column elementor-element elementor-element-477f6b2\" data-id=\"477f6b2\" data-element_type=\"column\">\n\t\t\t<div class=\"elementor-widget-wrap elementor-element-populated\">\n\t\t\t\t\t\t<div class=\"elementor-element elementor-element-b6fda46 elementor-widget elementor-widget-text-editor\" data-id=\"b6fda46\" data-element_type=\"widget\" data-widget_type=\"text-editor.default\">\n\t\t\t\t<div class=\"elementor-widget-container\">\n\t\t\t\t\t\t\t<p style=\"text-align: center;\"><strong>Waltraud Straube<\/strong><\/p>\n<p style=\"text-align: left;\">Waltraud wurde in Swakopmund\/Namibia geboren und absolvierte ihre Schulzeit in Windhoek. In Kapstadt\/S\u00fcdafrika absolvierte sie eine Ausbildung als Sekret\u00e4rin. Sie entschloss sich dann ins Ausland zu gehen und arbeitete 10 Jahre lang im Pfanniwerk in M\u00fcnchen\/Deutschland als Privatsekret\u00e4rin. Nach weiteren Ausbildungen in Public Relations, als Heilpraktikerin und in Hom\u00f6opathie betreute sie alte and schwerbehinderte Menschen in Wien\/\u00d6sterreich. 1998 kehrte sie zur\u00fcck nach Namibia. Dort stieg sie in den G\u00e4stebetrieb ihres inzwischen verstorbenen Vaters <a href=\"http:\/\/www.hakos-astrofarm.com\/de\/farm-geschichte\/\">Walter Straube<\/a> auf der Farm Hakos ein.<br \/>Bis Februar 2024 leitete sie mit Friedhelm den G\u00e4stebetrieb auf Hakos.<\/p>\t\t\t\t\t\t<\/div>\n\t\t\t\t<\/div>\n\t\t\t\t\t<\/div>\n\t\t<\/div>\n\t\t\t\t\t<\/div>\n\t\t<\/section>\n\t\t\t\t<section class=\"elementor-section elementor-top-section elementor-element elementor-element-8e2ad9f elementor-section-full_width elementor-section-height-default elementor-section-height-default\" data-id=\"8e2ad9f\" data-element_type=\"section\">\n\t\t\t\t\t\t<div class=\"elementor-container elementor-column-gap-default\">\n\t\t\t\t\t<div class=\"elementor-column elementor-col-100 elementor-top-column elementor-element elementor-element-6c11de2\" data-id=\"6c11de2\" data-element_type=\"column\">\n\t\t\t<div class=\"elementor-widget-wrap elementor-element-populated\">\n\t\t\t\t\t\t<div class=\"elementor-element elementor-element-533ba9e elementor-widget-divider--view-line elementor-widget elementor-widget-divider\" data-id=\"533ba9e\" data-element_type=\"widget\" data-widget_type=\"divider.default\">\n\t\t\t\t<div class=\"elementor-widget-container\">\n\t\t\t\t\t<div class=\"elementor-divider\">\n\t\t\t<span class=\"elementor-divider-separator\">\n\t\t\t\t\t\t<\/span>\n\t\t<\/div>\n\t\t\t\t<\/div>\n\t\t\t\t<\/div>\n\t\t\t\t\t<\/div>\n\t\t<\/div>\n\t\t\t\t\t<\/div>\n\t\t<\/section>\n\t\t\t\t<section class=\"elementor-section elementor-top-section elementor-element elementor-element-e88887b elementor-section-full_width elementor-section-height-default elementor-section-height-default\" data-id=\"e88887b\" data-element_type=\"section\">\n\t\t\t\t\t\t<div class=\"elementor-container elementor-column-gap-default\">\n\t\t\t\t\t<div class=\"elementor-column elementor-col-50 elementor-top-column elementor-element elementor-element-60d8b81\" data-id=\"60d8b81\" data-element_type=\"column\">\n\t\t\t<div class=\"elementor-widget-wrap elementor-element-populated\">\n\t\t\t\t\t\t<div class=\"elementor-element elementor-element-e7a3b8d elementor-widget elementor-widget-image\" data-id=\"e7a3b8d\" data-element_type=\"widget\" data-widget_type=\"image.default\">\n\t\t\t\t<div class=\"elementor-widget-container\">\n\t\t\t\t\t\t\t\t\t\t\t\t\t<img decoding=\"async\" src=\"https:\/\/www.hakos-astrofarm.com\/de\/wp-content\/uploads\/elementor\/thumbs\/Sized--oep0ji1nyq6n08rss4x03qiaxha281o5dd0p93g45y.jpg\" title=\"@Gastgeber Friedhelm\" alt=\"@Gastgeber Friedhelm\" loading=\"lazy\" \/>\t\t\t\t\t\t\t\t\t\t\t\t\t<\/div>\n\t\t\t\t<\/div>\n\t\t\t\t\t<\/div>\n\t\t<\/div>\n\t\t\t\t<div class=\"elementor-column elementor-col-50 elementor-top-column elementor-element elementor-element-f79066e\" data-id=\"f79066e\" data-element_type=\"column\">\n\t\t\t<div class=\"elementor-widget-wrap elementor-element-populated\">\n\t\t\t\t\t\t<div class=\"elementor-element elementor-element-40f1baa elementor-widget elementor-widget-text-editor\" data-id=\"40f1baa\" data-element_type=\"widget\" data-widget_type=\"text-editor.default\">\n\t\t\t\t<div class=\"elementor-widget-container\">\n\t\t\t\t\t\t\t<p style=\"text-align: center;\" align=\"center\"><strong>Friedhelm Hund<\/strong><\/p>\n<p>Friedhelm wurde in Deutschland geboren und verbrachte dort auch seine Schulzeit. Bei der Firma G\u00f6rlitz AG in Koblenz war er Leiter der Software Entwicklung. Seit 1990 besch\u00e4ftigt er sich mit Astronomie und er bereiste seit 1996 regelm\u00e4\u03b2ig das s\u00fcdliche Afrika. Seit 2000 ist Friedhelm als Lebenspartner von Waltraud permanent auf Hakos. Vorkenntnisse im Bereich der Elektrotechnik und System Integration erm\u00f6glichten ihm den Entwurf, die Installation und Betreuung von Remote Sternwarten.<br \/>Bis Februar 2024 hatte er auch die technische Leitung der G\u00e4stefarm, betreute zus\u00e4tzlich die Astro-G\u00e4ste, Sternwarten und machte Sternf\u00fchrungen.<\/p>\t\t\t\t\t\t<\/div>\n\t\t\t\t<\/div>\n\t\t\t\t\t<\/div>\n\t\t<\/div>\n\t\t\t\t\t<\/div>\n\t\t<\/section>\n\t\t\t\t<\/div>\n\t\t","protected":false},"excerpt":{"rendered":"<p>Hakos verf\u00fcgt \u00fcber insgesamt 35 Remote-Sternwarten.In Phase 1 bauten Waltraud Straube und Friedhelm Hund 19 Sternwarten, davon 17 mit Rolld\u00e4chern und 2 mit 3-Meter-Kuppeln.Diese Observatorien werden weiterhin von Waltraud und Friedhelm betrieben. Das jetzige&#46;&#46;&#46;<\/p>\n","protected":false},"author":2,"featured_media":0,"parent":0,"menu_order":0,"comment_status":"closed","ping_status":"closed","template":"","meta":{"jetpack_post_was_ever_published":false},"aioseo_notices":[],"jetpack_sharing_enabled":true,"jetpack_shortlink":"https:\/\/wp.me\/PapiHE-5W","_links":{"self":[{"href":"https:\/\/www.hakos-astrofarm.com\/de\/wp-json\/wp\/v2\/pages\/368"}],"collection":[{"href":"https:\/\/www.hakos-astrofarm.com\/de\/wp-json\/wp\/v2\/pages"}],"about":[{"href":"https:\/\/www.hakos-astrofarm.com\/de\/wp-json\/wp\/v2\/types\/page"}],"author":[{"embeddable":true,"href":"https:\/\/www.hakos-astrofarm.com\/de\/wp-json\/wp\/v2\/users\/2"}],"replies":[{"embeddable":true,"href":"https:\/\/www.hakos-astrofarm.com\/de\/wp-json\/wp\/v2\/comments?post=368"}],"version-history":[{"count":44,"href":"https:\/\/www.hakos-astrofarm.com\/de\/wp-json\/wp\/v2\/pages\/368\/revisions"}],"predecessor-version":[{"id":4107,"href":"https:\/\/www.hakos-astrofarm.com\/de\/wp-json\/wp\/v2\/pages\/368\/revisions\/4107"}],"wp:attachment":[{"href":"https:\/\/www.hakos-astrofarm.com\/de\/wp-json\/wp\/v2\/media?parent=368"}],"curies":[{"name":"wp","href":"https:\/\/api.w.org\/{rel}","templated":true}]}}