{"id":3849,"date":"2025-05-08T07:10:09","date_gmt":"2025-05-08T05:10:09","guid":{"rendered":"https:\/\/www.hakos-astrofarm.com\/de\/?page_id=3849"},"modified":"2025-05-09T06:19:57","modified_gmt":"2025-05-09T04:19:57","slug":"info-zu-unserem-astro-angebot","status":"publish","type":"page","link":"https:\/\/www.hakos-astrofarm.com\/de\/info-zu-unserem-astro-angebot\/","title":{"rendered":"Info zu unserem Astro-Angebot"},"content":{"rendered":"\n\n\n<p>Seit dem 01. M\u00e4rz 2024 hat ein neues Team innerhalb der Straube-Familie den G\u00e4stebetrieb \u00fcbernommen. In der Zwischenzeit ist sehr viel passiert. Die Zimmer wurden renoviert, wir bauen jetzt gerade 16 neue Remotesternwarten und auch das Angebot auf astronomischem Gebiet hat sich erweitert. Da im Augenblick die Priorit\u00e4t auf der Fertigstellung der Remotesternwarten und der guten Betreuung unserer Astrog\u00e4ste in den anstehenden Monaten liegt, spiegelt sich die Erweiterung unsereres Ger\u00e4teangebotes noch nicht im Astroteil der Webseite wieder. Die Webseite zeigt noch den Zustand bei der \u00dcbernahme des G\u00e4stebetriebes.<br>Aufgrund von sehr positivem Echo in unserer ersten Astrosaison 2024 mussten wir zwei neue, grosse Beobachtungsplattformen dazu bauen, um den Astrog\u00e4sten in diesem Jahr gen\u00fcgend Teleskopstellpl\u00e4tze mit S\u00e4ulen anbieten zu k\u00f6nnen.<br>Zus\u00e4tzlich zu den auf der Webseite aufgef\u00fchrten Ger\u00e4ten bieten wir u.a. noch folgendes an:<\/p>\n\n\n\n<p><strong>Montierungen:<br><\/strong>10Micron GM1000<br>iOPtron CEM60<br>Celestron CGE Pro<br>Celestron CGE<\/p>\n\n\n\n<p><strong>Teleskope:<br><\/strong>Celestron 9.25 EdgeHD mit folgendem Zubeh\u00f6r:<br>Hyperstar mit Filterschublade und Filtern L,R,G,B, H-alpha, OIII, SII. Die Schmallbandfilter sind speziell f\u00fcr das \u00d6ffnungsverh\u00e4ltnis vom Hyperstar berechnet. Dazu passend ASI183MM Pro mit kleinen Pixeln (2,4 micron)<br>0.7 Reducer<br>Das C9.25 kann mit Celestron Motor-Fokussierer oder mit PrimaLuce Esatto 2\u201d-Fokusierer benutzt werden.<\/p>\n\n\n\n<p><strong>Kameras:<br><\/strong>ASI120<br>ASI290<br>ASI174<br>ASI183MM Pro<br>ASI6200MM Pro (Vollformat)<br>ASI662MC (Planetenkamera)<\/p>\n\n\n\n<p><strong>Sonstiges Zubeh\u00f6r:<br><\/strong>ZWO Filterrad&nbsp; 2\u201d mit L, R, G, B, H-alpha (7nm), OIII (8.5nm), SII (8 nm)<br>ZWO Filterrad&nbsp; 2\u201d mit H-alpha (3.5nm), OIII (4.5nm), SII (4.5nm) <br>Off-Axis-Guider<\/p>\n\n\n\n<p>Baader FFC (Fluorit Flatfield Converter FFC 3x bis 8x Barlow) f\u00fcr lange Brennweiten<\/p>\n\n\n\n<p>Weitere Ger\u00e4te sind in der Vorbereitung.<br>F\u00fcr Informationen wie Verf\u00fcgbarkeit und Mietpreis nehmen Sie bitte Kontakt mit uns auf.<\/p>\n","protected":false},"excerpt":{"rendered":"<p>Seit dem 01. M\u00e4rz 2024 hat ein neues Team innerhalb der Straube-Familie den G\u00e4stebetrieb \u00fcbernommen. In der Zwischenzeit ist sehr viel passiert. Die Zimmer wurden renoviert, wir bauen jetzt gerade 16 neue Remotesternwarten und&#46;&#46;&#46;<\/p>\n","protected":false},"author":1,"featured_media":0,"parent":0,"menu_order":0,"comment_status":"closed","ping_status":"closed","template":"","meta":{"jetpack_post_was_ever_published":false},"aioseo_notices":[],"jetpack_sharing_enabled":true,"jetpack_shortlink":"https:\/\/wp.me\/PapiHE-105","_links":{"self":[{"href":"https:\/\/www.hakos-astrofarm.com\/de\/wp-json\/wp\/v2\/pages\/3849"}],"collection":[{"href":"https:\/\/www.hakos-astrofarm.com\/de\/wp-json\/wp\/v2\/pages"}],"about":[{"href":"https:\/\/www.hakos-astrofarm.com\/de\/wp-json\/wp\/v2\/types\/page"}],"author":[{"embeddable":true,"href":"https:\/\/www.hakos-astrofarm.com\/de\/wp-json\/wp\/v2\/users\/1"}],"replies":[{"embeddable":true,"href":"https:\/\/www.hakos-astrofarm.com\/de\/wp-json\/wp\/v2\/comments?post=3849"}],"version-history":[{"count":2,"href":"https:\/\/www.hakos-astrofarm.com\/de\/wp-json\/wp\/v2\/pages\/3849\/revisions"}],"predecessor-version":[{"id":3852,"href":"https:\/\/www.hakos-astrofarm.com\/de\/wp-json\/wp\/v2\/pages\/3849\/revisions\/3852"}],"wp:attachment":[{"href":"https:\/\/www.hakos-astrofarm.com\/de\/wp-json\/wp\/v2\/media?parent=3849"}],"curies":[{"name":"wp","href":"https:\/\/api.w.org\/{rel}","templated":true}]}}