{"id":8,"date":"2018-10-09T07:01:42","date_gmt":"2018-10-09T05:01:42","guid":{"rendered":"http:\/\/www.hakos-astrofarm.com\/de\/?page_id=8"},"modified":"2024-03-01T01:05:00","modified_gmt":"2024-02-29T23:05:00","slug":"startseite","status":"publish","type":"page","link":"https:\/\/www.hakos-astrofarm.com\/de\/","title":{"rendered":"\u2026..  die HAKOSBERGE rufen"},"content":{"rendered":"<div class=\"wp-block-image\">\n<figure class=\"aligncenter size-large\"><a href=\"https:\/\/www.hakos-astrofarm.com\/de\/gastgeber\/\"><img fetchpriority=\"high\" decoding=\"async\" width=\"1024\" height=\"516\" src=\"https:\/\/www.hakos-astrofarm.com\/de\/wp-content\/uploads\/2024\/03\/Home-de-2-1024x516.jpg\" alt=\"\" class=\"wp-image-3544\" srcset=\"https:\/\/www.hakos-astrofarm.com\/de\/wp-content\/uploads\/2024\/03\/Home-de-2-1024x516.jpg 1024w, https:\/\/www.hakos-astrofarm.com\/de\/wp-content\/uploads\/2024\/03\/Home-de-2-300x151.jpg 300w, https:\/\/www.hakos-astrofarm.com\/de\/wp-content\/uploads\/2024\/03\/Home-de-2-768x387.jpg 768w, https:\/\/www.hakos-astrofarm.com\/de\/wp-content\/uploads\/2024\/03\/Home-de-2-1536x773.jpg 1536w, https:\/\/www.hakos-astrofarm.com\/de\/wp-content\/uploads\/2024\/03\/Home-de-2.jpg 2000w\" sizes=\"(max-width: 1024px) 100vw, 1024px\" \/><\/a><\/figure><\/div>\n\n\n<p class=\"has-text-align-center\"><br><span style=\"color: #786129;\">Herzlich Willkommen auf der Grossen Randstufe Namibias!<\/span><\/p>\n\n\n\n<p class=\"has-text-align-center\"><span style=\"color: #786129;\">Farm Hakos liegt im Bergland zwischen dem Savanna-Hochplateau und der&nbsp;Namib-W\u00fcste&nbsp;und wird von dem 2000 m hohen Hakos-Gebirge \u00fcberragt.&nbsp; Das schroffe Faltengebirge l\u00e4dt zu Wanderungen ein und der Blick&nbsp;in die Namib-W\u00fcste&nbsp;l\u00e4sst die unendlichen Weiten dieses Landes erkennen.<\/span><\/p>\n\n\n\n<p class=\"has-text-align-center\"><span style=\"color: #786129;\">Auf unserer Astro-G\u00e4ste-Farm l\u00e4uft die Zeit noch etwas anders.&nbsp; Wir sind ein autarker Betrieb mit einer famili\u00e4ren Atmosph\u00e4re.&nbsp; <\/span><\/p>\n\n\n\n<p class=\"has-text-align-center\"><span style=\"color: #786129;\">\u2026&nbsp; f\u00fcr Astronomen offenbart sich ein brillianter Nachthimmel<\/span><\/p>\n\n\n\n<p class=\"has-text-align-center\"><span style=\"color: #786129;\">\u2026&nbsp; f\u00fcr Reisende ein grandioses Landschafts-Erlebnis<\/span><\/p>\n\n\n\n<p class=\"has-text-align-center\"><span style=\"color: #786129;\">\u2026&nbsp; f\u00fcr Geologen Millionen Jahre Erdgeschichte am W\u00fcstenrand<\/span><\/p>\n","protected":false},"excerpt":{"rendered":"<p>Herzlich Willkommen auf der Grossen Randstufe Namibias! Farm Hakos liegt im Bergland zwischen dem Savanna-Hochplateau und der&nbsp;Namib-W\u00fcste&nbsp;und wird von dem 2000 m hohen Hakos-Gebirge \u00fcberragt.&nbsp; Das schroffe Faltengebirge l\u00e4dt zu Wanderungen ein und der&#46;&#46;&#46;<\/p>\n","protected":false},"author":1,"featured_media":0,"parent":0,"menu_order":0,"comment_status":"closed","ping_status":"closed","template":"","meta":{"jetpack_post_was_ever_published":false},"aioseo_notices":[],"jetpack_sharing_enabled":true,"jetpack_shortlink":"https:\/\/wp.me\/PapiHE-8","_links":{"self":[{"href":"https:\/\/www.hakos-astrofarm.com\/de\/wp-json\/wp\/v2\/pages\/8"}],"collection":[{"href":"https:\/\/www.hakos-astrofarm.com\/de\/wp-json\/wp\/v2\/pages"}],"about":[{"href":"https:\/\/www.hakos-astrofarm.com\/de\/wp-json\/wp\/v2\/types\/page"}],"author":[{"embeddable":true,"href":"https:\/\/www.hakos-astrofarm.com\/de\/wp-json\/wp\/v2\/users\/1"}],"replies":[{"embeddable":true,"href":"https:\/\/www.hakos-astrofarm.com\/de\/wp-json\/wp\/v2\/comments?post=8"}],"version-history":[{"count":29,"href":"https:\/\/www.hakos-astrofarm.com\/de\/wp-json\/wp\/v2\/pages\/8\/revisions"}],"predecessor-version":[{"id":3551,"href":"https:\/\/www.hakos-astrofarm.com\/de\/wp-json\/wp\/v2\/pages\/8\/revisions\/3551"}],"wp:attachment":[{"href":"https:\/\/www.hakos-astrofarm.com\/de\/wp-json\/wp\/v2\/media?parent=8"}],"curies":[{"name":"wp","href":"https:\/\/api.w.org\/{rel}","templated":true}]}}